{"id":26322,"date":"2024-11-15T10:31:06","date_gmt":"2024-11-15T10:31:06","guid":{"rendered":"https:\/\/avesaguiar.ch\/datenschutzrichtlinie\/"},"modified":"2025-12-04T13:43:48","modified_gmt":"2025-12-04T13:43:48","slug":"datenschutzrichtlinie","status":"publish","type":"page","link":"https:\/\/avesaguiar.ch\/de\/datenschutzrichtlinie\/","title":{"rendered":"Datenschutzrichtlinie"},"content":{"rendered":"\n<p><strong>Datenschutz und Sicherheit<\/strong><br\/>Ihre pers\u00f6nlichen Daten werden nur f\u00fcr interne Zwecke und zur Bearbeitung Ihrer Bestellung verwendet.<\/p>\n\n<p>Wir geben Ihren Namen, Ihre Adresse, get\u00e4tigte Eink\u00e4ufe und andere Informationen zu Ihrer Person nicht an Dritte weiter.<\/p>\n\n<p>Die Daten Ihrer Kreditkarte werden zur Bearbeitung Ihrer Bestellung verschl\u00fcsselt an den Betreiber der Zahlungsschnittstelle (Paypel, Solutions) weitergeleitet. Die Daten Ihrer Kreditkarte werden zu keinem Zeitpunkt bei uns gespeichert (direkte \u00dcbertragung \u00fcber eine externe Schnittstelle &#8211; www.avesaguiar.ch).<\/p>\n\n<p><\/p>\n","protected":false},"excerpt":{"rendered":"<p>Datenschutz und SicherheitIhre pers\u00f6nlichen Daten werden nur f\u00fcr interne Zwecke und zur Bearbeitung Ihrer Bestellung verwendet. Wir geben Ihren Namen, Ihre Adresse, get\u00e4tigte Eink\u00e4ufe und andere Informationen zu Ihrer Person nicht an Dritte weiter. Die Daten Ihrer Kreditkarte werden zur Bearbeitung Ihrer Bestellung verschl\u00fcsselt an den Betreiber der Zahlungsschnittstelle (Paypel, Solutions) weitergeleitet. Die Daten Ihrer [&hellip;]<\/p>\n","protected":false},"author":1,"featured_media":0,"parent":0,"menu_order":0,"comment_status":"closed","ping_status":"open","template":"","meta":{"footnotes":""},"class_list":["post-26322","page","type-page","status-publish","hentry"],"jetpack_sharing_enabled":true,"_links":{"self":[{"href":"https:\/\/avesaguiar.ch\/de\/wp-json\/wp\/v2\/pages\/26322","targetHints":{"allow":["GET"]}}],"collection":[{"href":"https:\/\/avesaguiar.ch\/de\/wp-json\/wp\/v2\/pages"}],"about":[{"href":"https:\/\/avesaguiar.ch\/de\/wp-json\/wp\/v2\/types\/page"}],"author":[{"embeddable":true,"href":"https:\/\/avesaguiar.ch\/de\/wp-json\/wp\/v2\/users\/1"}],"replies":[{"embeddable":true,"href":"https:\/\/avesaguiar.ch\/de\/wp-json\/wp\/v2\/comments?post=26322"}],"version-history":[{"count":1,"href":"https:\/\/avesaguiar.ch\/de\/wp-json\/wp\/v2\/pages\/26322\/revisions"}],"predecessor-version":[{"id":26323,"href":"https:\/\/avesaguiar.ch\/de\/wp-json\/wp\/v2\/pages\/26322\/revisions\/26323"}],"wp:attachment":[{"href":"https:\/\/avesaguiar.ch\/de\/wp-json\/wp\/v2\/media?parent=26322"}],"curies":[{"name":"wp","href":"https:\/\/api.w.org\/{rel}","templated":true}]}}