{"id":26385,"date":"2025-11-24T09:43:48","date_gmt":"2025-11-24T09:43:48","guid":{"rendered":"https:\/\/avesaguiar.ch\/produit\/spielzeug-fuer-voegel-java-schaukel-small\/"},"modified":"2025-11-24T09:43:48","modified_gmt":"2025-11-24T09:43:48","slug":"spielzeug-fuer-voegel-java-schaukel-small","status":"publish","type":"product","link":"https:\/\/avesaguiar.ch\/de\/produit\/spielzeug-fuer-voegel-java-schaukel-small\/","title":{"rendered":"SPIELZEUG F\u00dcR V\u00d6GEL JAVA SCHAUKEL SMALL"},"content":{"rendered":"<h1 class=\"root___e0mAF collapsed___tnXms\">Spielzeug aus Naturholz<\/h1>\n<h3 class=\"root___e0mAF collapsed___tnXms\">F\u00fcr gro\u00dfe und mittelgro\u00dfe V\u00f6gel Java Schaukel, sicheres und umweltfreundliches Spielzeug f\u00fcr V\u00f6gel.<\/h3>\n","protected":false},"excerpt":{"rendered":"<p>Spielzeug aus Naturholz F\u00fcr gro\u00dfe und mittelgro\u00dfe V\u00f6gel Java Schaukel, sicheres und umweltfreundliches Spielzeug f\u00fcr V\u00f6gel.<\/p>\n","protected":false},"featured_media":26088,"comment_status":"open","ping_status":"closed","template":"","meta":[],"product_brand":[],"product_cat":[220,254],"product_tag":[],"class_list":{"0":"post-26385","1":"product","2":"type-product","3":"status-publish","4":"has-post-thumbnail","6":"product_cat-spielzeug","7":"product_cat-vogel","8":"product_shipping_class-postpac-economy-2kg","11":"first","12":"instock","13":"shipping-taxable","14":"purchasable","15":"product-type-simple"},"jetpack_sharing_enabled":true,"_links":{"self":[{"href":"https:\/\/avesaguiar.ch\/de\/wp-json\/wp\/v2\/product\/26385","targetHints":{"allow":["GET"]}}],"collection":[{"href":"https:\/\/avesaguiar.ch\/de\/wp-json\/wp\/v2\/product"}],"about":[{"href":"https:\/\/avesaguiar.ch\/de\/wp-json\/wp\/v2\/types\/product"}],"replies":[{"embeddable":true,"href":"https:\/\/avesaguiar.ch\/de\/wp-json\/wp\/v2\/comments?post=26385"}],"wp:featuredmedia":[{"embeddable":true,"href":"https:\/\/avesaguiar.ch\/de\/wp-json\/wp\/v2\/media\/26088"}],"wp:attachment":[{"href":"https:\/\/avesaguiar.ch\/de\/wp-json\/wp\/v2\/media?parent=26385"}],"wp:term":[{"taxonomy":"product_brand","embeddable":true,"href":"https:\/\/avesaguiar.ch\/de\/wp-json\/wp\/v2\/product_brand?post=26385"},{"taxonomy":"product_cat","embeddable":true,"href":"https:\/\/avesaguiar.ch\/de\/wp-json\/wp\/v2\/product_cat?post=26385"},{"taxonomy":"product_tag","embeddable":true,"href":"https:\/\/avesaguiar.ch\/de\/wp-json\/wp\/v2\/product_tag?post=26385"}],"curies":[{"name":"wp","href":"https:\/\/api.w.org\/{rel}","templated":true}]}}