{"id":26396,"date":"2025-11-24T09:58:08","date_gmt":"2025-11-24T09:58:08","guid":{"rendered":"https:\/\/avesaguiar.ch\/produit\/spielzeug-fuer-voegel-sisalkordel-zigzag-medium\/"},"modified":"2025-11-24T09:58:08","modified_gmt":"2025-11-24T09:58:08","slug":"spielzeug-fuer-voegel-sisalkordel-zigzag-medium","status":"publish","type":"product","link":"https:\/\/avesaguiar.ch\/de\/produit\/spielzeug-fuer-voegel-sisalkordel-zigzag-medium\/","title":{"rendered":"SPIELZEUG F\u00dcR V\u00d6GEL SISALKORDEL ZIGZAG MEDIUM"},"content":{"rendered":"<p>Sitzstange aus Seil mit Befestigung, so dass Sie sie \u00fcberall aufstellen k\u00f6nnen.<\/p>\n<p>Kann verschiedene Formen annehmen, um die Sitzstangen in der Natur zu imitieren, die verschiedene Formen haben.<\/p>\n<p>Als Erg\u00e4nzung zu den traditionellen Sitzstangen.<\/p>\n","protected":false},"excerpt":{"rendered":"<p>Sitzstange aus Seil mit Befestigung, so dass Sie sie \u00fcberall aufstellen k\u00f6nnen. Kann verschiedene Formen annehmen, um die Sitzstangen in der Natur zu imitieren, die verschiedene Formen haben. Als Erg\u00e4nzung zu den traditionellen Sitzstangen.<\/p>\n","protected":false},"featured_media":26095,"comment_status":"open","ping_status":"closed","template":"","meta":[],"product_brand":[187],"product_cat":[220],"product_tag":[],"class_list":{"0":"post-26396","1":"product","2":"type-product","3":"status-publish","4":"has-post-thumbnail","6":"product_brand-kinlys","7":"product_cat-spielzeug","8":"product_shipping_class-postpac-economy-900g","11":"first","12":"instock","13":"shipping-taxable","14":"purchasable","15":"product-type-simple"},"jetpack_sharing_enabled":true,"_links":{"self":[{"href":"https:\/\/avesaguiar.ch\/de\/wp-json\/wp\/v2\/product\/26396","targetHints":{"allow":["GET"]}}],"collection":[{"href":"https:\/\/avesaguiar.ch\/de\/wp-json\/wp\/v2\/product"}],"about":[{"href":"https:\/\/avesaguiar.ch\/de\/wp-json\/wp\/v2\/types\/product"}],"replies":[{"embeddable":true,"href":"https:\/\/avesaguiar.ch\/de\/wp-json\/wp\/v2\/comments?post=26396"}],"wp:featuredmedia":[{"embeddable":true,"href":"https:\/\/avesaguiar.ch\/de\/wp-json\/wp\/v2\/media\/26095"}],"wp:attachment":[{"href":"https:\/\/avesaguiar.ch\/de\/wp-json\/wp\/v2\/media?parent=26396"}],"wp:term":[{"taxonomy":"product_brand","embeddable":true,"href":"https:\/\/avesaguiar.ch\/de\/wp-json\/wp\/v2\/product_brand?post=26396"},{"taxonomy":"product_cat","embeddable":true,"href":"https:\/\/avesaguiar.ch\/de\/wp-json\/wp\/v2\/product_cat?post=26396"},{"taxonomy":"product_tag","embeddable":true,"href":"https:\/\/avesaguiar.ch\/de\/wp-json\/wp\/v2\/product_tag?post=26396"}],"curies":[{"name":"wp","href":"https:\/\/api.w.org\/{rel}","templated":true}]}}