{"id":26409,"date":"2025-11-23T15:09:46","date_gmt":"2025-11-23T15:09:46","guid":{"rendered":"https:\/\/avesaguiar.ch\/produit\/beyers-olympia-51-zucht-sport-first-class-20-kg\/"},"modified":"2025-11-23T15:09:46","modified_gmt":"2025-11-23T15:09:46","slug":"beyers-olympia-51-zucht-sport-first-class-20-kg","status":"publish","type":"product","link":"https:\/\/avesaguiar.ch\/de\/produit\/beyers-olympia-51-zucht-sport-first-class-20-kg\/","title":{"rendered":"Beyers-Olympia 51 &#8211; Zucht &amp; Sport First Class 20 kg"},"content":{"rendered":"<h2>Olympia 51 &#8211; Zucht &amp; Sport First Class &#8211; 20 kg<\/h2>\n<ul>\n<li>Einzigartige Mischung f\u00fcr Zucht und Sport, ohne Erbsen, Mais und Sorghum.<\/li>\n<li>Durch die Verwendung von alternativen Proteinquellen (Wicken, ger\u00f6stete Sojabohnen, Linsen und Katjang Idjoe) bietet diese Mischung ein einzigartiges Aminos\u00e4urenmuster. Die Verwendung von extra wei\u00dfem Dari anstelle von rotem Sorghum erh\u00f6ht den N\u00e4hrwert aufgrund der vorteilhaften Aminos\u00e4urestruktur von extra wei\u00dfem Dari erheblich.<\/li>\n<li>In der Praxis sehen wir auch gute Zuchtergebnisse, wenn diese Mischung mit Zuchtmischungen wie <strong>PREMIUM SUPER<\/strong> <strong>ZUCHT<\/strong> oder <strong>OLYMPIA 49 &#8211; ZUCHT &amp; Jungv\u00f6gel MIT KLEINEM MAIS<\/strong> kombiniert wird. Das beste Verh\u00e4ltnis scheint hier 2\/3 traditionelle Mischung und 1\/3 Zucht und<strong>OLYMPIA 51 &#8211; ELEVAGE &amp; SPORT FIRST CLASS<\/strong> zu sein.<\/li>\n<\/ul>\n<h2>Zusammensetzung<\/h2>\n<p>Wei\u00dfer Dari &#8211; Wei\u00dfer Weizen &#8211; Wicken &#8211; Herzblatt &#8211; gesch\u00e4lter Hafer &#8211; Hanf &#8211; gedrehte Sojabohnen &#8211; Linsen &#8211; Katjang Idjoe &#8211; wei\u00dfe Hirse &#8211; Paddy-Reis<\/p>\n<h2>Analytische Bestandteile<\/h2>\n<p>Kohlenhydrate 43,3 % &#8211; Rohprotein 16,6 % &#8211; Rohfett 8,8 % &#8211; Rohfaser 7,9 % &#8211; Rohasche 2,6 % &#8211; Lysin 0,75% &#8211; Phosphor 0,35% &#8211; Methionin 0,24% &#8211; Kalzium 0,14%.<\/p>\n","protected":false},"excerpt":{"rendered":"<p>Olympia 51 &#8211; Zucht &amp; Sport First Class &#8211; 20 kg Einzigartige Mischung f\u00fcr Zucht und Sport, ohne Erbsen, Mais und Sorghum. Durch die Verwendung von alternativen Proteinquellen (Wicken, ger\u00f6stete Sojabohnen, Linsen und Katjang Idjoe) bietet diese Mischung ein einzigartiges Aminos\u00e4urenmuster. Die Verwendung von extra wei\u00dfem Dari anstelle von rotem Sorghum erh\u00f6ht den N\u00e4hrwert aufgrund [&hellip;]<\/p>\n","protected":false},"featured_media":25984,"comment_status":"open","ping_status":"closed","template":"","meta":[],"product_brand":[182],"product_cat":[218],"product_tag":[],"class_list":{"0":"post-26409","1":"product","2":"type-product","3":"status-publish","4":"has-post-thumbnail","6":"product_brand-beyers","7":"product_cat-lebensmittel","8":"product_shipping_class-postpac-economy-30kg","11":"first","12":"instock","13":"sale","14":"shipping-taxable","15":"purchasable","16":"product-type-simple"},"jetpack_sharing_enabled":true,"_links":{"self":[{"href":"https:\/\/avesaguiar.ch\/de\/wp-json\/wp\/v2\/product\/26409","targetHints":{"allow":["GET"]}}],"collection":[{"href":"https:\/\/avesaguiar.ch\/de\/wp-json\/wp\/v2\/product"}],"about":[{"href":"https:\/\/avesaguiar.ch\/de\/wp-json\/wp\/v2\/types\/product"}],"replies":[{"embeddable":true,"href":"https:\/\/avesaguiar.ch\/de\/wp-json\/wp\/v2\/comments?post=26409"}],"wp:featuredmedia":[{"embeddable":true,"href":"https:\/\/avesaguiar.ch\/de\/wp-json\/wp\/v2\/media\/25984"}],"wp:attachment":[{"href":"https:\/\/avesaguiar.ch\/de\/wp-json\/wp\/v2\/media?parent=26409"}],"wp:term":[{"taxonomy":"product_brand","embeddable":true,"href":"https:\/\/avesaguiar.ch\/de\/wp-json\/wp\/v2\/product_brand?post=26409"},{"taxonomy":"product_cat","embeddable":true,"href":"https:\/\/avesaguiar.ch\/de\/wp-json\/wp\/v2\/product_cat?post=26409"},{"taxonomy":"product_tag","embeddable":true,"href":"https:\/\/avesaguiar.ch\/de\/wp-json\/wp\/v2\/product_tag?post=26409"}],"curies":[{"name":"wp","href":"https:\/\/api.w.org\/{rel}","templated":true}]}}