{"id":26410,"date":"2025-11-23T15:04:53","date_gmt":"2025-11-23T15:04:53","guid":{"rendered":"https:\/\/avesaguiar.ch\/produit\/beyers-olympia-48-zucht-jungtauben-ohne-mais-25-kg\/"},"modified":"2025-11-23T15:04:53","modified_gmt":"2025-11-23T15:04:53","slug":"beyers-olympia-48-zucht-jungtauben-ohne-mais-25-kg","status":"publish","type":"product","link":"https:\/\/avesaguiar.ch\/de\/produit\/beyers-olympia-48-zucht-jungtauben-ohne-mais-25-kg\/","title":{"rendered":"Beyers-Olympia 48 &#8211; Zucht &amp; Jungtauben (ohne Mais) 25 kg"},"content":{"rendered":"<div class=\"grid_100\">\n<h2>Olympia 48 &#8211; Zucht &amp; Jungtauben (ohne Mais) &#8211; 25 kg<\/h2>\n<ul>\n<li>Hochwertige, maisfreie Mischung f\u00fcr Zuchttauben und Jungtauben mit dem Zusatz von rotem Sorghum und Dari mit h\u00f6herem Proteingehalt als Mais.<\/li>\n<li>Die 38,5 % H\u00fclsenfr\u00fcchte (Dunpea-Erbsen, gr\u00fcne Erbsen, Wicken, gelbe Erbsen und Winterpea-Erbsen) sorgen f\u00fcr das richtige Gleichgewicht der Proteine, die Ihre Tauben w\u00e4hrend der Aufzuchtperiode ben\u00f6tigen.<\/li>\n<li>Ideal f\u00fcr die Aufzucht und Entwicklung von Jungtauben.<\/li>\n<\/ul>\n<div class=\"\">\n<div class=\"\">\n<h2>Zusammensetzung<\/h2>\n<div class=\"\">\n<p>Wei\u00dfer Weizen &#8211; rote Sorghumhirse &#8211; Dari &#8211; Dunpeas &#8211; Wicken &#8211; gr\u00fcne Erbsen &#8211; Karden &#8211; gelbe Erbsen &#8211; Leinsamen &#8211; gestreifte Sonnenblumen &#8211; Winterpeas &#8211; Raps<\/p>\n<\/div>\n<\/div>\n<\/div>\n<div class=\"\">\n<div class=\"\">\n<h2>Analytische Bestandteile<\/h2>\n<div class=\"\">\n<p>Kohlenhydrate 53,86% &#8211; Rohprotein 16,00% &#8211; Rohfaser 5,84% &#8211; Rohfett 5,01% &#8211; Rohasche 2,26% &#8211; Lysin 0,76% &#8211; Phosphor 0,32% &#8211; Methionin 0,18% &#8211; Kalzium 0,12% &#8211; Rohfaser 5,84% &#8211; Rohfett 5,01% &#8211; Rohasche 2,26% &#8211; Lysin 0,76% &#8211; Phosphor 0,32% &#8211; Methionin 0,18% &#8211; Kalzium 0,12%.<\/p>\n<\/div>\n<\/div>\n<\/div>\n<p>&nbsp;<\/p>\n<\/div>\n<div class=\"grid_100\">\n<div class=\"grid_50 galerij\">\n<div class=\"product_foto\">\n<div class=\"product_foto_kader\">\n<div class=\"\">\n<div id=\"slides\">\n<div class=\"slidesjs-container\"><\/div>\n<\/div>\n<\/div>\n<\/div>\n<\/div>\n<\/div>\n<\/div>\n","protected":false},"excerpt":{"rendered":"<p>Olympia 48 &#8211; Zucht &amp; Jungtauben (ohne Mais) &#8211; 25 kg Hochwertige, maisfreie Mischung f\u00fcr Zuchttauben und Jungtauben mit dem Zusatz von rotem Sorghum und Dari mit h\u00f6herem Proteingehalt als Mais. Die 38,5 % H\u00fclsenfr\u00fcchte (Dunpea-Erbsen, gr\u00fcne Erbsen, Wicken, gelbe Erbsen und Winterpea-Erbsen) sorgen f\u00fcr das richtige Gleichgewicht der Proteine, die Ihre Tauben w\u00e4hrend der [&hellip;]<\/p>\n","protected":false},"featured_media":25984,"comment_status":"open","ping_status":"closed","template":"","meta":[],"product_brand":[182],"product_cat":[218],"product_tag":[],"class_list":{"0":"post-26410","1":"product","2":"type-product","3":"status-publish","4":"has-post-thumbnail","6":"product_brand-beyers","7":"product_cat-lebensmittel","8":"product_shipping_class-postpac-economy-30kg","11":"first","12":"instock","13":"sale","14":"shipping-taxable","15":"purchasable","16":"product-type-simple"},"jetpack_sharing_enabled":true,"_links":{"self":[{"href":"https:\/\/avesaguiar.ch\/de\/wp-json\/wp\/v2\/product\/26410","targetHints":{"allow":["GET"]}}],"collection":[{"href":"https:\/\/avesaguiar.ch\/de\/wp-json\/wp\/v2\/product"}],"about":[{"href":"https:\/\/avesaguiar.ch\/de\/wp-json\/wp\/v2\/types\/product"}],"replies":[{"embeddable":true,"href":"https:\/\/avesaguiar.ch\/de\/wp-json\/wp\/v2\/comments?post=26410"}],"wp:featuredmedia":[{"embeddable":true,"href":"https:\/\/avesaguiar.ch\/de\/wp-json\/wp\/v2\/media\/25984"}],"wp:attachment":[{"href":"https:\/\/avesaguiar.ch\/de\/wp-json\/wp\/v2\/media?parent=26410"}],"wp:term":[{"taxonomy":"product_brand","embeddable":true,"href":"https:\/\/avesaguiar.ch\/de\/wp-json\/wp\/v2\/product_brand?post=26410"},{"taxonomy":"product_cat","embeddable":true,"href":"https:\/\/avesaguiar.ch\/de\/wp-json\/wp\/v2\/product_cat?post=26410"},{"taxonomy":"product_tag","embeddable":true,"href":"https:\/\/avesaguiar.ch\/de\/wp-json\/wp\/v2\/product_tag?post=26410"}],"curies":[{"name":"wp","href":"https:\/\/api.w.org\/{rel}","templated":true}]}}