{"id":26429,"date":"2025-11-23T20:11:11","date_gmt":"2025-11-23T20:11:11","guid":{"rendered":"https:\/\/avesaguiar.ch\/produit\/beyers-original-jungtauben-25-kg\/"},"modified":"2025-11-23T20:11:11","modified_gmt":"2025-11-23T20:11:11","slug":"beyers-original-jungtauben-25-kg","status":"publish","type":"product","link":"https:\/\/avesaguiar.ch\/de\/produit\/beyers-original-jungtauben-25-kg\/","title":{"rendered":"Beyers-Original Jungtauben 25 kg"},"content":{"rendered":"<h2>Original Tauben &#8211; 25 kg<\/h2>\n<ul>\n<li>Ab \u00b15-6 Wochen nach der Entw\u00f6hnung bis 2 Wochen vor dem Anlernen, schrittweise in Kombination mit <strong>ORIGINAL<\/strong> ZUCHT zu f\u00fcttern.<\/li>\n<li>Diese leichte und leicht verdauliche Mischung ist ideal f\u00fcr das Training und die Geschwindigkeitswettbewerbe bis zu 3 Stunden Flugzeit f\u00fcr die Jungtauben.<\/li>\n<li>W\u00e4hrend der Sportsaison (bis zu 3 Stunden Flugzeit) kann <strong>ORIGINAL PIGEONNEAUX<\/strong> in der letzten F\u00fctterungsphase vor dem Einkorben mit <strong>PREMIUM HI-DIGEST ENERGY<\/strong> erg\u00e4nzt werden, einer leichten und leicht verdaulichen Mischung, die jedoch reich an Fetten ist.<\/li>\n<\/ul>\n<h2>Zusammensetzung<\/h2>\n<p>Cribbs-Mais &#8211; Rotes Sorghum &#8211; Weizen &#8211; Wei\u00dfer Dari &#8211; Gerste &#8211; Gelbe Erbsen &#8211; Karden &#8211; Gr\u00fcne Erbsen &#8211; Gesch\u00e4lter Hafer &#8211; Maple Peas &#8211; Paddy-Reis &#8211; Meran-Mais &#8211; Dunpeas &#8211; Buchweizen &#8211; Gelbe Hirse &#8211; Gestreifte Sonnenblumen &#8211; R\u00fcbsen &#8211; Raps &#8211; Gr\u00fcne Erbsen &#8211; Gelbe Erbsen &#8211; Small Green Peas &#8211; Trappers<\/p>\n<h2>Analytische Bestandteile<\/h2>\n<p>Kohlenhydrate 62,7 % &#8211; Rohprotein 12,5 % &#8211; Rohfett 5,8 % &#8211; Rohfaser 5,8 % &#8211; Rohasche 1,9 % &#8211; Lysin 0,50% &#8211; Phosphor 0,30% &#8211; Methionin 0,17% &#8211; Kalzium 0,07%.<\/p>\n","protected":false},"excerpt":{"rendered":"<p>Original Tauben &#8211; 25 kg Ab \u00b15-6 Wochen nach der Entw\u00f6hnung bis 2 Wochen vor dem Anlernen, schrittweise in Kombination mit ORIGINAL ZUCHT zu f\u00fcttern. Diese leichte und leicht verdauliche Mischung ist ideal f\u00fcr das Training und die Geschwindigkeitswettbewerbe bis zu 3 Stunden Flugzeit f\u00fcr die Jungtauben. W\u00e4hrend der Sportsaison (bis zu 3 Stunden Flugzeit) [&hellip;]<\/p>\n","protected":false},"featured_media":26025,"comment_status":"open","ping_status":"closed","template":"","meta":[],"product_brand":[182],"product_cat":[218],"product_tag":[],"class_list":{"0":"post-26429","1":"product","2":"type-product","3":"status-publish","4":"has-post-thumbnail","6":"product_brand-beyers","7":"product_cat-lebensmittel","8":"product_shipping_class-postpac-economy-30kg","11":"first","12":"instock","13":"sale","14":"shipping-taxable","15":"purchasable","16":"product-type-simple"},"jetpack_sharing_enabled":true,"_links":{"self":[{"href":"https:\/\/avesaguiar.ch\/de\/wp-json\/wp\/v2\/product\/26429","targetHints":{"allow":["GET"]}}],"collection":[{"href":"https:\/\/avesaguiar.ch\/de\/wp-json\/wp\/v2\/product"}],"about":[{"href":"https:\/\/avesaguiar.ch\/de\/wp-json\/wp\/v2\/types\/product"}],"replies":[{"embeddable":true,"href":"https:\/\/avesaguiar.ch\/de\/wp-json\/wp\/v2\/comments?post=26429"}],"wp:featuredmedia":[{"embeddable":true,"href":"https:\/\/avesaguiar.ch\/de\/wp-json\/wp\/v2\/media\/26025"}],"wp:attachment":[{"href":"https:\/\/avesaguiar.ch\/de\/wp-json\/wp\/v2\/media?parent=26429"}],"wp:term":[{"taxonomy":"product_brand","embeddable":true,"href":"https:\/\/avesaguiar.ch\/de\/wp-json\/wp\/v2\/product_brand?post=26429"},{"taxonomy":"product_cat","embeddable":true,"href":"https:\/\/avesaguiar.ch\/de\/wp-json\/wp\/v2\/product_cat?post=26429"},{"taxonomy":"product_tag","embeddable":true,"href":"https:\/\/avesaguiar.ch\/de\/wp-json\/wp\/v2\/product_tag?post=26429"}],"curies":[{"name":"wp","href":"https:\/\/api.w.org\/{rel}","templated":true}]}}