{"id":26451,"date":"2025-11-21T20:27:21","date_gmt":"2025-11-21T20:27:21","guid":{"rendered":"https:\/\/avesaguiar.ch\/produit\/bevo-eifutter-rot-1-kg-dose\/"},"modified":"2025-11-21T20:27:21","modified_gmt":"2025-11-21T20:27:21","slug":"bevo-eifutter-rot-1-kg-dose","status":"publish","type":"product","link":"https:\/\/avesaguiar.ch\/de\/produit\/bevo-eifutter-rot-1-kg-dose\/","title":{"rendered":"BEVO EIFUTTER ROT 1 KG DOSE"},"content":{"rendered":"<h3 style=\"font-weight: 400;\">BESCHREIBUNG<\/h3>\n<p style=\"font-weight: 400;\">Das<b> rote Bevo Eifutter in der 1 kg Dose<\/b> ist ein hochwertiges Futter, das speziell f\u00fcr Zierv\u00f6gel entwickelt wurde.<\/p>\n<p style=\"font-weight: 400;\">Dieses nahrhafte Eifutter ist ein wesentlicher Bestandteil der Ern\u00e4hrung von Zierv\u00f6geln und versorgt sie mit den N\u00e4hrstoffen, die sie f\u00fcr eine optimale Gesundheit und Vitalit\u00e4t ben\u00f6tigen.<\/p>\n<p style=\"font-weight: 400;\">Bevo Eifutter rot ist reich an Proteinen, Vitaminen und Mineralien, was es zu einer perfekten Erg\u00e4nzung der t\u00e4glichen Nahrung f\u00fcr Zierv\u00f6gel macht. Die rote Farbe des Eifutters bietet eine attraktive Pr\u00e4sentation und regt den Appetit der V\u00f6gel an. <\/p>\n<p style=\"font-weight: 400;\">Mit der Benelux 1 kg Dose Bevo Rotes Eifutter bieten Sie Ihren Zierv\u00f6geln einen schmackhaften und nahrhaften Leckerbissen, der zu ihrem Wohlbefinden und ihrer Vitalit\u00e4t beitr\u00e4gt. Stellen Sie sicher, dass Ihre gefiederten Freunde die beste Nahrung erhalten, die sie verdienen. <\/p>\n<p style=\"font-weight: 400;\">Bestellen Sie noch heute die<b> 1 kg<\/b> Dose<b> Bevo Rotes Eifutter<\/b> und bieten Sie Ihren Zierv\u00f6geln eine gesunde und farbenfrohe Erg\u00e4nzung zu ihrer Nahrung!<\/p>\n","protected":false},"excerpt":{"rendered":"<p><img decoding=\"async\" class=\"alignnone size-medium wp-image-25759\" src=\"https:\/\/avesaguiar.ch\/wp-content\/uploads\/2025\/11\/51Aqr6DjOZL._AC_-300x155.jpeg\" alt=\"\" width=\"300\" height=\"155\"><\/p>\n","protected":false},"featured_media":25755,"comment_status":"open","ping_status":"closed","template":"","meta":[],"product_brand":[187],"product_cat":[245],"product_tag":[],"class_list":{"0":"post-26451","1":"product","2":"type-product","3":"status-publish","4":"has-post-thumbnail","6":"product_brand-kinlys","7":"product_cat-lebensmittel-2","8":"product_shipping_class-postpac-economy-2kg","11":"first","12":"instock","13":"shipping-taxable","14":"purchasable","15":"product-type-simple"},"jetpack_sharing_enabled":true,"_links":{"self":[{"href":"https:\/\/avesaguiar.ch\/de\/wp-json\/wp\/v2\/product\/26451","targetHints":{"allow":["GET"]}}],"collection":[{"href":"https:\/\/avesaguiar.ch\/de\/wp-json\/wp\/v2\/product"}],"about":[{"href":"https:\/\/avesaguiar.ch\/de\/wp-json\/wp\/v2\/types\/product"}],"replies":[{"embeddable":true,"href":"https:\/\/avesaguiar.ch\/de\/wp-json\/wp\/v2\/comments?post=26451"}],"wp:featuredmedia":[{"embeddable":true,"href":"https:\/\/avesaguiar.ch\/de\/wp-json\/wp\/v2\/media\/25755"}],"wp:attachment":[{"href":"https:\/\/avesaguiar.ch\/de\/wp-json\/wp\/v2\/media?parent=26451"}],"wp:term":[{"taxonomy":"product_brand","embeddable":true,"href":"https:\/\/avesaguiar.ch\/de\/wp-json\/wp\/v2\/product_brand?post=26451"},{"taxonomy":"product_cat","embeddable":true,"href":"https:\/\/avesaguiar.ch\/de\/wp-json\/wp\/v2\/product_cat?post=26451"},{"taxonomy":"product_tag","embeddable":true,"href":"https:\/\/avesaguiar.ch\/de\/wp-json\/wp\/v2\/product_tag?post=26451"}],"curies":[{"name":"wp","href":"https:\/\/api.w.org\/{rel}","templated":true}]}}