{"id":26455,"date":"2025-11-21T20:52:48","date_gmt":"2025-11-21T20:52:48","guid":{"rendered":"https:\/\/avesaguiar.ch\/produit\/baby-mix-patee-mit-prebiotica-250g\/"},"modified":"2025-11-21T20:52:48","modified_gmt":"2025-11-21T20:52:48","slug":"baby-mix-patee-mit-prebiotica-250g","status":"publish","type":"product","link":"https:\/\/avesaguiar.ch\/de\/produit\/baby-mix-patee-mit-prebiotica-250g\/","title":{"rendered":"BABY MIX PATEE MIT PREBIOTICA 250G"},"content":{"rendered":"<h3 style=\"font-weight: 400;\">BESCHREIBUNG<\/h3>\n<p style=\"font-weight: 400;\"><b>Baby Mix Patee mit Prebiotica 250g<\/b> ist speziell auf die Ern\u00e4hrungsbed\u00fcrfnisse von Zierv\u00f6geln abgestimmt.<\/p>\n<p style=\"font-weight: 400;\">Dieses Futter bietet eine ausgewogene Mischung aus hochwertigen Inhaltsstoffen, die f\u00fcr die Gesundheit und das Wachstum von Jungv\u00f6geln wichtig sind.<\/p>\n<p style=\"font-weight: 400;\">Der Zusatz von Pr\u00e4biotika f\u00f6rdert eine gesunde Verdauung und unterst\u00fctzt das Immunsystem der V\u00f6gel, so dass sie sich optimal entwickeln k\u00f6nnen.<\/p>\n<p style=\"font-weight: 400;\">Diese Babymischung wurde sorgf\u00e4ltig zusammengestellt, um alle N\u00e4hrstoffe zu liefern, die f\u00fcr einen guten Start in das Leben der Zierv\u00f6gel erforderlich sind.<\/p>\n<p style=\"font-weight: 400;\">Mit dem <b>Baby Mix patee f\u00fcttern mit prebiotica 250g<\/b> geben Sie Ihren Zierv\u00f6geln den besten Start und sorgen f\u00fcr ihr langfristiges Wohlbefinden.<\/p>\n<p style=\"font-weight: 400;\">Stellen Sie sicher, dass Ihre gefiederten Freunde die Nahrung erhalten, die sie verdienen und bestellen Sie noch heute!<\/p>\n","protected":false},"excerpt":{"rendered":"<p>BESCHREIBUNG Baby Mix Patee mit Prebiotica 250g ist speziell auf die Ern\u00e4hrungsbed\u00fcrfnisse von Zierv\u00f6geln abgestimmt. Dieses Futter bietet eine ausgewogene Mischung aus hochwertigen Inhaltsstoffen, die f\u00fcr die Gesundheit und das Wachstum von Jungv\u00f6geln wichtig sind. Der Zusatz von Pr\u00e4biotika f\u00f6rdert eine gesunde Verdauung und unterst\u00fctzt das Immunsystem der V\u00f6gel, so dass sie sich optimal entwickeln [&hellip;]<\/p>\n","protected":false},"featured_media":25788,"comment_status":"open","ping_status":"closed","template":"","meta":[],"product_brand":[187],"product_cat":[245,246],"product_tag":[],"class_list":{"0":"post-26455","1":"product","2":"type-product","3":"status-publish","4":"has-post-thumbnail","6":"product_brand-kinlys","7":"product_cat-lebensmittel-2","8":"product_cat-nahrungserganzungsmittel-2","9":"product_shipping_class-postpac-economy-900g","12":"first","13":"instock","14":"shipping-taxable","15":"purchasable","16":"product-type-simple"},"jetpack_sharing_enabled":true,"_links":{"self":[{"href":"https:\/\/avesaguiar.ch\/de\/wp-json\/wp\/v2\/product\/26455","targetHints":{"allow":["GET"]}}],"collection":[{"href":"https:\/\/avesaguiar.ch\/de\/wp-json\/wp\/v2\/product"}],"about":[{"href":"https:\/\/avesaguiar.ch\/de\/wp-json\/wp\/v2\/types\/product"}],"replies":[{"embeddable":true,"href":"https:\/\/avesaguiar.ch\/de\/wp-json\/wp\/v2\/comments?post=26455"}],"wp:featuredmedia":[{"embeddable":true,"href":"https:\/\/avesaguiar.ch\/de\/wp-json\/wp\/v2\/media\/25788"}],"wp:attachment":[{"href":"https:\/\/avesaguiar.ch\/de\/wp-json\/wp\/v2\/media?parent=26455"}],"wp:term":[{"taxonomy":"product_brand","embeddable":true,"href":"https:\/\/avesaguiar.ch\/de\/wp-json\/wp\/v2\/product_brand?post=26455"},{"taxonomy":"product_cat","embeddable":true,"href":"https:\/\/avesaguiar.ch\/de\/wp-json\/wp\/v2\/product_cat?post=26455"},{"taxonomy":"product_tag","embeddable":true,"href":"https:\/\/avesaguiar.ch\/de\/wp-json\/wp\/v2\/product_tag?post=26455"}],"curies":[{"name":"wp","href":"https:\/\/api.w.org\/{rel}","templated":true}]}}