{"id":26458,"date":"2025-11-21T20:45:05","date_gmt":"2025-11-21T20:45:05","guid":{"rendered":"https:\/\/avesaguiar.ch\/produit\/bevo-tropical-pate-1-kg-dose\/"},"modified":"2025-11-21T20:45:05","modified_gmt":"2025-11-21T20:45:05","slug":"bevo-tropical-pate-1-kg-dose","status":"publish","type":"product","link":"https:\/\/avesaguiar.ch\/de\/produit\/bevo-tropical-pate-1-kg-dose\/","title":{"rendered":"BEVO TROPICAL PATE 1 KG DOSE"},"content":{"rendered":"<h3 style=\"font-weight: 400;\">BESCHREIBUNG<\/h3>\n<p style=\"font-weight: 400;\"><b>BEVO Tropical Pate 1kg Benelux Dose<\/b> ist ein hochwertiges Futter, das speziell f\u00fcr Zierv\u00f6gel entwickelt wurde, mit sorgf\u00e4ltig ausgew\u00e4hlten Zutaten, um den Ern\u00e4hrungsbed\u00fcrfnissen Ihrer gefiederten Freunde gerecht zu werden. Diese nahrhafte Pastete ist reich an essentiellen N\u00e4hrstoffen und Vitaminen, die zu einer gesunden und ausgewogenen Ern\u00e4hrung von Zierv\u00f6geln beitragen. <\/p>\n<p style=\"font-weight: 400;\">Mit Tropical Benelux bieten Sie Ihren Zierv\u00f6geln einen schmackhaften Leckerbissen, der sie mit Energie und Unterst\u00fctzung versorgt, die sie f\u00fcr ihr allgemeines Wohlbefinden ben\u00f6tigen. Die sorgf\u00e4ltig zusammengestellte Rezeptur sorgt f\u00fcr eine optimale Verdauung und ein gl\u00e4nzendes Gefieder, wodurch Ihre V\u00f6gel ein gesundes und lebendiges Aussehen erhalten. <\/p>\n<p style=\"font-weight: 400;\">Diese 1 kg Dose Benelux Tropical Paste ist eine praktische und wirtschaftliche Verpackung, die es Ihnen erm\u00f6glicht, die Vorz\u00fcge dieses hochwertigen Ziervogelfutters lange zu genie\u00dfen. Bieten Sie Ihren Zierv\u00f6geln mit Benelux Tropical Pate nur das Beste und sehen Sie zu, wie sie mit diesem nahrhaften Leckerbissen aufbl\u00fchen. <\/p>\n<p style=\"font-weight: 400;\">Bieten Sie Ihren Zierv\u00f6geln noch heute die <b>Benelux-Dose BEVO Tropical Pate 1kg <\/b>an und geben Sie ihnen die Nahrung, die sie verdienen!<\/p>\n","protected":false},"excerpt":{"rendered":"<p>BESCHREIBUNG BEVO Tropical Pate 1kg Benelux Dose ist ein hochwertiges Futter, das speziell f\u00fcr Zierv\u00f6gel entwickelt wurde, mit sorgf\u00e4ltig ausgew\u00e4hlten Zutaten, um den Ern\u00e4hrungsbed\u00fcrfnissen Ihrer gefiederten Freunde gerecht zu werden. Diese nahrhafte Pastete ist reich an essentiellen N\u00e4hrstoffen und Vitaminen, die zu einer gesunden und ausgewogenen Ern\u00e4hrung von Zierv\u00f6geln beitragen. Mit Tropical Benelux bieten Sie [&hellip;]<\/p>\n","protected":false},"featured_media":25877,"comment_status":"open","ping_status":"closed","template":"","meta":[],"product_brand":[187],"product_cat":[245],"product_tag":[],"class_list":{"0":"post-26458","1":"product","2":"type-product","3":"status-publish","4":"has-post-thumbnail","6":"product_brand-kinlys","7":"product_cat-lebensmittel-2","8":"product_shipping_class-postpac-economy-2kg","11":"first","12":"instock","13":"shipping-taxable","14":"purchasable","15":"product-type-simple"},"jetpack_sharing_enabled":true,"_links":{"self":[{"href":"https:\/\/avesaguiar.ch\/de\/wp-json\/wp\/v2\/product\/26458","targetHints":{"allow":["GET"]}}],"collection":[{"href":"https:\/\/avesaguiar.ch\/de\/wp-json\/wp\/v2\/product"}],"about":[{"href":"https:\/\/avesaguiar.ch\/de\/wp-json\/wp\/v2\/types\/product"}],"replies":[{"embeddable":true,"href":"https:\/\/avesaguiar.ch\/de\/wp-json\/wp\/v2\/comments?post=26458"}],"wp:featuredmedia":[{"embeddable":true,"href":"https:\/\/avesaguiar.ch\/de\/wp-json\/wp\/v2\/media\/25877"}],"wp:attachment":[{"href":"https:\/\/avesaguiar.ch\/de\/wp-json\/wp\/v2\/media?parent=26458"}],"wp:term":[{"taxonomy":"product_brand","embeddable":true,"href":"https:\/\/avesaguiar.ch\/de\/wp-json\/wp\/v2\/product_brand?post=26458"},{"taxonomy":"product_cat","embeddable":true,"href":"https:\/\/avesaguiar.ch\/de\/wp-json\/wp\/v2\/product_cat?post=26458"},{"taxonomy":"product_tag","embeddable":true,"href":"https:\/\/avesaguiar.ch\/de\/wp-json\/wp\/v2\/product_tag?post=26458"}],"curies":[{"name":"wp","href":"https:\/\/api.w.org\/{rel}","templated":true}]}}