{"id":26464,"date":"2025-11-21T20:57:47","date_gmt":"2025-11-21T20:57:47","guid":{"rendered":"https:\/\/avesaguiar.ch\/produit\/mehlwuermer-eimer-25-l-fuer-voegel-des-himmels\/"},"modified":"2025-11-21T20:57:47","modified_gmt":"2025-11-21T20:57:47","slug":"mehlwuermer-eimer-25-l-fuer-voegel-des-himmels","status":"publish","type":"product","link":"https:\/\/avesaguiar.ch\/de\/produit\/mehlwuermer-eimer-25-l-fuer-voegel-des-himmels\/","title":{"rendered":"MEHLW\u00dcRMER EIMER 2,5 L F\u00dcR V\u00d6GEL DES HIMMELS"},"content":{"rendered":"<h3 style=\"font-weight: 400;\">BESCHREIBUNG<\/h3>\n<p style=\"font-weight: 400;\">Der Mehlwurmeimer von Benelux Nature ist ein hochwertiges Futter f\u00fcr Freilandv\u00f6gel in der Kategorie Naturv\u00f6gel. Dieses Futter, das in einem praktischen 2,5 Liter Eimer verpackt ist, wurde speziell zusammengestellt, um die V\u00f6gel in Ihrem Garten mit den wichtigsten N\u00e4hrstoffen zu versorgen. Das 600 g-Futter enth\u00e4lt eine reiche Quelle an Proteinen und Fetten, wodurch es ideal f\u00fcr V\u00f6gel ist, die mehr Energie ben\u00f6tigen. Besonders in den kalten Wintermonaten.   <\/p>\n<p style=\"font-weight: 400;\">Die Mehlw\u00fcrmer wurden sorgf\u00e4ltig ausgew\u00e4hlt und getrocknet, um ihren nat\u00fcrlichen Geschmack und ihren N\u00e4hrwert zu erhalten. Wenn Sie dieses Futter anbieten, k\u00f6nnen Sie den Anblick der V\u00f6gel, die Ihren Garten besuchen, genie\u00dfen und gleichzeitig zu ihrer Gesundheit und ihrem Wohlbefinden beitragen. Mit dem Benelux Nature Mehlwurmk\u00fcbel sorgen Sie daf\u00fcr, dass Ihr Garten zu einem beliebten Ort f\u00fcr verschiedene Vogelarten wird.  <\/p>\n<p style=\"font-weight: 400;\">Geben Sie Ihren Gartenv\u00f6geln das Futter, das sie verdienen und schaffen Sie eine lebendige und farbenfrohe Umgebung mit dem Mehlwurmeimer von Benelux Nature.<\/p>\n<p style=\"font-weight: 400;\">Bestellen Sie noch heute und begr\u00fc\u00dfen Sie eine Reihe wundersch\u00f6ner V\u00f6gel in Ihrem Garten!9.90<\/p>\n","protected":false},"excerpt":{"rendered":"<p>BESCHREIBUNG Der Mehlwurmeimer von Benelux Nature ist ein hochwertiges Futter f\u00fcr Freilandv\u00f6gel in der Kategorie Naturv\u00f6gel. Dieses Futter, das in einem praktischen 2,5 Liter Eimer verpackt ist, wurde speziell zusammengestellt, um die V\u00f6gel in Ihrem Garten mit den wichtigsten N\u00e4hrstoffen zu versorgen. Das 600 g-Futter enth\u00e4lt eine reiche Quelle an Proteinen und Fetten, wodurch es [&hellip;]<\/p>\n","protected":false},"featured_media":25794,"comment_status":"open","ping_status":"closed","template":"","meta":[],"product_brand":[187],"product_cat":[245,246],"product_tag":[],"class_list":{"0":"post-26464","1":"product","2":"type-product","3":"status-publish","4":"has-post-thumbnail","6":"product_brand-kinlys","7":"product_cat-lebensmittel-2","8":"product_cat-nahrungserganzungsmittel-2","9":"product_shipping_class-postpac-economy-2kg","12":"first","13":"instock","14":"shipping-taxable","15":"purchasable","16":"product-type-simple"},"jetpack_sharing_enabled":true,"_links":{"self":[{"href":"https:\/\/avesaguiar.ch\/de\/wp-json\/wp\/v2\/product\/26464","targetHints":{"allow":["GET"]}}],"collection":[{"href":"https:\/\/avesaguiar.ch\/de\/wp-json\/wp\/v2\/product"}],"about":[{"href":"https:\/\/avesaguiar.ch\/de\/wp-json\/wp\/v2\/types\/product"}],"replies":[{"embeddable":true,"href":"https:\/\/avesaguiar.ch\/de\/wp-json\/wp\/v2\/comments?post=26464"}],"wp:featuredmedia":[{"embeddable":true,"href":"https:\/\/avesaguiar.ch\/de\/wp-json\/wp\/v2\/media\/25794"}],"wp:attachment":[{"href":"https:\/\/avesaguiar.ch\/de\/wp-json\/wp\/v2\/media?parent=26464"}],"wp:term":[{"taxonomy":"product_brand","embeddable":true,"href":"https:\/\/avesaguiar.ch\/de\/wp-json\/wp\/v2\/product_brand?post=26464"},{"taxonomy":"product_cat","embeddable":true,"href":"https:\/\/avesaguiar.ch\/de\/wp-json\/wp\/v2\/product_cat?post=26464"},{"taxonomy":"product_tag","embeddable":true,"href":"https:\/\/avesaguiar.ch\/de\/wp-json\/wp\/v2\/product_tag?post=26464"}],"curies":[{"name":"wp","href":"https:\/\/api.w.org\/{rel}","templated":true}]}}