{"id":26472,"date":"2025-11-21T21:06:01","date_gmt":"2025-11-21T21:06:01","guid":{"rendered":"https:\/\/avesaguiar.ch\/produit\/mehlwuermer-eimer-0-8-l-140g-fuer-himmelsvoegel\/"},"modified":"2025-11-21T21:06:01","modified_gmt":"2025-11-21T21:06:01","slug":"mehlwuermer-eimer-0-8-l-140g-fuer-himmelsvoegel","status":"publish","type":"product","link":"https:\/\/avesaguiar.ch\/de\/produit\/mehlwuermer-eimer-0-8-l-140g-fuer-himmelsvoegel\/","title":{"rendered":"Mehlw\u00fcrmer Eimer 0.8 L 140g f\u00fcr Himmelsv\u00f6gel"},"content":{"rendered":"<h3 style=\"font-weight: 400;\">BESCHREIBUNG<\/h3>\n<p style=\"font-weight: 400;\">Der 0,8 Liter Benelux Nature Eimer mit Mehlw\u00fcrmern ist ein hochwertiges Futter f\u00fcr Freilandv\u00f6gel in der Kategorie Naturv\u00f6gel. Dieser nahrhafte Leckerbissen wurde speziell entwickelt, um die V\u00f6gel in Ihrem Garten zu verw\u00f6hnen und zu f\u00fcttern.<\/p>\n<p style=\"font-weight: 400;\">Dieser nahrhafte Leckerbissen ist reich an Proteinen und wichtigen N\u00e4hrstoffen, die die Gesundheit und Vitalit\u00e4t der V\u00f6gel unterst\u00fctzen. Mehlw\u00fcrmer werden von vielen Arten von Freilandv\u00f6geln bevorzugt und sind sicherlich eine gute Erg\u00e4nzung zu ihrem Futter.<\/p>\n<p style=\"font-weight: 400;\">Mit dem Benelux Nature Mehlwurmeimer k\u00f6nnen Sie in Ihrem Garten das Schauspiel von V\u00f6geln genie\u00dfen, die sich an diesem k\u00f6stlichen Leckerbissen g\u00fctlich tun. Schaffen Sie ein Vogelparadies und ziehen Sie mit dieser hochwertigen Futteroption eine Vielzahl von sch\u00f6nen V\u00f6geln an.<\/p>\n<p style=\"font-weight: 400;\">Geben Sie Ihren gefiederten Freunden das Futter, das sie verdienen, und genie\u00dfen Sie den herrlichen Anblick von V\u00f6geln, die sich an Mehlw\u00fcrmern g\u00fctlich tun. Bestellen Sie noch heute Ihren Benelux Nature Eimer mit Mehlw\u00fcrmern und verwandeln Sie Ihren Garten in ein Paradies f\u00fcr nat\u00fcrliche V\u00f6gel!<\/p>\n","protected":false},"excerpt":{"rendered":"<p>BESCHREIBUNG Der 0,8 Liter Benelux Nature Eimer mit Mehlw\u00fcrmern ist ein hochwertiges Futter f\u00fcr Freilandv\u00f6gel in der Kategorie Naturv\u00f6gel. Dieser nahrhafte Leckerbissen wurde speziell entwickelt, um die V\u00f6gel in Ihrem Garten zu verw\u00f6hnen und zu f\u00fcttern. Dieser nahrhafte Leckerbissen ist reich an Proteinen und wichtigen N\u00e4hrstoffen, die die Gesundheit und Vitalit\u00e4t der V\u00f6gel unterst\u00fctzen. Mehlw\u00fcrmer [&hellip;]<\/p>\n","protected":false},"featured_media":25801,"comment_status":"open","ping_status":"closed","template":"","meta":[],"product_brand":[187],"product_cat":[245,246],"product_tag":[],"class_list":{"0":"post-26472","1":"product","2":"type-product","3":"status-publish","4":"has-post-thumbnail","6":"product_brand-kinlys","7":"product_cat-lebensmittel-2","8":"product_cat-nahrungserganzungsmittel-2","9":"product_shipping_class-postpac-economy-900g","12":"first","13":"instock","14":"shipping-taxable","15":"purchasable","16":"product-type-simple"},"jetpack_sharing_enabled":true,"_links":{"self":[{"href":"https:\/\/avesaguiar.ch\/de\/wp-json\/wp\/v2\/product\/26472","targetHints":{"allow":["GET"]}}],"collection":[{"href":"https:\/\/avesaguiar.ch\/de\/wp-json\/wp\/v2\/product"}],"about":[{"href":"https:\/\/avesaguiar.ch\/de\/wp-json\/wp\/v2\/types\/product"}],"replies":[{"embeddable":true,"href":"https:\/\/avesaguiar.ch\/de\/wp-json\/wp\/v2\/comments?post=26472"}],"wp:featuredmedia":[{"embeddable":true,"href":"https:\/\/avesaguiar.ch\/de\/wp-json\/wp\/v2\/media\/25801"}],"wp:attachment":[{"href":"https:\/\/avesaguiar.ch\/de\/wp-json\/wp\/v2\/media?parent=26472"}],"wp:term":[{"taxonomy":"product_brand","embeddable":true,"href":"https:\/\/avesaguiar.ch\/de\/wp-json\/wp\/v2\/product_brand?post=26472"},{"taxonomy":"product_cat","embeddable":true,"href":"https:\/\/avesaguiar.ch\/de\/wp-json\/wp\/v2\/product_cat?post=26472"},{"taxonomy":"product_tag","embeddable":true,"href":"https:\/\/avesaguiar.ch\/de\/wp-json\/wp\/v2\/product_tag?post=26472"}],"curies":[{"name":"wp","href":"https:\/\/api.w.org\/{rel}","templated":true}]}}