{"id":26475,"date":"2025-11-22T19:21:40","date_gmt":"2025-11-22T19:21:40","guid":{"rendered":"https:\/\/avesaguiar.ch\/produit\/beyers-detox-mineral-mix-8-kg\/"},"modified":"2025-11-22T19:21:40","modified_gmt":"2025-11-22T19:21:40","slug":"beyers-detox-mineral-mix-8-kg","status":"publish","type":"product","link":"https:\/\/avesaguiar.ch\/de\/produit\/beyers-detox-mineral-mix-8-kg\/","title":{"rendered":"Beyers-Detox Mineral Mix 8 KG"},"content":{"rendered":"<p><strong>EINE MISCHUNG AUS HOCHWERTIGEN GRITS UND MINERALIEN, ANGEREICHERT MIT AUSGEW\u00c4HLTEN GETREIDEARTEN UND SAMEN; EINE SORGF\u00c4LTIG ZUSAMMENGESTELLTE KOMBINATION AUS KR\u00c4UTERN UND TONERDEPRODUKTEN, DIE DEM K\u00d6RPER HELFEN, SICH VON ABFALLSTOFFEN ZU BEFREIEN. DIE ZUSAMMENSETZUNG DIESER MISCHUNG SORGT F\u00dcR EINE BESSERE ABSORPTION DER N\u00c4HRSTOFFE UND ERM\u00d6GLICHT EINE EFFIZIENTERE AKKUMULATION F\u00dcR EINE OPTIMALE FORMGEBUNG.<\/strong><\/p>\n<ul>\n<li>Die Erg\u00e4nzung mit Getreide und ausgew\u00e4hlten Samen (Mariendistel, Chia und Perilla) hat einen positiven Effekt auf die allgemeine Funktion der Leber. Es ist reich an Omega-3-Fetts\u00e4uren und enth\u00e4lt hochgradig nat\u00fcrliche Antioxidantien zur Verbesserung des gesamten Immunsystems.<\/li>\n<li>Enth\u00e4lt Holzkohle und nat\u00fcrliche Tonerde, ein 100% nat\u00fcrliches Entgiftungsprodukt, das aus Kaolin (Alumosilikat), Kohlenstoff und Humins\u00e4uren besteht. Es sch\u00fctzt die Schleimschicht des Darms, verhindert den Angriff von Krankheitserregern und erm\u00f6glicht eine gute Aufnahme von Stoffen durch die Darmzellen. Humins\u00e4uren spielen eine wichtige Rolle bei der Aufrechterhaltung des S\u00e4ure-Basen-Gleichgewichts von Nahrungsmineralien.<\/li>\n<li>Angereichert mit Kurkuma, dessen wirksame Substanz, das Curcuminoid, eine positive Wirkung auf die Leberfunktion und die Verdauung hat.<\/li>\n<li>Eine Kombination von Kr\u00e4utern (Thymian, Knoblauch, L\u00f6wenzahnwurzel, Korianderblatt, Oregano und Echinacea) sorgt f\u00fcr eine positive Wirkung auf die Verdauung und das Immunsystem.<\/li>\n<\/ul>\n<p><strong>GEBRAUCHSANWEISUNG<\/strong><\/p>\n<ul>\n<li>W\u00e4hrend der Sportsaison: am Tag der R\u00fcckkehr und am Tag danach.<\/li>\n<li>W\u00e4hrend der Mauser und der Aufzucht: 1 Mal pro Woche.<\/li>\n<li>Als 7-Tage-Kur: Wenn der Haarwechsel beginnt. Nach der Mauser, nach der Aufzucht oder nach einer medizinischen Behandlung.<\/li>\n<\/ul>\n<p><strong>ZUSAMMENSETZUNG<\/strong><\/p>\n<p>Muschelkalk, roter Stein, Raps, Gastrolithen, Leinsamen, wei\u00dfer Dari, Herzblatt, Kanarisches Alpenveilchen, wei\u00dfe Hirse, rote Sorghumhirse, gelbe Hirse, Mais, Maiskleber, Kalkstein, gesch\u00e4lter Hafer, Mungobohnen, Mariendistel, Chiasamen, braune Perilla, Salz, Rettichsamen, Zwiebelsamen, Sesamsamen, Kleesamen, Holzkohle, Weizen, Weizenglutenfeed, Kurkuma, Raps\u00f6l, Zucker, kohlenstoffhaltige Tonerde, Hefe, Knoblauch, L\u00f6wenzahnwurzel, Korianderbl\u00e4tter, Oregano, Echinacea, Kalziumpropionat, Bicalciumphosphat.<\/p>\n<p><strong>ANALYTISCHE BESTANDTEILE<\/strong><\/p>\n<ul>\n<li>Kalzium 7,28 %.<\/li>\n<li>Phosphor 0,16 %.<\/li>\n<li>Natrium 1,03 %.<\/li>\n<li>Lysin 0,18 %.<\/li>\n<li>Methionin 0,11 %.<\/li>\n<\/ul>\n","protected":false},"excerpt":{"rendered":"<p>EINE MISCHUNG AUS HOCHWERTIGEN GRITS UND MINERALIEN, ANGEREICHERT MIT AUSGEW\u00c4HLTEN GETREIDEARTEN UND SAMEN; EINE SORGF\u00c4LTIG ZUSAMMENGESTELLTE KOMBINATION AUS KR\u00c4UTERN UND TONERDEPRODUKTEN, DIE DEM K\u00d6RPER HELFEN, SICH VON ABFALLSTOFFEN ZU BEFREIEN. DIE ZUSAMMENSETZUNG DIESER MISCHUNG SORGT F\u00dcR EINE BESSERE ABSORPTION DER N\u00c4HRSTOFFE UND ERM\u00d6GLICHT EINE EFFIZIENTERE AKKUMULATION F\u00dcR EINE OPTIMALE FORMGEBUNG. Die Erg\u00e4nzung mit Getreide und [&hellip;]<\/p>\n","protected":false},"featured_media":25925,"comment_status":"open","ping_status":"closed","template":"","meta":[],"product_brand":[182],"product_cat":[218,217,252],"product_tag":[],"class_list":{"0":"post-26475","1":"product","2":"type-product","3":"status-publish","4":"has-post-thumbnail","6":"product_brand-beyers","7":"product_cat-lebensmittel","8":"product_cat-nahrungserganzungsmittel","9":"product_cat-tauben","10":"product_shipping_class-postpac-economy-10kg","13":"first","14":"instock","15":"shipping-taxable","16":"purchasable","17":"product-type-simple"},"jetpack_sharing_enabled":true,"_links":{"self":[{"href":"https:\/\/avesaguiar.ch\/de\/wp-json\/wp\/v2\/product\/26475","targetHints":{"allow":["GET"]}}],"collection":[{"href":"https:\/\/avesaguiar.ch\/de\/wp-json\/wp\/v2\/product"}],"about":[{"href":"https:\/\/avesaguiar.ch\/de\/wp-json\/wp\/v2\/types\/product"}],"replies":[{"embeddable":true,"href":"https:\/\/avesaguiar.ch\/de\/wp-json\/wp\/v2\/comments?post=26475"}],"wp:featuredmedia":[{"embeddable":true,"href":"https:\/\/avesaguiar.ch\/de\/wp-json\/wp\/v2\/media\/25925"}],"wp:attachment":[{"href":"https:\/\/avesaguiar.ch\/de\/wp-json\/wp\/v2\/media?parent=26475"}],"wp:term":[{"taxonomy":"product_brand","embeddable":true,"href":"https:\/\/avesaguiar.ch\/de\/wp-json\/wp\/v2\/product_brand?post=26475"},{"taxonomy":"product_cat","embeddable":true,"href":"https:\/\/avesaguiar.ch\/de\/wp-json\/wp\/v2\/product_cat?post=26475"},{"taxonomy":"product_tag","embeddable":true,"href":"https:\/\/avesaguiar.ch\/de\/wp-json\/wp\/v2\/product_tag?post=26475"}],"curies":[{"name":"wp","href":"https:\/\/api.w.org\/{rel}","templated":true}]}}