{"id":26477,"date":"2025-11-22T14:13:27","date_gmt":"2025-11-22T14:13:27","guid":{"rendered":"https:\/\/avesaguiar.ch\/produit\/sonnenblumenkerne-gestreift-700g\/"},"modified":"2025-11-22T14:13:27","modified_gmt":"2025-11-22T14:13:27","slug":"sonnenblumenkerne-gestreift-700g","status":"publish","type":"product","link":"https:\/\/avesaguiar.ch\/de\/produit\/sonnenblumenkerne-gestreift-700g\/","title":{"rendered":"SONNENBLUMENKERNE GESTREIFT 700G"},"content":{"rendered":"<h3 style=\"font-weight: 400;\">Beschreibung<\/h3>\n<p style=\"font-weight: 400;\">Die 700g Sonnenblumenkerne von Benelux Nature sind eine hochwertige Ern\u00e4hrungsoption f\u00fcr Wild- und Zierv\u00f6gel. Diese sorgf\u00e4ltig ausgew\u00e4hlten K\u00f6rner sind reich an N\u00e4hrstoffen und bilden eine ausgewogene Mahlzeit f\u00fcr Ihre gefiederten Freunde. <\/p>\n<p style=\"font-weight: 400;\">Dieses Futter wurde speziell formuliert, um die Ern\u00e4hrungsbed\u00fcrfnisse von V\u00f6geln zu erf\u00fcllen und sie gesund und vital zu halten. Gestreifte Sonnenblumenkerne sind eine Energiequelle und f\u00f6rdern ein gl\u00e4nzendes Gefieder, was Ihren V\u00f6geln ein strahlendes Aussehen verleiht. <\/p>\n<p style=\"font-weight: 400;\">Mit einem Gewicht von 700 g bietet diese Packung gen\u00fcgend N\u00e4hrstoffe, um Ihre V\u00f6gel \u00fcber einen l\u00e4ngeren Zeitraum zu versorgen. Die Qualit\u00e4t und Frische der Samen garantiert, dass Ihre V\u00f6gel jedes Mal eine schmackhafte Mahlzeit genie\u00dfen k\u00f6nnen. <\/p>\n<p style=\"font-weight: 400;\">Bieten Sie Ihren Wild- und Zierv\u00f6geln nur das Beste mit den gestriegelten Sonnenblumenkernen von Benelux Nature. Geben Sie Ihren gefiederten Freunden diesen nahrhaften Leckerbissen und beobachten Sie, wie sie in ihrer Umgebung aufbl\u00fchen. <\/p>\n<p style=\"font-weight: 400;\">Probieren Sie noch heute Benelux Nature Sonnenblumenkerne Strie 700g und bieten Sie Ihren V\u00f6geln die Nahrung, die sie verdienen!<\/p>\n","protected":false},"excerpt":{"rendered":"<p>Beschreibung Die 700g Sonnenblumenkerne von Benelux Nature sind eine hochwertige Ern\u00e4hrungsoption f\u00fcr Wild- und Zierv\u00f6gel. Diese sorgf\u00e4ltig ausgew\u00e4hlten K\u00f6rner sind reich an N\u00e4hrstoffen und bilden eine ausgewogene Mahlzeit f\u00fcr Ihre gefiederten Freunde. Dieses Futter wurde speziell formuliert, um die Ern\u00e4hrungsbed\u00fcrfnisse von V\u00f6geln zu erf\u00fcllen und sie gesund und vital zu halten. Gestreifte Sonnenblumenkerne sind eine [&hellip;]<\/p>\n","protected":false},"featured_media":25899,"comment_status":"open","ping_status":"closed","template":"","meta":[],"product_brand":[62],"product_cat":[245,254],"product_tag":[],"class_list":{"0":"post-26477","1":"product","2":"type-product","3":"status-publish","4":"has-post-thumbnail","6":"product_brand-benelux","7":"product_cat-lebensmittel-2","8":"product_cat-vogel","9":"product_shipping_class-postpac-economy-900g","12":"first","13":"instock","14":"shipping-taxable","15":"purchasable","16":"product-type-simple"},"jetpack_sharing_enabled":true,"_links":{"self":[{"href":"https:\/\/avesaguiar.ch\/de\/wp-json\/wp\/v2\/product\/26477","targetHints":{"allow":["GET"]}}],"collection":[{"href":"https:\/\/avesaguiar.ch\/de\/wp-json\/wp\/v2\/product"}],"about":[{"href":"https:\/\/avesaguiar.ch\/de\/wp-json\/wp\/v2\/types\/product"}],"replies":[{"embeddable":true,"href":"https:\/\/avesaguiar.ch\/de\/wp-json\/wp\/v2\/comments?post=26477"}],"wp:featuredmedia":[{"embeddable":true,"href":"https:\/\/avesaguiar.ch\/de\/wp-json\/wp\/v2\/media\/25899"}],"wp:attachment":[{"href":"https:\/\/avesaguiar.ch\/de\/wp-json\/wp\/v2\/media?parent=26477"}],"wp:term":[{"taxonomy":"product_brand","embeddable":true,"href":"https:\/\/avesaguiar.ch\/de\/wp-json\/wp\/v2\/product_brand?post=26477"},{"taxonomy":"product_cat","embeddable":true,"href":"https:\/\/avesaguiar.ch\/de\/wp-json\/wp\/v2\/product_cat?post=26477"},{"taxonomy":"product_tag","embeddable":true,"href":"https:\/\/avesaguiar.ch\/de\/wp-json\/wp\/v2\/product_tag?post=26477"}],"curies":[{"name":"wp","href":"https:\/\/api.w.org\/{rel}","templated":true}]}}