{"id":26483,"date":"2025-11-23T14:09:51","date_gmt":"2025-11-23T14:09:51","guid":{"rendered":"https:\/\/avesaguiar.ch\/produit\/beyers-premium-thone-olympic-20-kg\/"},"modified":"2025-11-23T14:09:51","modified_gmt":"2025-11-23T14:09:51","slug":"beyers-premium-thone-olympic-20-kg","status":"publish","type":"product","link":"https:\/\/avesaguiar.ch\/de\/produit\/beyers-premium-thone-olympic-20-kg\/","title":{"rendered":"Beyers-Premium Thon\u00e9 Olympic 20 kg"},"content":{"rendered":"<h2>Premium Thon\u00e9 Olympic &#8211; 20 kg<\/h2>\n<ul>\n<li>Sch\u00f6ne, vielseitige Komplettmischung f\u00fcr das ganze Jahr<\/li>\n<li>Begrenztes Hinzuf\u00fcgen weiterer Mischungen w\u00e4hrend der Saison:\n<ul>\n<li><em>Winteraufzucht<\/em>: Zus\u00e4tzliches Eiwei\u00df in einer L\u00fctticher Mischung (Erbsen\u00fcberschuss)<\/li>\n<li><em>Sport<\/em>: zus\u00e4tzliche Kohlenhydrate und Fette unter <strong>GALAXY SPORT ENERGY<\/strong> und <strong>GALAXY LONG DISTANCE TT<\/strong><\/li>\n<li><em>Muete<\/em>: <strong>MOULTING SUPPORT<\/strong><\/li>\n<li>\n<div class=\"\">\n<div class=\"\">\n<h2>Zusammensetzung<\/h2>\n<div class=\"\">\n<p>Kleines Cribbs-Mais &#8211; wei\u00dfer Weizen &#8211; ger\u00f6stete Sojabohnen &#8211; wei\u00dfer Dari &#8211; Paddy-Reis &#8211; Meran-Mais &#8211; Cardi &#8211; gelbe Erbsen &#8211; gr\u00fcne Erbsen &#8211; Wicken &#8211; extra rote Sorghum &#8211; Linsen &#8211; gesch\u00e4lter Hafer &#8211; Hanf &#8211; Dunpea-Erbsen &#8211; Gerste &#8211; gestreifte Sonnenblumen &#8211; Kadjang Idjoe &#8211; R\u00fcben &#8211; Maple Peas &#8211; Mariendistel &#8211; Leinsamen &#8211; gelbe Hirse &#8211; Alpenstrandl\u00e4ufer<\/p>\n<\/div>\n<\/div>\n<\/div>\n<div class=\"\">\n<div class=\"\">\n<h2>Analytische Bestandteile<\/h2>\n<div class=\"\">\n<p>Kohlenhydrate 52,69% &#8211; Rohprotein 15,46% &#8211; Rohfett 8,41% &#8211; Rohfaser 6,23% &#8211; Rohasche 2,40% &#8211; Lysin 0,73% &#8211; Phosphor 0,36% &#8211; Methionin 0,22% &#8211; Kalzium 0,10%.<\/p>\n<\/div>\n<\/div>\n<\/div>\n<\/li>\n<\/ul>\n<\/li>\n<\/ul>\n","protected":false},"excerpt":{"rendered":"<p>Premium Thon\u00e9 Olympic &#8211; 20 kg Sch\u00f6ne, vielseitige Komplettmischung f\u00fcr das ganze Jahr Begrenztes Hinzuf\u00fcgen weiterer Mischungen w\u00e4hrend der Saison: Winteraufzucht: Zus\u00e4tzliches Eiwei\u00df in einer L\u00fctticher Mischung (Erbsen\u00fcberschuss) Sport: zus\u00e4tzliche Kohlenhydrate und Fette unter GALAXY SPORT ENERGY und GALAXY LONG DISTANCE TT Muete: MOULTING SUPPORT Zusammensetzung Kleines Cribbs-Mais &#8211; wei\u00dfer Weizen &#8211; ger\u00f6stete Sojabohnen &#8211; [&hellip;]<\/p>\n","protected":false},"featured_media":22299,"comment_status":"open","ping_status":"closed","template":"","meta":[],"product_brand":[182],"product_cat":[218],"product_tag":[],"class_list":{"0":"post-26483","1":"product","2":"type-product","3":"status-publish","4":"has-post-thumbnail","6":"product_brand-beyers","7":"product_cat-lebensmittel","8":"product_shipping_class-postpac-economy-30kg","11":"first","12":"instock","13":"sale","14":"shipping-taxable","15":"purchasable","16":"product-type-simple"},"jetpack_sharing_enabled":true,"_links":{"self":[{"href":"https:\/\/avesaguiar.ch\/de\/wp-json\/wp\/v2\/product\/26483","targetHints":{"allow":["GET"]}}],"collection":[{"href":"https:\/\/avesaguiar.ch\/de\/wp-json\/wp\/v2\/product"}],"about":[{"href":"https:\/\/avesaguiar.ch\/de\/wp-json\/wp\/v2\/types\/product"}],"replies":[{"embeddable":true,"href":"https:\/\/avesaguiar.ch\/de\/wp-json\/wp\/v2\/comments?post=26483"}],"wp:featuredmedia":[{"embeddable":true,"href":"https:\/\/avesaguiar.ch\/de\/wp-json\/wp\/v2\/media\/22299"}],"wp:attachment":[{"href":"https:\/\/avesaguiar.ch\/de\/wp-json\/wp\/v2\/media?parent=26483"}],"wp:term":[{"taxonomy":"product_brand","embeddable":true,"href":"https:\/\/avesaguiar.ch\/de\/wp-json\/wp\/v2\/product_brand?post=26483"},{"taxonomy":"product_cat","embeddable":true,"href":"https:\/\/avesaguiar.ch\/de\/wp-json\/wp\/v2\/product_cat?post=26483"},{"taxonomy":"product_tag","embeddable":true,"href":"https:\/\/avesaguiar.ch\/de\/wp-json\/wp\/v2\/product_tag?post=26483"}],"curies":[{"name":"wp","href":"https:\/\/api.w.org\/{rel}","templated":true}]}}