{"id":26490,"date":"2025-11-23T14:41:53","date_gmt":"2025-11-23T14:41:53","guid":{"rendered":"https:\/\/avesaguiar.ch\/produit\/beyers-galaxy-zucht-20-kg\/"},"modified":"2025-11-23T14:41:53","modified_gmt":"2025-11-23T14:41:53","slug":"beyers-galaxy-zucht-20-kg","status":"publish","type":"product","link":"https:\/\/avesaguiar.ch\/de\/produit\/beyers-galaxy-zucht-20-kg\/","title":{"rendered":"Beyers-Galaxy Zucht 20 kg"},"content":{"rendered":"<h2>Galaxy Zucht &#8211; 20 kg<\/h2>\n<ul>\n<li>Sehr vielseitige Mischung mit kleinem Cribs-Mais, Bordeaux-Mais, Erbsen, Katjang Idjoe, ger\u00f6steten Sojabohnen und einer breiten Palette an fettreichen K\u00f6rnern.<\/li>\n<li>Kombination aus einem hohen Proteingehalt und einem hohen Fettgehalt: perfektes Wachstum f\u00fcr junge Tauben mit weichem Gefieder. Auch perfekt f\u00fcr Tauben, die auf dem Nest gespielt werden.<\/li>\n<\/ul>\n<div class=\"\">\n<div class=\"\">\n<h2>Zusammensetzung<\/h2>\n<div class=\"\">\n<p>Kleiner Cribbs-Mais &#8211; gr\u00fcne Erbsen &#8211; extra wei\u00dfer Dari &#8211; wei\u00dfer Weizen &#8211; gedrehte Sojabohnen &#8211; rote Sorghumhirse &#8211; Karden &#8211; gelbe Erbsen &#8211; bordeauxroter Mais &#8211; Dunpeas &#8211; Maple Peas &#8211; Wicken &#8211; Katjang Idjoe &#8211; gesch\u00e4lter Hafer &#8211; Linsen &#8211; Alpaka &#8211; Hanf &#8211; Mariendistel &#8211; Raps &#8211; Leinsamen &#8211; Sesamsamen &#8211; Cargo-Reis &#8211; Buchweizen &#8211; gesch\u00e4lte Sonnenblumen.<\/p>\n<\/div>\n<\/div>\n<\/div>\n<div class=\"\">\n<div class=\"\">\n<h2>Analytische Bestandteile<\/h2>\n<div class=\"\">\n<p>Kohlenhydrate 53,66% &#8211; Rohprotein 16,91% &#8211; Rohfett 7,39% &#8211; Rohfaser 5,96% &#8211; Rohasche 2,46% &#8211; Kalzium 0,09% &#8211; Phosphor 0,34% &#8211; Natrium 0,01% &#8211; Lysin 0,84% &#8211; Methionin 0,21%.<\/p>\n<\/div>\n<\/div>\n<\/div>\n<p>&nbsp;<\/p>\n","protected":false},"excerpt":{"rendered":"<p>Galaxy Zucht &#8211; 20 kg Sehr vielseitige Mischung mit kleinem Cribs-Mais, Bordeaux-Mais, Erbsen, Katjang Idjoe, ger\u00f6steten Sojabohnen und einer breiten Palette an fettreichen K\u00f6rnern. Kombination aus einem hohen Proteingehalt und einem hohen Fettgehalt: perfektes Wachstum f\u00fcr junge Tauben mit weichem Gefieder. Auch perfekt f\u00fcr Tauben, die auf dem Nest gespielt werden. Zusammensetzung Kleiner Cribbs-Mais &#8211; [&hellip;]<\/p>\n","protected":false},"featured_media":25960,"comment_status":"open","ping_status":"closed","template":"","meta":[],"product_brand":[182],"product_cat":[218],"product_tag":[],"class_list":{"0":"post-26490","1":"product","2":"type-product","3":"status-publish","4":"has-post-thumbnail","6":"product_brand-beyers","7":"product_cat-lebensmittel","8":"product_shipping_class-postpac-economy-30kg","11":"first","12":"instock","13":"shipping-taxable","14":"purchasable","15":"product-type-simple"},"jetpack_sharing_enabled":true,"_links":{"self":[{"href":"https:\/\/avesaguiar.ch\/de\/wp-json\/wp\/v2\/product\/26490","targetHints":{"allow":["GET"]}}],"collection":[{"href":"https:\/\/avesaguiar.ch\/de\/wp-json\/wp\/v2\/product"}],"about":[{"href":"https:\/\/avesaguiar.ch\/de\/wp-json\/wp\/v2\/types\/product"}],"replies":[{"embeddable":true,"href":"https:\/\/avesaguiar.ch\/de\/wp-json\/wp\/v2\/comments?post=26490"}],"wp:featuredmedia":[{"embeddable":true,"href":"https:\/\/avesaguiar.ch\/de\/wp-json\/wp\/v2\/media\/25960"}],"wp:attachment":[{"href":"https:\/\/avesaguiar.ch\/de\/wp-json\/wp\/v2\/media?parent=26490"}],"wp:term":[{"taxonomy":"product_brand","embeddable":true,"href":"https:\/\/avesaguiar.ch\/de\/wp-json\/wp\/v2\/product_brand?post=26490"},{"taxonomy":"product_cat","embeddable":true,"href":"https:\/\/avesaguiar.ch\/de\/wp-json\/wp\/v2\/product_cat?post=26490"},{"taxonomy":"product_tag","embeddable":true,"href":"https:\/\/avesaguiar.ch\/de\/wp-json\/wp\/v2\/product_tag?post=26490"}],"curies":[{"name":"wp","href":"https:\/\/api.w.org\/{rel}","templated":true}]}}