{"id":26496,"date":"2025-11-23T14:55:15","date_gmt":"2025-11-23T14:55:15","guid":{"rendered":"https:\/\/avesaguiar.ch\/produit\/beyers-galaxy-sport-energy-20-kg\/"},"modified":"2025-11-23T14:55:15","modified_gmt":"2025-11-23T14:55:15","slug":"beyers-galaxy-sport-energy-20-kg","status":"publish","type":"product","link":"https:\/\/avesaguiar.ch\/de\/produit\/beyers-galaxy-sport-energy-20-kg\/","title":{"rendered":"Beyers-Galaxy Sport Energy 20 kg"},"content":{"rendered":"<h2>Galaxy Sport Energy &#8211; 20 kg<\/h2>\n<p>&nbsp;<\/p>\n<ul>\n<li>Besonders fett- und proteinreiche Mischung (ohne Erbsen), ideal f\u00fcr die letzte F\u00fctterungsphase bei der Einstallung von Fl\u00fcgen &gt; 400 km.<\/li>\n<li>Die gesch\u00e4lten Sonnenblumenkerne in dieser Mischung (10 %), die sehr fettreich ist, sorgen daf\u00fcr, dass die Tauben weiterhin gut fressen.<\/li>\n<li>6 verschiedene Maissorten decken den Bedarf an Kohlenhydraten, 18 verschiedene Samen und K\u00f6rner decken den erh\u00f6hten Bedarf an Fett.<\/li>\n<\/ul>\n<div class=\"\">\n<div class=\"\">\n<h2>Zusammensetzung<\/h2>\n<div class=\"\">\n<p>Sonnenblumen gesch\u00e4lt &#8211; Sojabohnen ger\u00f6stet &#8211; Bordeaux-Mais &#8211; Merano-Mais &#8211; Hanf &#8211; gesch\u00e4lter Hafer &#8211; wei\u00dfer Weizen &#8211; Cribbs-Mais &#8211; kleiner Cribbs-Mais &#8211; Karden &#8211; Paddy-Reis &#8211; Popcorn-Mais &#8211; Wicken &#8211; Leinsamen &#8211; wei\u00dfe Samen &#8211; Platamais &#8211; Cargo-Reis &#8211; Kadjang Idjoe &#8211; Raps &#8211; R\u00fcbsen &#8211; Mariendistel &#8211; junge Hirse &#8211; Sesamk\u00f6rner &#8211; wei\u00dfe Hirse<\/p>\n<\/div>\n<\/div>\n<\/div>\n<div class=\"\">\n<div class=\"\">\n<h2>Analytische Bestandteile<\/h2>\n<div class=\"\">\n<p>Kohlenhydrate 43,11% &#8211; Rohprotein 16,44% &#8211; Rohfett 16,10% &#8211; Rohfaser 6,678% &#8211; Rohasche 2,76% &#8211; Kalzium 0,15% &#8211; Phosphor 0,42% &#8211; Natrium 0,01% &#8211; Lysin 0,65% &#8211; Methionin 0,28%.<\/p>\n<\/div>\n<\/div>\n<\/div>\n","protected":false},"excerpt":{"rendered":"<p>Galaxy Sport Energy &#8211; 20 kg &nbsp; Besonders fett- und proteinreiche Mischung (ohne Erbsen), ideal f\u00fcr die letzte F\u00fctterungsphase bei der Einstallung von Fl\u00fcgen &gt; 400 km. Die gesch\u00e4lten Sonnenblumenkerne in dieser Mischung (10 %), die sehr fettreich ist, sorgen daf\u00fcr, dass die Tauben weiterhin gut fressen. 6 verschiedene Maissorten decken den Bedarf an Kohlenhydraten, [&hellip;]<\/p>\n","protected":false},"featured_media":25960,"comment_status":"open","ping_status":"closed","template":"","meta":[],"product_brand":[182],"product_cat":[218],"product_tag":[],"class_list":{"0":"post-26496","1":"product","2":"type-product","3":"status-publish","4":"has-post-thumbnail","6":"product_brand-beyers","7":"product_cat-lebensmittel","8":"product_shipping_class-postpac-economy-30kg","11":"first","12":"instock","13":"shipping-taxable","14":"purchasable","15":"product-type-simple"},"jetpack_sharing_enabled":true,"_links":{"self":[{"href":"https:\/\/avesaguiar.ch\/de\/wp-json\/wp\/v2\/product\/26496","targetHints":{"allow":["GET"]}}],"collection":[{"href":"https:\/\/avesaguiar.ch\/de\/wp-json\/wp\/v2\/product"}],"about":[{"href":"https:\/\/avesaguiar.ch\/de\/wp-json\/wp\/v2\/types\/product"}],"replies":[{"embeddable":true,"href":"https:\/\/avesaguiar.ch\/de\/wp-json\/wp\/v2\/comments?post=26496"}],"wp:featuredmedia":[{"embeddable":true,"href":"https:\/\/avesaguiar.ch\/de\/wp-json\/wp\/v2\/media\/25960"}],"wp:attachment":[{"href":"https:\/\/avesaguiar.ch\/de\/wp-json\/wp\/v2\/media?parent=26496"}],"wp:term":[{"taxonomy":"product_brand","embeddable":true,"href":"https:\/\/avesaguiar.ch\/de\/wp-json\/wp\/v2\/product_brand?post=26496"},{"taxonomy":"product_cat","embeddable":true,"href":"https:\/\/avesaguiar.ch\/de\/wp-json\/wp\/v2\/product_cat?post=26496"},{"taxonomy":"product_tag","embeddable":true,"href":"https:\/\/avesaguiar.ch\/de\/wp-json\/wp\/v2\/product_tag?post=26496"}],"curies":[{"name":"wp","href":"https:\/\/api.w.org\/{rel}","templated":true}]}}