{"id":26509,"date":"2025-03-23T16:03:44","date_gmt":"2025-03-23T16:03:44","guid":{"rendered":"https:\/\/avesaguiar.ch\/produit\/ergonomischer-korb-aus-kunststoff\/"},"modified":"2025-03-23T16:03:44","modified_gmt":"2025-03-23T16:03:44","slug":"ergonomischer-korb-aus-kunststoff","status":"publish","type":"product","link":"https:\/\/avesaguiar.ch\/de\/produit\/ergonomischer-korb-aus-kunststoff\/","title":{"rendered":"Ergonomischer Korb aus Kunststoff"},"content":{"rendered":"<p>Ergonomischer, umweltfreundlicher Kunststoffkorb f\u00fcr Hunde<\/p>\n<p>Der Morfeo Korb wird aus recyceltem Kunststoff hergestellt und ist daher sehr umweltfreundlich.<\/p>\n<p>PET-Flaschen, die nach ihrem Verbrauch im Abfall landen, werden gesammelt und sorgf\u00e4ltig in regenerierten Kunststoff f\u00fcr neue Anwendungen wie diesen Hundekorb umgewandelt. Sie erkennen die umweltfreundlichen Produkte . <\/p>\n<p>Der Morfeo ist ein ergonomischer, robuster und langlebiger Korb. Der ovale Korb strahlt Klasse und Eleganz aus. <\/p>\n<p>Der Boden des Korbes ist perforiert, um eine optimale Bel\u00fcftung des Kissens oder der Decke zu gew\u00e4hrleisten.<\/p>\n<p>Die rutschfesten Gummif\u00fc\u00dfe sorgen daf\u00fcr, dass der Korb an seinem Platz bleibt und der Boden gesch\u00fctzt wird.<\/p>\n<p>Abmessungen-79 x 55 x 22 cm<\/p>\n","protected":false},"excerpt":{"rendered":"<p>Ergonomischer, umweltfreundlicher Kunststoffkorb f\u00fcr Hunde Der Morfeo Korb wird aus recyceltem Kunststoff hergestellt und ist daher sehr umweltfreundlich. PET-Flaschen, die nach ihrem Verbrauch im Abfall landen, werden gesammelt und sorgf\u00e4ltig in regenerierten Kunststoff f\u00fcr neue Anwendungen wie diesen Hundekorb umgewandelt. Sie erkennen die umweltfreundlichen Produkte . Der Morfeo ist ein ergonomischer, robuster und langlebiger Korb. [&hellip;]<\/p>\n","protected":false},"featured_media":25536,"comment_status":"open","ping_status":"closed","template":"","meta":[],"product_brand":[187],"product_cat":[268,267,269],"product_tag":[],"class_list":{"0":"post-26509","1":"product","2":"type-product","3":"status-publish","4":"has-post-thumbnail","6":"product_brand-kinlys","7":"product_cat-bettenbettdecken","8":"product_cat-hund","9":"product_cat-zubehor","10":"product_shipping_class-postpac-economy-10kg","13":"first","14":"instock","15":"shipping-taxable","16":"purchasable","17":"product-type-simple"},"jetpack_sharing_enabled":true,"_links":{"self":[{"href":"https:\/\/avesaguiar.ch\/de\/wp-json\/wp\/v2\/product\/26509","targetHints":{"allow":["GET"]}}],"collection":[{"href":"https:\/\/avesaguiar.ch\/de\/wp-json\/wp\/v2\/product"}],"about":[{"href":"https:\/\/avesaguiar.ch\/de\/wp-json\/wp\/v2\/types\/product"}],"replies":[{"embeddable":true,"href":"https:\/\/avesaguiar.ch\/de\/wp-json\/wp\/v2\/comments?post=26509"}],"wp:featuredmedia":[{"embeddable":true,"href":"https:\/\/avesaguiar.ch\/de\/wp-json\/wp\/v2\/media\/25536"}],"wp:attachment":[{"href":"https:\/\/avesaguiar.ch\/de\/wp-json\/wp\/v2\/media?parent=26509"}],"wp:term":[{"taxonomy":"product_brand","embeddable":true,"href":"https:\/\/avesaguiar.ch\/de\/wp-json\/wp\/v2\/product_brand?post=26509"},{"taxonomy":"product_cat","embeddable":true,"href":"https:\/\/avesaguiar.ch\/de\/wp-json\/wp\/v2\/product_cat?post=26509"},{"taxonomy":"product_tag","embeddable":true,"href":"https:\/\/avesaguiar.ch\/de\/wp-json\/wp\/v2\/product_tag?post=26509"}],"curies":[{"name":"wp","href":"https:\/\/api.w.org\/{rel}","templated":true}]}}