{"id":26541,"date":"2025-03-23T20:01:09","date_gmt":"2025-03-23T20:01:09","guid":{"rendered":"https:\/\/avesaguiar.ch\/produit\/wasserdichter-mantel-montreal-grau\/"},"modified":"2025-03-23T20:01:09","modified_gmt":"2025-03-23T20:01:09","slug":"wasserdichter-mantel-montreal-grau","status":"publish","type":"product","link":"https:\/\/avesaguiar.ch\/de\/produit\/wasserdichter-mantel-montreal-grau\/","title":{"rendered":"WASSERDICHTER MANTEL MONTREAL GRAU"},"content":{"rendered":"<p>Praktischer Regenmantel aus Polyester mit Fleece-F\u00fcllung, abnehmbare Kn\u00f6pfe mit Clip.<\/p>\n<p>Diese Eigenschaft macht ihn zu einem perfekten Begleiter f\u00fcr jede Jahreszeit. Ausgestattet mit einem Loch f\u00fcr die Leine, Gummib\u00e4ndern f\u00fcr die Hinterbeine und einem verstellbaren Klettverschluss. <\/p>\n<p>Bequem zu tragen, klassisch im Stil! Farbe grau.<\/p>\n<p>R\u00fcckenma\u00df 80 cm<\/p>\n<p>Um die richtige Gr\u00f6\u00dfe f\u00fcr das Hundeshirt, den Regenmantel oder den Mantel zu w\u00e4hlen, m\u00fcssen Sie den Abstand zwischen dem Widerrist und der Rute entlang des R\u00fcckens Ihres Hundes oder den Abstand in Zentimetern zwischen dem Hals und der Rute des Hundes messen.<\/p>\n<p>Beispiel: Der R\u00fccken meines Hundes ist 35 cm lang und der Mantel, den ich kaufen m\u00f6chte, ist in den Gr\u00f6\u00dfen 34 cm und 38 cm verpackt: Ich muss eine Gr\u00f6\u00dfe 38 bestellen, damit der Mantel meinem Hund gut passt, da 34 zu klein w\u00e4re.<\/p>\n","protected":false},"excerpt":{"rendered":"<p>Praktischer Regenmantel aus Polyester mit Fleece-F\u00fcllung, abnehmbare Kn\u00f6pfe mit Clip. Diese Eigenschaft macht ihn zu einem perfekten Begleiter f\u00fcr jede Jahreszeit. Ausgestattet mit einem Loch f\u00fcr die Leine, Gummib\u00e4ndern f\u00fcr die Hinterbeine und einem verstellbaren Klettverschluss. Bequem zu tragen, klassisch im Stil! Farbe grau. R\u00fcckenma\u00df 80 cm Um die richtige Gr\u00f6\u00dfe f\u00fcr das Hundeshirt, den [&hellip;]<\/p>\n","protected":false},"featured_media":25579,"comment_status":"open","ping_status":"closed","template":"","meta":[],"product_brand":[187],"product_cat":[267,269],"product_tag":[],"class_list":{"0":"post-26541","1":"product","2":"type-product","3":"status-publish","4":"has-post-thumbnail","6":"product_brand-kinlys","7":"product_cat-hund","8":"product_cat-zubehor","9":"product_shipping_class-postpac-economy-900g","12":"first","13":"instock","14":"shipping-taxable","15":"purchasable","16":"product-type-simple"},"jetpack_sharing_enabled":true,"_links":{"self":[{"href":"https:\/\/avesaguiar.ch\/de\/wp-json\/wp\/v2\/product\/26541","targetHints":{"allow":["GET"]}}],"collection":[{"href":"https:\/\/avesaguiar.ch\/de\/wp-json\/wp\/v2\/product"}],"about":[{"href":"https:\/\/avesaguiar.ch\/de\/wp-json\/wp\/v2\/types\/product"}],"replies":[{"embeddable":true,"href":"https:\/\/avesaguiar.ch\/de\/wp-json\/wp\/v2\/comments?post=26541"}],"wp:featuredmedia":[{"embeddable":true,"href":"https:\/\/avesaguiar.ch\/de\/wp-json\/wp\/v2\/media\/25579"}],"wp:attachment":[{"href":"https:\/\/avesaguiar.ch\/de\/wp-json\/wp\/v2\/media?parent=26541"}],"wp:term":[{"taxonomy":"product_brand","embeddable":true,"href":"https:\/\/avesaguiar.ch\/de\/wp-json\/wp\/v2\/product_brand?post=26541"},{"taxonomy":"product_cat","embeddable":true,"href":"https:\/\/avesaguiar.ch\/de\/wp-json\/wp\/v2\/product_cat?post=26541"},{"taxonomy":"product_tag","embeddable":true,"href":"https:\/\/avesaguiar.ch\/de\/wp-json\/wp\/v2\/product_tag?post=26541"}],"curies":[{"name":"wp","href":"https:\/\/api.w.org\/{rel}","templated":true}]}}