{"id":26546,"date":"2025-03-23T20:07:05","date_gmt":"2025-03-23T20:07:05","guid":{"rendered":"https:\/\/avesaguiar.ch\/produit\/hundemantel-brosche-brillant\/"},"modified":"2025-03-23T20:07:05","modified_gmt":"2025-03-23T20:07:05","slug":"hundemantel-brosche-brillant","status":"publish","type":"product","link":"https:\/\/avesaguiar.ch\/de\/produit\/hundemantel-brosche-brillant\/","title":{"rendered":"Hundemantel Brosche Brillant"},"content":{"rendered":"<p>Gl\u00e4nzender, gl\u00e4nzender Hundemantel. Perfekt, um an Herbst- und kalten Wintertagen modisch zu sein. <\/p>\n<p>Maximale Passform durch elastische Beinabschl\u00fcsse, Loch f\u00fcr die Leine, elastischer Umfang, verstellbar mit Klettverschluss.<\/p>\n<p>Mit einem Stift einf\u00fcgen.<\/p>\n<p>Mantel mit gl\u00e4nzenden Broschen f\u00fcr Hunde, cm 30<\/p>\n<p>Um die richtige Gr\u00f6\u00dfe f\u00fcr das Hundeshirt, den Regenmantel oder den Mantel zu w\u00e4hlen, m\u00fcssen Sie den Abstand zwischen dem Widerrist und der Rute entlang des R\u00fcckens Ihres Hundes oder den Abstand in Zentimetern zwischen dem Hals und der Rute des Hundes messen.<\/p>\n<p>Beispiel: Der R\u00fccken meines Hundes ist 35 cm lang und der Mantel, den ich kaufen m\u00f6chte, ist in den Gr\u00f6\u00dfen 34 cm und 38 cm verpackt: Ich muss eine Gr\u00f6\u00dfe 38 bestellen, damit der Mantel meinem Hund gut passt, da 34 zu klein w\u00e4re.<\/p>\n","protected":false},"excerpt":{"rendered":"<p>Gl\u00e4nzender, gl\u00e4nzender Hundemantel. Perfekt, um an Herbst- und kalten Wintertagen modisch zu sein. Maximale Passform durch elastische Beinabschl\u00fcsse, Loch f\u00fcr die Leine, elastischer Umfang, verstellbar mit Klettverschluss. Mit einem Stift einf\u00fcgen. Mantel mit gl\u00e4nzenden Broschen f\u00fcr Hunde, cm 30 Um die richtige Gr\u00f6\u00dfe f\u00fcr das Hundeshirt, den Regenmantel oder den Mantel zu w\u00e4hlen, m\u00fcssen Sie [&hellip;]<\/p>\n","protected":false},"featured_media":25591,"comment_status":"open","ping_status":"closed","template":"","meta":[],"product_brand":[187],"product_cat":[267,269],"product_tag":[],"class_list":{"0":"post-26546","1":"product","2":"type-product","3":"status-publish","4":"has-post-thumbnail","6":"product_brand-kinlys","7":"product_cat-hund","8":"product_cat-zubehor","9":"product_shipping_class-postpac-economy-900g","12":"first","13":"instock","14":"shipping-taxable","15":"purchasable","16":"product-type-simple"},"jetpack_sharing_enabled":true,"_links":{"self":[{"href":"https:\/\/avesaguiar.ch\/de\/wp-json\/wp\/v2\/product\/26546","targetHints":{"allow":["GET"]}}],"collection":[{"href":"https:\/\/avesaguiar.ch\/de\/wp-json\/wp\/v2\/product"}],"about":[{"href":"https:\/\/avesaguiar.ch\/de\/wp-json\/wp\/v2\/types\/product"}],"replies":[{"embeddable":true,"href":"https:\/\/avesaguiar.ch\/de\/wp-json\/wp\/v2\/comments?post=26546"}],"wp:featuredmedia":[{"embeddable":true,"href":"https:\/\/avesaguiar.ch\/de\/wp-json\/wp\/v2\/media\/25591"}],"wp:attachment":[{"href":"https:\/\/avesaguiar.ch\/de\/wp-json\/wp\/v2\/media?parent=26546"}],"wp:term":[{"taxonomy":"product_brand","embeddable":true,"href":"https:\/\/avesaguiar.ch\/de\/wp-json\/wp\/v2\/product_brand?post=26546"},{"taxonomy":"product_cat","embeddable":true,"href":"https:\/\/avesaguiar.ch\/de\/wp-json\/wp\/v2\/product_cat?post=26546"},{"taxonomy":"product_tag","embeddable":true,"href":"https:\/\/avesaguiar.ch\/de\/wp-json\/wp\/v2\/product_tag?post=26546"}],"curies":[{"name":"wp","href":"https:\/\/api.w.org\/{rel}","templated":true}]}}