{"id":26549,"date":"2025-03-23T20:03:58","date_gmt":"2025-03-23T20:03:58","guid":{"rendered":"https:\/\/avesaguiar.ch\/produit\/wasserdichter-wandermantel-fuer-hunde\/"},"modified":"2025-03-23T20:03:58","modified_gmt":"2025-03-23T20:03:58","slug":"wasserdichter-wandermantel-fuer-hunde","status":"publish","type":"product","link":"https:\/\/avesaguiar.ch\/de\/produit\/wasserdichter-wandermantel-fuer-hunde\/","title":{"rendered":"Wasserdichter Wandermantel f\u00fcr Hunde"},"content":{"rendered":"<p>Wasserdichter Mantel f\u00fcr Wanderhunde<\/p>\n<p>Hergestellt aus technischem und atmungsaktivem Stoff<\/p>\n<p>Praktisch und langlebig gegen Regen und Wind<\/p>\n<p>Maximaler Komfort und Fixiergurt, Klettverschluss am Hals und am Bauch.<\/p>\n<p>Harnischloch mit wasserdichtem Rumpf<\/p>\n<p>55-58cm rot<\/p>\n<p>Um die richtige Gr\u00f6\u00dfe f\u00fcr das Hundeshirt, den Regenmantel oder den Mantel zu w\u00e4hlen, m\u00fcssen Sie den Abstand zwischen dem Widerrist und der Rute entlang des R\u00fcckens Ihres Hundes oder den Abstand in Zentimetern zwischen dem Hals und der Rute des Hundes messen.<\/p>\n<p>Beispiel: Der R\u00fccken meines Hundes ist 35 cm lang und der Mantel, den ich kaufen m\u00f6chte, ist in den Gr\u00f6\u00dfen 34 cm und 38 cm verpackt:<\/p>\n<p>Ich werde Gr\u00f6\u00dfe 38 bestellen m\u00fcssen, damit der Mantel meinem Hund gut passt, denn 34 w\u00e4re zu klein.<\/p>\n","protected":false},"excerpt":{"rendered":"<p>Wasserdichter Mantel f\u00fcr Wanderhunde Hergestellt aus technischem und atmungsaktivem Stoff Praktisch und langlebig gegen Regen und Wind Maximaler Komfort und Fixiergurt, Klettverschluss am Hals und am Bauch. Harnischloch mit wasserdichtem Rumpf 55-58cm rot Um die richtige Gr\u00f6\u00dfe f\u00fcr das Hundeshirt, den Regenmantel oder den Mantel zu w\u00e4hlen, m\u00fcssen Sie den Abstand zwischen dem Widerrist und [&hellip;]<\/p>\n","protected":false},"featured_media":25585,"comment_status":"open","ping_status":"closed","template":"","meta":[],"product_brand":[187],"product_cat":[267,269],"product_tag":[],"class_list":{"0":"post-26549","1":"product","2":"type-product","3":"status-publish","4":"has-post-thumbnail","6":"product_brand-kinlys","7":"product_cat-hund","8":"product_cat-zubehor","9":"product_shipping_class-postpac-economy-2kg","12":"first","13":"instock","14":"shipping-taxable","15":"purchasable","16":"product-type-simple"},"jetpack_sharing_enabled":true,"_links":{"self":[{"href":"https:\/\/avesaguiar.ch\/de\/wp-json\/wp\/v2\/product\/26549","targetHints":{"allow":["GET"]}}],"collection":[{"href":"https:\/\/avesaguiar.ch\/de\/wp-json\/wp\/v2\/product"}],"about":[{"href":"https:\/\/avesaguiar.ch\/de\/wp-json\/wp\/v2\/types\/product"}],"replies":[{"embeddable":true,"href":"https:\/\/avesaguiar.ch\/de\/wp-json\/wp\/v2\/comments?post=26549"}],"wp:featuredmedia":[{"embeddable":true,"href":"https:\/\/avesaguiar.ch\/de\/wp-json\/wp\/v2\/media\/25585"}],"wp:attachment":[{"href":"https:\/\/avesaguiar.ch\/de\/wp-json\/wp\/v2\/media?parent=26549"}],"wp:term":[{"taxonomy":"product_brand","embeddable":true,"href":"https:\/\/avesaguiar.ch\/de\/wp-json\/wp\/v2\/product_brand?post=26549"},{"taxonomy":"product_cat","embeddable":true,"href":"https:\/\/avesaguiar.ch\/de\/wp-json\/wp\/v2\/product_cat?post=26549"},{"taxonomy":"product_tag","embeddable":true,"href":"https:\/\/avesaguiar.ch\/de\/wp-json\/wp\/v2\/product_tag?post=26549"}],"curies":[{"name":"wp","href":"https:\/\/api.w.org\/{rel}","templated":true}]}}