{"id":26567,"date":"2025-03-23T20:33:11","date_gmt":"2025-03-23T20:33:11","guid":{"rendered":"https:\/\/avesaguiar.ch\/produit\/hygienische-beutel-fuer-die-sammlung-von-hundeextrakten\/"},"modified":"2025-03-23T20:33:11","modified_gmt":"2025-03-23T20:33:11","slug":"hygienische-beutel-fuer-die-sammlung-von-hundeextrakten","status":"publish","type":"product","link":"https:\/\/avesaguiar.ch\/de\/produit\/hygienische-beutel-fuer-die-sammlung-von-hundeextrakten\/","title":{"rendered":"HYGIENISCHE BEUTEL F\u00dcR DIE SAMMLUNG VON HUNDEEXTRAKTEN"},"content":{"rendered":"<p>Hygienisch &#8211; Rolle mit 20 Beuteln zum Auffangen von Exkrementen. N\u00fctzlich, hygienisch und stark, aber dennoch verwendbar. Hergestellt aus einem Material, das speziell f\u00fcr die Sammlung von Exkrementen entwickelt wurde.  <\/p>\n<p>F\u00fcr Spazierg\u00e4nge zu verwenden.<\/p>\n","protected":false},"excerpt":{"rendered":"<p>Hygienisch &#8211; Rolle mit 20 Beuteln zum Auffangen von Exkrementen. N\u00fctzlich, hygienisch und stark, aber dennoch verwendbar. Hergestellt aus einem Material, das speziell f\u00fcr die Sammlung von Exkrementen entwickelt wurde. F\u00fcr Spazierg\u00e4nge zu verwenden.<\/p>\n","protected":false},"featured_media":25632,"comment_status":"open","ping_status":"closed","template":"","meta":[],"product_brand":[187],"product_cat":[267,281,269],"product_tag":[],"class_list":{"0":"post-26567","1":"product","2":"type-product","3":"status-publish","4":"has-post-thumbnail","6":"product_brand-kinlys","7":"product_cat-hund","8":"product_cat-pflege-hygiene","9":"product_cat-zubehor","10":"product_shipping_class-postpac-economy-900g","13":"first","14":"instock","15":"shipping-taxable","16":"purchasable","17":"product-type-simple"},"jetpack_sharing_enabled":true,"_links":{"self":[{"href":"https:\/\/avesaguiar.ch\/de\/wp-json\/wp\/v2\/product\/26567","targetHints":{"allow":["GET"]}}],"collection":[{"href":"https:\/\/avesaguiar.ch\/de\/wp-json\/wp\/v2\/product"}],"about":[{"href":"https:\/\/avesaguiar.ch\/de\/wp-json\/wp\/v2\/types\/product"}],"replies":[{"embeddable":true,"href":"https:\/\/avesaguiar.ch\/de\/wp-json\/wp\/v2\/comments?post=26567"}],"wp:featuredmedia":[{"embeddable":true,"href":"https:\/\/avesaguiar.ch\/de\/wp-json\/wp\/v2\/media\/25632"}],"wp:attachment":[{"href":"https:\/\/avesaguiar.ch\/de\/wp-json\/wp\/v2\/media?parent=26567"}],"wp:term":[{"taxonomy":"product_brand","embeddable":true,"href":"https:\/\/avesaguiar.ch\/de\/wp-json\/wp\/v2\/product_brand?post=26567"},{"taxonomy":"product_cat","embeddable":true,"href":"https:\/\/avesaguiar.ch\/de\/wp-json\/wp\/v2\/product_cat?post=26567"},{"taxonomy":"product_tag","embeddable":true,"href":"https:\/\/avesaguiar.ch\/de\/wp-json\/wp\/v2\/product_tag?post=26567"}],"curies":[{"name":"wp","href":"https:\/\/api.w.org\/{rel}","templated":true}]}}