{"id":26618,"date":"2025-03-01T19:19:24","date_gmt":"2025-03-01T19:19:24","guid":{"rendered":"https:\/\/avesaguiar.ch\/produit\/futterhaus-mit-fassade-250gr\/"},"modified":"2025-03-01T19:19:24","modified_gmt":"2025-03-01T19:19:24","slug":"futterhaus-mit-fassade-250gr","status":"publish","type":"product","link":"https:\/\/avesaguiar.ch\/de\/produit\/futterhaus-mit-fassade-250gr\/","title":{"rendered":"Futterhaus mit Fassade 250gr"},"content":{"rendered":"<p>Futterhaus gegen Verschwendung mit einem Durchmesser von 28 mm: ideal f\u00fcr exotische V\u00f6gel und Kanarienv\u00f6gel.<br \/>\nDiese Art von Futterhaus ist kosteng\u00fcnstig, da die V\u00f6gel ihren Kopf herausstrecken m\u00fcssen, um drau\u00dfen zu fressen.<\/p>\n<p>Es ist mit einer Sitzstange ausgestattet.<\/p>\n<p>Dieses Futterhaus f\u00fcr drau\u00dfen kann anstelle von herk\u00f6mmlichen Futterh\u00e4usern aufgestellt oder an einer Schiebet\u00fcr des K\u00e4figs befestigt werden.<\/p>\n<p>Das Einf\u00fcllen der K\u00f6rner ist dank des Deckels oben sehr einfach.<\/p>\n","protected":false},"excerpt":{"rendered":"<p>Futterhaus gegen Verschwendung mit einem Durchmesser von 28 mm: ideal f\u00fcr exotische V\u00f6gel und Kanarienv\u00f6gel. Diese Art von Futterhaus ist kosteng\u00fcnstig, da die V\u00f6gel ihren Kopf herausstrecken m\u00fcssen, um drau\u00dfen zu fressen. Es ist mit einer Sitzstange ausgestattet. Dieses Futterhaus f\u00fcr drau\u00dfen kann anstelle von herk\u00f6mmlichen Futterh\u00e4usern aufgestellt oder an einer Schiebet\u00fcr des K\u00e4figs befestigt [&hellip;]<\/p>\n","protected":false},"featured_media":24653,"comment_status":"open","ping_status":"closed","template":"","meta":[],"product_brand":[61],"product_cat":[254,283],"product_tag":[],"class_list":{"0":"post-26618","1":"product","2":"type-product","3":"status-publish","4":"has-post-thumbnail","6":"product_brand-2gr","7":"product_cat-vogel","8":"product_cat-zubehor-3","9":"product_shipping_class-postpac-economy-900g","12":"first","13":"outofstock","14":"shipping-taxable","15":"purchasable","16":"product-type-simple"},"jetpack_sharing_enabled":true,"_links":{"self":[{"href":"https:\/\/avesaguiar.ch\/de\/wp-json\/wp\/v2\/product\/26618","targetHints":{"allow":["GET"]}}],"collection":[{"href":"https:\/\/avesaguiar.ch\/de\/wp-json\/wp\/v2\/product"}],"about":[{"href":"https:\/\/avesaguiar.ch\/de\/wp-json\/wp\/v2\/types\/product"}],"replies":[{"embeddable":true,"href":"https:\/\/avesaguiar.ch\/de\/wp-json\/wp\/v2\/comments?post=26618"}],"wp:featuredmedia":[{"embeddable":true,"href":"https:\/\/avesaguiar.ch\/de\/wp-json\/wp\/v2\/media\/24653"}],"wp:attachment":[{"href":"https:\/\/avesaguiar.ch\/de\/wp-json\/wp\/v2\/media?parent=26618"}],"wp:term":[{"taxonomy":"product_brand","embeddable":true,"href":"https:\/\/avesaguiar.ch\/de\/wp-json\/wp\/v2\/product_brand?post=26618"},{"taxonomy":"product_cat","embeddable":true,"href":"https:\/\/avesaguiar.ch\/de\/wp-json\/wp\/v2\/product_cat?post=26618"},{"taxonomy":"product_tag","embeddable":true,"href":"https:\/\/avesaguiar.ch\/de\/wp-json\/wp\/v2\/product_tag?post=26618"}],"curies":[{"name":"wp","href":"https:\/\/api.w.org\/{rel}","templated":true}]}}