{"id":26652,"date":"2025-03-01T20:12:38","date_gmt":"2025-03-01T20:12:38","guid":{"rendered":"https:\/\/avesaguiar.ch\/produit\/futtertrog-aus-kunststoff-gelb-7x40cm\/"},"modified":"2025-03-01T20:12:38","modified_gmt":"2025-03-01T20:12:38","slug":"futtertrog-aus-kunststoff-gelb-7x40cm","status":"publish","type":"product","link":"https:\/\/avesaguiar.ch\/de\/produit\/futtertrog-aus-kunststoff-gelb-7x40cm\/","title":{"rendered":"Futtertrog aus Kunststoff gelb 7x40cm"},"content":{"rendered":"<p>40 cm langer PVC-Futtertrog f\u00fcr K\u00fcken oder V\u00f6gel.<\/p>\n<p>Leicht zu reinigen und sehr robust.<\/p>\n<p>Der Futtertrog mit St\u00e4ben ist ein Anti-Verschwendungstyp.<\/p>\n","protected":false},"excerpt":{"rendered":"<p>40 cm langer PVC-Futtertrog f\u00fcr K\u00fcken oder V\u00f6gel. Leicht zu reinigen und sehr robust. Der Futtertrog mit St\u00e4ben ist ein Anti-Verschwendungstyp.<\/p>\n","protected":false},"featured_media":24761,"comment_status":"open","ping_status":"closed","template":"","meta":[],"product_brand":[187],"product_cat":[254,283],"product_tag":[],"class_list":{"0":"post-26652","1":"product","2":"type-product","3":"status-publish","4":"has-post-thumbnail","6":"product_brand-kinlys","7":"product_cat-vogel","8":"product_cat-zubehor-3","9":"product_shipping_class-postpac-economy-900g","12":"first","13":"instock","14":"shipping-taxable","15":"purchasable","16":"product-type-simple"},"jetpack_sharing_enabled":true,"_links":{"self":[{"href":"https:\/\/avesaguiar.ch\/de\/wp-json\/wp\/v2\/product\/26652","targetHints":{"allow":["GET"]}}],"collection":[{"href":"https:\/\/avesaguiar.ch\/de\/wp-json\/wp\/v2\/product"}],"about":[{"href":"https:\/\/avesaguiar.ch\/de\/wp-json\/wp\/v2\/types\/product"}],"replies":[{"embeddable":true,"href":"https:\/\/avesaguiar.ch\/de\/wp-json\/wp\/v2\/comments?post=26652"}],"wp:featuredmedia":[{"embeddable":true,"href":"https:\/\/avesaguiar.ch\/de\/wp-json\/wp\/v2\/media\/24761"}],"wp:attachment":[{"href":"https:\/\/avesaguiar.ch\/de\/wp-json\/wp\/v2\/media?parent=26652"}],"wp:term":[{"taxonomy":"product_brand","embeddable":true,"href":"https:\/\/avesaguiar.ch\/de\/wp-json\/wp\/v2\/product_brand?post=26652"},{"taxonomy":"product_cat","embeddable":true,"href":"https:\/\/avesaguiar.ch\/de\/wp-json\/wp\/v2\/product_cat?post=26652"},{"taxonomy":"product_tag","embeddable":true,"href":"https:\/\/avesaguiar.ch\/de\/wp-json\/wp\/v2\/product_tag?post=26652"}],"curies":[{"name":"wp","href":"https:\/\/api.w.org\/{rel}","templated":true}]}}