{"id":26734,"date":"2025-03-16T08:54:07","date_gmt":"2025-03-16T08:54:07","guid":{"rendered":"https:\/\/avesaguiar.ch\/produit\/automatische-hoelzerne-sitzstange-30-cm\/"},"modified":"2025-03-16T08:54:07","modified_gmt":"2025-03-16T08:54:07","slug":"automatische-hoelzerne-sitzstange-30-cm","status":"publish","type":"product","link":"https:\/\/avesaguiar.ch\/de\/produit\/automatische-hoelzerne-sitzstange-30-cm\/","title":{"rendered":"Automatische h\u00f6lzerne Sitzstange 30 cm"},"content":{"rendered":"<p>30 cm lange Sitzstange aus Holz.<\/p>\n<p>Wird zwischen den vertikalen K\u00e4figst\u00e4ben befestigt.<\/p>\n<p>Angemessene Gr\u00f6\u00dfe, um einen Vogel in einem Aufzuchtk\u00e4fig zu trainieren.<\/p>\n","protected":false},"excerpt":{"rendered":"<p>30 cm lange Sitzstange aus Holz. Wird zwischen den vertikalen K\u00e4figst\u00e4ben befestigt. Angemessene Gr\u00f6\u00dfe, um einen Vogel in einem Aufzuchtk\u00e4fig zu trainieren.<\/p>\n","protected":false},"featured_media":24888,"comment_status":"open","ping_status":"closed","template":"","meta":[],"product_brand":[187],"product_cat":[254,283],"product_tag":[],"class_list":{"0":"post-26734","1":"product","2":"type-product","3":"status-publish","4":"has-post-thumbnail","6":"product_brand-kinlys","7":"product_cat-vogel","8":"product_cat-zubehor-3","9":"product_shipping_class-postpac-economy-900g","12":"first","13":"instock","14":"shipping-taxable","15":"purchasable","16":"product-type-simple"},"jetpack_sharing_enabled":true,"_links":{"self":[{"href":"https:\/\/avesaguiar.ch\/de\/wp-json\/wp\/v2\/product\/26734","targetHints":{"allow":["GET"]}}],"collection":[{"href":"https:\/\/avesaguiar.ch\/de\/wp-json\/wp\/v2\/product"}],"about":[{"href":"https:\/\/avesaguiar.ch\/de\/wp-json\/wp\/v2\/types\/product"}],"replies":[{"embeddable":true,"href":"https:\/\/avesaguiar.ch\/de\/wp-json\/wp\/v2\/comments?post=26734"}],"wp:featuredmedia":[{"embeddable":true,"href":"https:\/\/avesaguiar.ch\/de\/wp-json\/wp\/v2\/media\/24888"}],"wp:attachment":[{"href":"https:\/\/avesaguiar.ch\/de\/wp-json\/wp\/v2\/media?parent=26734"}],"wp:term":[{"taxonomy":"product_brand","embeddable":true,"href":"https:\/\/avesaguiar.ch\/de\/wp-json\/wp\/v2\/product_brand?post=26734"},{"taxonomy":"product_cat","embeddable":true,"href":"https:\/\/avesaguiar.ch\/de\/wp-json\/wp\/v2\/product_cat?post=26734"},{"taxonomy":"product_tag","embeddable":true,"href":"https:\/\/avesaguiar.ch\/de\/wp-json\/wp\/v2\/product_tag?post=26734"}],"curies":[{"name":"wp","href":"https:\/\/api.w.org\/{rel}","templated":true}]}}