{"id":26854,"date":"2025-03-16T11:59:51","date_gmt":"2025-03-16T11:59:51","guid":{"rendered":"https:\/\/avesaguiar.ch\/produit\/10-offene-aluminiumringe-fuer-grosse-wellensittiche\/"},"modified":"2025-03-16T11:59:51","modified_gmt":"2025-03-16T11:59:51","slug":"10-offene-aluminiumringe-fuer-grosse-wellensittiche","status":"publish","type":"product","link":"https:\/\/avesaguiar.ch\/de\/produit\/10-offene-aluminiumringe-fuer-grosse-wellensittiche\/","title":{"rendered":"10 Offene Aluminiumringe f\u00fcr gro\u00dfe Wellensittiche"},"content":{"rendered":"<p class=\"h1\">10 Offene Aluminiumringe f\u00fcr gro\u00dfe Wellensittiche Gr\u00f6\u00dfe: 6mm Farbe :<\/p>\n<p>Rot-Orange-Grau-Blau-Gr\u00fcn<\/p>\n","protected":false},"excerpt":{"rendered":"<p>W\u00e4hlen Sie Ihre Lieblingsfarbe<\/p>\n","protected":false},"featured_media":24969,"comment_status":"open","ping_status":"closed","template":"","meta":[],"product_brand":[187],"product_cat":[254,283],"product_tag":[],"class_list":{"0":"post-26854","1":"product","2":"type-product","3":"status-publish","4":"has-post-thumbnail","6":"product_brand-kinlys","7":"product_cat-vogel","8":"product_cat-zubehor-3","9":"product_shipping_class-postpac-economy-900g","12":"first","13":"instock","14":"shipping-taxable","15":"purchasable","16":"product-type-variable"},"jetpack_sharing_enabled":true,"_links":{"self":[{"href":"https:\/\/avesaguiar.ch\/de\/wp-json\/wp\/v2\/product\/26854","targetHints":{"allow":["GET"]}}],"collection":[{"href":"https:\/\/avesaguiar.ch\/de\/wp-json\/wp\/v2\/product"}],"about":[{"href":"https:\/\/avesaguiar.ch\/de\/wp-json\/wp\/v2\/types\/product"}],"replies":[{"embeddable":true,"href":"https:\/\/avesaguiar.ch\/de\/wp-json\/wp\/v2\/comments?post=26854"}],"wp:featuredmedia":[{"embeddable":true,"href":"https:\/\/avesaguiar.ch\/de\/wp-json\/wp\/v2\/media\/24969"}],"wp:attachment":[{"href":"https:\/\/avesaguiar.ch\/de\/wp-json\/wp\/v2\/media?parent=26854"}],"wp:term":[{"taxonomy":"product_brand","embeddable":true,"href":"https:\/\/avesaguiar.ch\/de\/wp-json\/wp\/v2\/product_brand?post=26854"},{"taxonomy":"product_cat","embeddable":true,"href":"https:\/\/avesaguiar.ch\/de\/wp-json\/wp\/v2\/product_cat?post=26854"},{"taxonomy":"product_tag","embeddable":true,"href":"https:\/\/avesaguiar.ch\/de\/wp-json\/wp\/v2\/product_tag?post=26854"}],"curies":[{"name":"wp","href":"https:\/\/api.w.org\/{rel}","templated":true}]}}