{"id":26956,"date":"2025-03-16T14:46:22","date_gmt":"2025-03-16T14:46:22","guid":{"rendered":"https:\/\/avesaguiar.ch\/produit\/dimmer-universal-3000-bessere-elektronik\/"},"modified":"2025-03-16T14:46:22","modified_gmt":"2025-03-16T14:46:22","slug":"dimmer-universal-3000-bessere-elektronik","status":"publish","type":"product","link":"https:\/\/avesaguiar.ch\/de\/produit\/dimmer-universal-3000-bessere-elektronik\/","title":{"rendered":"Dimmer Universal 3000 &#8211; Bessere Elektronik"},"content":{"rendered":"<h2><span lang=\"fr\" xml:lang=\"fr\"><span title=\"Led, Neon, Gl\u00fchbirne, die M\u00f6glichkeit, auch zwei Umgebungen zu beleuchten, alles mit einem einzigen Produkt.\">Der leistungsst\u00e4rkste Dimmer auf dem Markt!<\/span><\/span><\/h2>\n<p><span id=\"result_box\" lang=\"fr\" xml:lang=\"fr\"><span title=\"Led, Neon, Gl\u00fchbirne, die M\u00f6glichkeit, auch zwei Umgebungen zu beleuchten, alles mit einem einzigen Produkt.\">Der <strong>Universal 3000<\/strong> Dimmer von <strong>Besser Elektronik<\/strong> hat die F\u00e4higkeit, zwei verschiedene R\u00e4ume mit einem einzigen Ger\u00e4t zu beleuchten. Er kann sowohl LEDs als auch Neonr\u00f6hren dimmen.   <\/span><span title=\"Die Zentrale kann f\u00fcr zwei Umgebungen gleichzeitig verwendet werden, mit verschiedenen Orten und Programmen in jeder einzelnen Umgebung.\">Die Steuereinheit kann f\u00fcr zwei Umgebungen gleichzeitig verwendet werden, mit Anh\u00e4ngen und unterschiedlichen Programmierungen in jeder Umgebung.<\/span><\/span><\/p>\n<p><span lang=\"fr\" xml:lang=\"fr\"><span title=\"Die Zentrale kann f\u00fcr zwei Umgebungen gleichzeitig verwendet werden, mit verschiedenen Orten und Programmen in jeder einzelnen Umgebung.\"><br \/>\n<\/span><span title=\"Nutzungsm\u00f6glichkeiten:\"><strong>M\u00f6gliche Anwendungen:<\/strong><\/span><\/span><\/p>\n<p><span title=\"Einzigartiges Ambiente mit traditionellem System:\">Einzelzimmer mit traditionellem System:<\/span><\/p>\n<p><span title=\"- Alba e tramonto con lampade incandescenti o alogene (max 600w)\">&#8211; Sonnenaufgang und -untergang mit Gl\u00fch- oder Halogenlampen (max. 600w)<br \/>\n<\/span><span title=\"- Beleuchtung w\u00e4hrend des Tages mit Neonlicht \/Energiesparlampe \/LED-Lampe 220 Volt \/Niederspannungs-LED-Leisten (max. 1000 W)\">&#8211; Beleuchtung w\u00e4hrend des Tages mit Neon \/ Energiesparlampen \/ LED-Lampen LED-Leisten 220 Volt \/ Niederspannung (max 1000w).<br \/>\n<\/span><span title=\"- Mit einem Sensor f\u00fcr das Energiesparen.  \">&#8211; Mit Sensor f\u00fcr Energieeinsparung.<br \/>\n<\/span><span title=\"Einzigartiges Ambiente mit einem System aus Niederspannungs-LED-Streifen (12\/24v).\">&#8211; Ein-Kammer-System mit LED-Leisten mit niedriger Spannung (12 \/ 24v).<br \/>\n<\/span><span title=\"- Alba \/ Tramonto mit Niederspannungs-LEDs, Raumbeleuchtung oder die einzigartigen Gabbies mit den meisterhaften LEDs, die die Alba \/ Tramonto-Phase durchlaufen haben.  \">&#8211; Sonnenaufgang \/ Sonnenuntergang mit Niedervolt-LED-Leisten, Raumbeleuchtung oder einzelne K\u00e4fige mit den gleichen LED-Leisten, die den Sonnenaufgang \/ Sonnenuntergang auf der B\u00fchne gemacht haben.<\/span><\/p>\n<p><span title=\"Einzigartiges Ambiente mit einheitlichem System\">Einzelzimmer mit gemischtem System:<\/span><\/p>\n<p><span title=\"- Alba\/Tramonto mit Gl\u00fchlampen, Alogen oder Niederspannungs-LEDs.\">&#8211; Sonnenaufgang \/ Sonnenuntergang mit Gl\u00fch-, Halogen- oder LED-Balkenspannung.<br \/>\n<\/span><span title=\"- Beleuchtung w\u00e4hrend des Tages mit Neon \/ Energiesparlampe \/ 220v LED-Lampen \/ Niederspannungs-LED-Leisten.   \">&#8211; Beleuchtung tags\u00fcber mit Neon- \/ Energiesparlampen \/ LED-Lampen LED-Leisten 220v \/ Niederspannung.<\/span><\/p>\n<p><span title=\"Zwei Umgebungen (eine mit traditionellem System und eine mit Led-Streifen-System)\">Zwei Schlafzimmer (eines mit traditionellem System und eines mit LED-Balkensystem):<\/span><\/p>\n<p><span title=\"- Das erste Ambiente mit traditionellem System wie oben beschrieben.\">&#8211; Die erste Umgebung mit einem traditionellen System wie oben beschrieben.<br \/>\n<\/span><span title=\"- Das zweite Ambiente mit einem Niederspannungs-LED-System, wie oben beschrieben.  \">&#8211; Die zweite Umgebung mit einem LED-Niederspannungssystem wie oben beschrieben.<\/span><\/p>\n<p><span title=\"Die wichtigsten technischen Merkmale des Produkts:\"><strong>Hauptmerkmale des Produkts:<\/strong><\/span><\/p>\n<p><span title=\"- Die St\u00e4rke des Systems liegt in seiner einfachen Programmierung.\">&#8211; Die St\u00e4rke ist die einfache Programmierung.<br \/>\n<\/span><span title=\"- Schermo TOUCH SCREEN\">&#8211; <strong>TOUCHSCREEN<\/strong><br \/>\n<\/span><span title=\"- Alba \/Tramonto mit variablen Zeiten von 1 bis 60 Minuten.\">&#8211; Sonnenaufgang \/ Sonnenuntergang mit Zeiten von 1 bis 60 Minuten.<br \/>\n<\/span><span title=\"- Eingebaute Fotozelle f\u00fcr eine Energieeinsparung.\">&#8211; Fotozelle f\u00fcr Energieeinsparungen.<br \/>\n<\/span><span title=\"- Notwendige Isolierung mit 2min\u00fctiger Einschaltdauer und 20min\u00fctiger Nachlaufzeit.\">&#8211; Nachtinspektion mit stufenlosem Ein- und Ausschalten der Sonne von 2min 20min.<br \/>\n<\/span><span title=\"- Zus\u00e4tzliche Steckdose mit mehr An- und Ausschaltprogrammen, um eventuell andere elektronische Ger\u00e4te anzuschlie\u00dfen.  \">&#8211; Zus\u00e4tzliche Steckdose mit mehr On-Off-Programmierung, um andere elektronische Ger\u00e4te anzuschlie\u00dfen.<\/span><\/p>\n<p><span title=\"FOTOPERIODO\"><strong>Photoperiode :<\/strong><\/span><\/p>\n<p><span title=\"- 1 (eine) spezifische Programmtabelle f\u00fcr die Art der gew\u00fcnschten Uccelli.\">&#8211; 1 vorprogrammierte Tabelle speziell f\u00fcr den Gesang von Lockv\u00f6geln.<br \/>\n<\/span><span title=\"- 1 (eine) freie Tabelle, in der Sie ein pers\u00f6nliches Fotoalbum von 365 Tagen erstellen k\u00f6nnen;\">&#8211; 1 freie Tabelle, in der Sie eine pers\u00f6nliche 365-Tage-Photoperiode erstellen k\u00f6nnen.  <\/span><span title=\"Diese personalisierte Tabelle k\u00f6nnen Sie direkt \u00fcber den Programmierer einstellen und bei Bedarf jederzeit \u00e4ndern (z.B. f\u00fcr den Gesang und die Wiedergabe von Uccelli).\">Mit dieser benutzerdefinierten Tabelle k\u00f6nnen Sie direkt auf den Controller zugreifen und ihn bei Bedarf jederzeit \u00e4ndern.<br \/>\n<\/span><span title=\"- 1 (eine) freie Tafel f\u00fcr parziale Fotoperiode, die f\u00fcr die Wiedergabe einer Vielzahl von Bildern erforderlich ist;\">&#8211; 1 freie Tafel f\u00fcr partielle Photoperiode, die f\u00fcr die Fortpflanzung einer Vielzahl von V\u00f6geln unerl\u00e4sslich ist.  <\/span><span title=\"Auch dann k\u00f6nnen Sie sie direkt \u00fcber den Programmierer einstellen und jederzeit \u00e4ndern.\">Auch dies kann direkt auf den Timer gestellt und jederzeit ge\u00e4ndert werden.<br \/>\n<\/span><span title=\"- Fotoperiode mit dem System +6-6 variabel   \">&#8211; Photoperiode mit 6-6 + Systemvariable<\/span><\/p>\n<p><span title=\"ALLE DIESE FUNKTIONEN K\u00d6NNEN SO EINGESTELLT WERDEN, DASS DER PROGRAMMIERER ZWEI VERSCHIEDENE WOHNUMGEBUNGEN AUF UNTERSCHIEDLICHE WEISE BELEUCHTET.\"><strong>Alle diese Eigenschaften k\u00f6nnen manuell eingestellt werden, um das Licht in den separaten Aufzuchtr\u00e4umen unterschiedlich zu gestalten.<\/strong><\/span><\/p>\n<p><span title=\"Auf dem Glas ist immer die Temperatur und der Feuchtigkeitsgrad des Raumes sichtbar, in dem sich der Programmierer befindet.   \">Die Temperatur und die Luftfeuchtigkeit in dem Raum, in dem der Programmierer arbeitet, sind immer auf dem Bildschirm sichtbar.<\/span><\/p>\n<p><span title=\"ZUBEH\u00d6R ERH\u00c4LTLICH:\"><strong>ZUBEH\u00d6R:<\/strong><\/span><\/p>\n<p><span title=\"- 24-Volt-Netzteile von 35w, 60w, 100w, auf Anfrage h\u00f6here Leistungen\">&#8211; 24VOLT Leistung von 35w, 60w, 100w, bei h\u00f6heren Leistungsanforderungen.<br \/>\n<\/span><span title=\"- 24 Volt LED-Leiste mit Deckenleuchte zur Raumbeleuchtung mit 8w aus italienischer Produktion.\">&#8211; 24Volt Led-Balken mit Schattierungen f\u00fcr die Raumbeleuchtung 8w aus italienischer Produktion.<br \/>\n<\/span><span title=\"- LED-Leisten f\u00fcr die Beleuchtung einer einzelnen Schachtel mit 2w, 4w aus italienischer Produktion.\">&#8211; LED-Leisten f\u00fcr die Beleuchtung eines einzelnen K\u00e4figs mit 2W, 4W aus italienischer Produktion.<br \/>\n<\/span><span title=\"- LED-Lampe 220V 9w mit Schnellkupplung, die auf der Stelle der Neonr\u00f6hren im traditionellen System verwendet werden kann.  \">&#8211; 9W 220V LED-Lampe mit Schraubanschluss, die anstelle von Neonr\u00f6hren im traditionellen System verwendet werden kann.<\/span><\/p>\n<p><span lang=\"fr\" xml:lang=\"fr\"><span title=\"- LED-Lampe 220V 9w mit Schnellkupplung, die auf der Stelle der Neonr\u00f6hren im traditionellen System verwendet werden kann.   \"><strong>Wird mit italienischem Kabel geliefert, Sie m\u00fcssen einen Universaladapter (Baumarkt) verwenden.<\/strong><\/span><\/span><\/p>\n","protected":false},"excerpt":{"rendered":"<p>Erm\u00f6glicht die gleichzeitige Verwaltung von 2 R\u00e4umen<\/p>\n","protected":false},"featured_media":25182,"comment_status":"open","ping_status":"closed","template":"","meta":[],"product_brand":[202],"product_cat":[252,254,283,297],"product_tag":[],"class_list":{"0":"post-26956","1":"product","2":"type-product","3":"status-publish","4":"has-post-thumbnail","6":"product_brand-besser-elektronic","7":"product_cat-tauben","8":"product_cat-vogel","9":"product_cat-zubehor-3","10":"product_cat-zubehor-5","13":"first","14":"outofstock","15":"shipping-taxable","16":"purchasable","17":"product-type-simple"},"jetpack_sharing_enabled":true,"_links":{"self":[{"href":"https:\/\/avesaguiar.ch\/de\/wp-json\/wp\/v2\/product\/26956","targetHints":{"allow":["GET"]}}],"collection":[{"href":"https:\/\/avesaguiar.ch\/de\/wp-json\/wp\/v2\/product"}],"about":[{"href":"https:\/\/avesaguiar.ch\/de\/wp-json\/wp\/v2\/types\/product"}],"replies":[{"embeddable":true,"href":"https:\/\/avesaguiar.ch\/de\/wp-json\/wp\/v2\/comments?post=26956"}],"wp:featuredmedia":[{"embeddable":true,"href":"https:\/\/avesaguiar.ch\/de\/wp-json\/wp\/v2\/media\/25182"}],"wp:attachment":[{"href":"https:\/\/avesaguiar.ch\/de\/wp-json\/wp\/v2\/media?parent=26956"}],"wp:term":[{"taxonomy":"product_brand","embeddable":true,"href":"https:\/\/avesaguiar.ch\/de\/wp-json\/wp\/v2\/product_brand?post=26956"},{"taxonomy":"product_cat","embeddable":true,"href":"https:\/\/avesaguiar.ch\/de\/wp-json\/wp\/v2\/product_cat?post=26956"},{"taxonomy":"product_tag","embeddable":true,"href":"https:\/\/avesaguiar.ch\/de\/wp-json\/wp\/v2\/product_tag?post=26956"}],"curies":[{"name":"wp","href":"https:\/\/api.w.org\/{rel}","templated":true}]}}