{"id":26967,"date":"2025-03-16T15:08:25","date_gmt":"2025-03-16T15:08:25","guid":{"rendered":"https:\/\/avesaguiar.ch\/produit\/buerste-37-cm-durchmesser\/"},"modified":"2025-03-16T15:08:25","modified_gmt":"2025-03-16T15:08:25","slug":"buerste-37-cm-durchmesser","status":"publish","type":"product","link":"https:\/\/avesaguiar.ch\/de\/produit\/buerste-37-cm-durchmesser\/","title":{"rendered":"B\u00fcrste 3,7 cm Durchmesser"},"content":{"rendered":"<p>B\u00fcrste mit einem Durchmesser von 3,7 cm.<\/p>\n<p>Praktisch f\u00fcr die Reinigung von Vogelzubeh\u00f6r wie z.B. Tr\u00e4nken.<\/p>\n","protected":false},"excerpt":{"rendered":"<p>B\u00fcrste mit einem Durchmesser von 3,7 cm. Praktisch f\u00fcr die Reinigung von Vogelzubeh\u00f6r wie z.B. Tr\u00e4nken.<\/p>\n","protected":false},"featured_media":25155,"comment_status":"open","ping_status":"closed","template":"","meta":[],"product_brand":[61],"product_cat":[254,283],"product_tag":[],"class_list":{"0":"post-26967","1":"product","2":"type-product","3":"status-publish","4":"has-post-thumbnail","6":"product_brand-2gr","7":"product_cat-vogel","8":"product_cat-zubehor-3","9":"product_shipping_class-postpac-economy-900g","12":"first","13":"instock","14":"shipping-taxable","15":"purchasable","16":"product-type-variable"},"jetpack_sharing_enabled":true,"_links":{"self":[{"href":"https:\/\/avesaguiar.ch\/de\/wp-json\/wp\/v2\/product\/26967","targetHints":{"allow":["GET"]}}],"collection":[{"href":"https:\/\/avesaguiar.ch\/de\/wp-json\/wp\/v2\/product"}],"about":[{"href":"https:\/\/avesaguiar.ch\/de\/wp-json\/wp\/v2\/types\/product"}],"replies":[{"embeddable":true,"href":"https:\/\/avesaguiar.ch\/de\/wp-json\/wp\/v2\/comments?post=26967"}],"wp:featuredmedia":[{"embeddable":true,"href":"https:\/\/avesaguiar.ch\/de\/wp-json\/wp\/v2\/media\/25155"}],"wp:attachment":[{"href":"https:\/\/avesaguiar.ch\/de\/wp-json\/wp\/v2\/media?parent=26967"}],"wp:term":[{"taxonomy":"product_brand","embeddable":true,"href":"https:\/\/avesaguiar.ch\/de\/wp-json\/wp\/v2\/product_brand?post=26967"},{"taxonomy":"product_cat","embeddable":true,"href":"https:\/\/avesaguiar.ch\/de\/wp-json\/wp\/v2\/product_cat?post=26967"},{"taxonomy":"product_tag","embeddable":true,"href":"https:\/\/avesaguiar.ch\/de\/wp-json\/wp\/v2\/product_tag?post=26967"}],"curies":[{"name":"wp","href":"https:\/\/api.w.org\/{rel}","templated":true}]}}