{"id":26970,"date":"2025-03-16T14:59:11","date_gmt":"2025-03-16T14:59:11","guid":{"rendered":"https:\/\/avesaguiar.ch\/produit\/traenkewaermer-durchm-30cm\/"},"modified":"2025-03-16T14:59:11","modified_gmt":"2025-03-16T14:59:11","slug":"traenkewaermer-durchm-30cm","status":"publish","type":"product","link":"https:\/\/avesaguiar.ch\/de\/produit\/traenkewaermer-durchm-30cm\/","title":{"rendered":"Tr\u00e4nkew\u00e4rmer Durchm. 30cm"},"content":{"rendered":"<p>Tr\u00e4nkeheizung Durchmesser 30cm, 24V, 28W mit 24VDC Adapter <\/p>\n<p>Es ist absolut notwendig, dass Sie sicherstellen, dass Ihre H\u00fchner Wasser mit der richtigen Temperatur haben.<\/p>\n<p>Mit dieser beheizten Tr\u00e4nke k\u00f6nnen Sie sicher sein, dass das Wasser Ihrer H\u00fchner w\u00e4hrend der kalten Wintermonate nicht einfriert.<\/p>\n<p>Dieser beheizte Tr\u00e4nkensockel kann jede Art von Tr\u00e4nke mit einem Durchmesser von 30 cm aufnehmen.<\/p>\n<p>Er ist einfach zu bedienen, indem Sie ihn einfach an eine Steckdose im Freien anschlie\u00dfen.<\/p>\n","protected":false},"excerpt":{"rendered":"<p>Tr\u00e4nkeheizung Durchmesser 30cm, 24V, 28W mit 24VDC Adapter Es ist absolut notwendig, dass Sie sicherstellen, dass Ihre H\u00fchner Wasser mit der richtigen Temperatur haben. Mit dieser beheizten Tr\u00e4nke k\u00f6nnen Sie sicher sein, dass das Wasser Ihrer H\u00fchner w\u00e4hrend der kalten Wintermonate nicht einfriert. Dieser beheizte Tr\u00e4nkensockel kann jede Art von Tr\u00e4nke mit einem Durchmesser von [&hellip;]<\/p>\n","protected":false},"featured_media":25143,"comment_status":"open","ping_status":"closed","template":"","meta":[],"product_brand":[187],"product_cat":[292,252,293,297],"product_tag":[],"class_list":{"0":"post-26970","1":"product","2":"type-product","3":"status-publish","4":"has-post-thumbnail","6":"product_brand-kinlys","7":"product_cat-geflugel","8":"product_cat-tauben","9":"product_cat-zubehor-4","10":"product_cat-zubehor-5","11":"product_shipping_class-postpac-economy-2kg","14":"first","15":"instock","16":"shipping-taxable","17":"purchasable","18":"product-type-simple"},"jetpack_sharing_enabled":true,"_links":{"self":[{"href":"https:\/\/avesaguiar.ch\/de\/wp-json\/wp\/v2\/product\/26970","targetHints":{"allow":["GET"]}}],"collection":[{"href":"https:\/\/avesaguiar.ch\/de\/wp-json\/wp\/v2\/product"}],"about":[{"href":"https:\/\/avesaguiar.ch\/de\/wp-json\/wp\/v2\/types\/product"}],"replies":[{"embeddable":true,"href":"https:\/\/avesaguiar.ch\/de\/wp-json\/wp\/v2\/comments?post=26970"}],"wp:featuredmedia":[{"embeddable":true,"href":"https:\/\/avesaguiar.ch\/de\/wp-json\/wp\/v2\/media\/25143"}],"wp:attachment":[{"href":"https:\/\/avesaguiar.ch\/de\/wp-json\/wp\/v2\/media?parent=26970"}],"wp:term":[{"taxonomy":"product_brand","embeddable":true,"href":"https:\/\/avesaguiar.ch\/de\/wp-json\/wp\/v2\/product_brand?post=26970"},{"taxonomy":"product_cat","embeddable":true,"href":"https:\/\/avesaguiar.ch\/de\/wp-json\/wp\/v2\/product_cat?post=26970"},{"taxonomy":"product_tag","embeddable":true,"href":"https:\/\/avesaguiar.ch\/de\/wp-json\/wp\/v2\/product_tag?post=26970"}],"curies":[{"name":"wp","href":"https:\/\/api.w.org\/{rel}","templated":true}]}}