{"id":26984,"date":"2025-03-16T15:34:41","date_gmt":"2025-03-16T15:34:41","guid":{"rendered":"https:\/\/avesaguiar.ch\/produit\/vakuumtraenke-ohne-kugel-plus-200cc\/"},"modified":"2025-03-16T15:34:41","modified_gmt":"2025-03-16T15:34:41","slug":"vakuumtraenke-ohne-kugel-plus-200cc","status":"publish","type":"product","link":"https:\/\/avesaguiar.ch\/de\/produit\/vakuumtraenke-ohne-kugel-plus-200cc\/","title":{"rendered":"Vakuumtr\u00e4nke ohne Kugel Plus 200cc"},"content":{"rendered":"<div id=\"product-description-short-2021\" class=\"tvproduct-page-decs\">\n<p>200 ml Vakuum-Tr\u00e4nke Plus ohne Kugel, funktioniert in verschiedenen Positionen (vertikal oder horizontal).<\/p>\n<p>Das Wasser flie\u00dft aufgrund der Schwerkraft. Die Tr\u00e4nke ist so konzipiert, dass das Wasser in Kontakt mit dem Schnabel des Vogels flie\u00dft. <\/p>\n<p>L\u00e4ngere Aufrechterhaltung der Trinkwasserhygiene.<\/p>\n<p><strong>Vor dem ersten Gebrauch 30 Minuten in warmem Wasser einweichen lassen<\/strong>.<\/p>\n<\/div>\n<div class=\"product-information tvproduct-special-desc\">\n<div class=\"product-actions\">\n<form id=\"add-to-cart-or-refresh\" action=\"https:\/\/www.ornibird.com\/panier\" method=\"post\">\n<div class=\"product-discounts\">\n<p class=\"h6 product-discounts-title\">\n<\/div>\n<\/form>\n<\/div>\n<\/div>\n","protected":false},"excerpt":{"rendered":"<p>200 ml Vakuum-Tr\u00e4nke Plus ohne Kugel, funktioniert in verschiedenen Positionen (vertikal oder horizontal). Das Wasser flie\u00dft aufgrund der Schwerkraft. Die Tr\u00e4nke ist so konzipiert, dass das Wasser in Kontakt mit dem Schnabel des Vogels flie\u00dft. L\u00e4ngere Aufrechterhaltung der Trinkwasserhygiene. Vor dem ersten Gebrauch 30 Minuten in warmem Wasser einweichen lassen.<\/p>\n","protected":false},"featured_media":25193,"comment_status":"open","ping_status":"closed","template":"","meta":[],"product_brand":[203],"product_cat":[254,283],"product_tag":[],"class_list":{"0":"post-26984","1":"product","2":"type-product","3":"status-publish","4":"has-post-thumbnail","6":"product_brand-sta","7":"product_cat-vogel","8":"product_cat-zubehor-3","9":"product_shipping_class-postpac-economy-900g","12":"first","13":"instock","14":"shipping-taxable","15":"purchasable","16":"product-type-simple"},"jetpack_sharing_enabled":true,"_links":{"self":[{"href":"https:\/\/avesaguiar.ch\/de\/wp-json\/wp\/v2\/product\/26984","targetHints":{"allow":["GET"]}}],"collection":[{"href":"https:\/\/avesaguiar.ch\/de\/wp-json\/wp\/v2\/product"}],"about":[{"href":"https:\/\/avesaguiar.ch\/de\/wp-json\/wp\/v2\/types\/product"}],"replies":[{"embeddable":true,"href":"https:\/\/avesaguiar.ch\/de\/wp-json\/wp\/v2\/comments?post=26984"}],"wp:featuredmedia":[{"embeddable":true,"href":"https:\/\/avesaguiar.ch\/de\/wp-json\/wp\/v2\/media\/25193"}],"wp:attachment":[{"href":"https:\/\/avesaguiar.ch\/de\/wp-json\/wp\/v2\/media?parent=26984"}],"wp:term":[{"taxonomy":"product_brand","embeddable":true,"href":"https:\/\/avesaguiar.ch\/de\/wp-json\/wp\/v2\/product_brand?post=26984"},{"taxonomy":"product_cat","embeddable":true,"href":"https:\/\/avesaguiar.ch\/de\/wp-json\/wp\/v2\/product_cat?post=26984"},{"taxonomy":"product_tag","embeddable":true,"href":"https:\/\/avesaguiar.ch\/de\/wp-json\/wp\/v2\/product_tag?post=26984"}],"curies":[{"name":"wp","href":"https:\/\/api.w.org\/{rel}","templated":true}]}}