{"id":27008,"date":"2025-03-23T12:40:14","date_gmt":"2025-03-23T12:40:14","guid":{"rendered":"https:\/\/avesaguiar.ch\/produit\/fluo-kussin-38-x-25-cm\/"},"modified":"2025-03-23T12:40:14","modified_gmt":"2025-03-23T12:40:14","slug":"fluo-kussin-38-x-25-cm","status":"publish","type":"product","link":"https:\/\/avesaguiar.ch\/de\/produit\/fluo-kussin-38-x-25-cm\/","title":{"rendered":"FLUO-KUSSIN-38 x 25 cm"},"content":{"rendered":"<p>Tierkissen aus Polyester in Sommer- und Neonfarben.<\/p>\n<p>Das Kissen kann auf beiden Seiten verwendet werden.<\/p>\n<p>Die Polyesterf\u00fcllung sorgt f\u00fcr optimalen Komfort f\u00fcr Ihr Haustier.<\/p>\n<p>Perfekt f\u00fcr die meisten Plastikk\u00f6rbe.<\/p>\n<p>Blau\/Grau-38 x 25 cm<\/p>\n","protected":false},"excerpt":{"rendered":"<p>Tierkissen aus Polyester in Sommer- und Neonfarben. Das Kissen kann auf beiden Seiten verwendet werden. Die Polyesterf\u00fcllung sorgt f\u00fcr optimalen Komfort f\u00fcr Ihr Haustier. Perfekt f\u00fcr die meisten Plastikk\u00f6rbe. Blau\/Grau-38 x 25 cm<\/p>\n","protected":false},"featured_media":25268,"comment_status":"open","ping_status":"closed","template":"","meta":[],"product_brand":[187],"product_cat":[268,267,269],"product_tag":[],"class_list":{"0":"post-27008","1":"product","2":"type-product","3":"status-publish","4":"has-post-thumbnail","6":"product_brand-kinlys","7":"product_cat-bettenbettdecken","8":"product_cat-hund","9":"product_cat-zubehor","12":"first","13":"instock","14":"shipping-taxable","15":"purchasable","16":"product-type-simple"},"jetpack_sharing_enabled":true,"_links":{"self":[{"href":"https:\/\/avesaguiar.ch\/de\/wp-json\/wp\/v2\/product\/27008","targetHints":{"allow":["GET"]}}],"collection":[{"href":"https:\/\/avesaguiar.ch\/de\/wp-json\/wp\/v2\/product"}],"about":[{"href":"https:\/\/avesaguiar.ch\/de\/wp-json\/wp\/v2\/types\/product"}],"replies":[{"embeddable":true,"href":"https:\/\/avesaguiar.ch\/de\/wp-json\/wp\/v2\/comments?post=27008"}],"wp:featuredmedia":[{"embeddable":true,"href":"https:\/\/avesaguiar.ch\/de\/wp-json\/wp\/v2\/media\/25268"}],"wp:attachment":[{"href":"https:\/\/avesaguiar.ch\/de\/wp-json\/wp\/v2\/media?parent=27008"}],"wp:term":[{"taxonomy":"product_brand","embeddable":true,"href":"https:\/\/avesaguiar.ch\/de\/wp-json\/wp\/v2\/product_brand?post=27008"},{"taxonomy":"product_cat","embeddable":true,"href":"https:\/\/avesaguiar.ch\/de\/wp-json\/wp\/v2\/product_cat?post=27008"},{"taxonomy":"product_tag","embeddable":true,"href":"https:\/\/avesaguiar.ch\/de\/wp-json\/wp\/v2\/product_tag?post=27008"}],"curies":[{"name":"wp","href":"https:\/\/api.w.org\/{rel}","templated":true}]}}