{"id":27021,"date":"2025-03-23T12:59:44","date_gmt":"2025-03-23T12:59:44","guid":{"rendered":"https:\/\/avesaguiar.ch\/produit\/hundemantel-gelb-military-60cm\/"},"modified":"2025-03-23T12:59:44","modified_gmt":"2025-03-23T12:59:44","slug":"hundemantel-gelb-military-60cm","status":"publish","type":"product","link":"https:\/\/avesaguiar.ch\/de\/produit\/hundemantel-gelb-military-60cm\/","title":{"rendered":"Hundemantel Gelb MILITARY 60cm"},"content":{"rendered":"<p>Mantel Bluse BULLDOG MILITARY<\/p>\n<p>60 cm gro\u00dfe Bulldogge f\u00fcr Wintertage in den begehrten Milit\u00e4rfarben. Sie wird durch einen Klettverschluss erg\u00e4nzt, mit dem die Jacke an den Hund angepasst werden kann. <\/p>\n<p>Nat\u00fcrlich gibt es auf dem R\u00fccken ein Loch f\u00fcr eine Leine. Anstelle der Jacke werden hier die Gummigurte befestigt, die den Hund unter den Hinterbeinen erreichen. <\/p>\n<p>Der elastische Teil des Unterleibs erm\u00f6glicht es, den Unterleib zu bedecken und verhindert, dass die K\u00e4lte in unbewohnte R\u00e4ume eindringt.<\/p>\n<p>Gr\u00f6\u00dfe: 60cm<\/p>\n<p>Material: 65% Polyester, 35% Baumwolle, Futter 100% Polyester<\/p>\n<p>Pflege: Waschen bei 30 \u00b0 C<\/p>\n<p>Um die richtige Gr\u00f6\u00dfe f\u00fcr das Hundeshirt, den Regenmantel oder den Mantel zu w\u00e4hlen, m\u00fcssen Sie den Abstand zwischen dem Widerrist und der Rute entlang des R\u00fcckens Ihres Hundes oder den Abstand in Zentimetern zwischen dem Hals und der Rute des Hundes messen.<\/p>\n<p>Beispiel: Der R\u00fccken meines Hundes ist 35 cm lang und der Mantel, den ich kaufen m\u00f6chte, ist in den Gr\u00f6\u00dfen 34 cm und 38 cm verpackt: Ich muss eine Gr\u00f6\u00dfe 38 bestellen, damit der Mantel meinem Hund gut passt, da 34 zu klein w\u00e4re.<\/p>\n","protected":false},"excerpt":{"rendered":"<p>Mantel Bluse BULLDOG MILITARY 60 cm gro\u00dfe Bulldogge f\u00fcr Wintertage in den begehrten Milit\u00e4rfarben. Sie wird durch einen Klettverschluss erg\u00e4nzt, mit dem die Jacke an den Hund angepasst werden kann. Nat\u00fcrlich gibt es auf dem R\u00fccken ein Loch f\u00fcr eine Leine. Anstelle der Jacke werden hier die Gummigurte befestigt, die den Hund unter den Hinterbeinen [&hellip;]<\/p>\n","protected":false},"featured_media":25293,"comment_status":"open","ping_status":"closed","template":"","meta":[],"product_brand":[187],"product_cat":[267,269],"product_tag":[],"class_list":{"0":"post-27021","1":"product","2":"type-product","3":"status-publish","4":"has-post-thumbnail","6":"product_brand-kinlys","7":"product_cat-hund","8":"product_cat-zubehor","11":"first","12":"instock","13":"shipping-taxable","14":"purchasable","15":"product-type-simple"},"jetpack_sharing_enabled":true,"_links":{"self":[{"href":"https:\/\/avesaguiar.ch\/de\/wp-json\/wp\/v2\/product\/27021","targetHints":{"allow":["GET"]}}],"collection":[{"href":"https:\/\/avesaguiar.ch\/de\/wp-json\/wp\/v2\/product"}],"about":[{"href":"https:\/\/avesaguiar.ch\/de\/wp-json\/wp\/v2\/types\/product"}],"replies":[{"embeddable":true,"href":"https:\/\/avesaguiar.ch\/de\/wp-json\/wp\/v2\/comments?post=27021"}],"wp:featuredmedia":[{"embeddable":true,"href":"https:\/\/avesaguiar.ch\/de\/wp-json\/wp\/v2\/media\/25293"}],"wp:attachment":[{"href":"https:\/\/avesaguiar.ch\/de\/wp-json\/wp\/v2\/media?parent=27021"}],"wp:term":[{"taxonomy":"product_brand","embeddable":true,"href":"https:\/\/avesaguiar.ch\/de\/wp-json\/wp\/v2\/product_brand?post=27021"},{"taxonomy":"product_cat","embeddable":true,"href":"https:\/\/avesaguiar.ch\/de\/wp-json\/wp\/v2\/product_cat?post=27021"},{"taxonomy":"product_tag","embeddable":true,"href":"https:\/\/avesaguiar.ch\/de\/wp-json\/wp\/v2\/product_tag?post=27021"}],"curies":[{"name":"wp","href":"https:\/\/api.w.org\/{rel}","templated":true}]}}