{"id":27029,"date":"2025-03-23T13:07:53","date_gmt":"2025-03-23T13:07:53","guid":{"rendered":"https:\/\/avesaguiar.ch\/produit\/hundenapf-candy-durchmesser-225x6-cm\/"},"modified":"2025-03-23T13:07:53","modified_gmt":"2025-03-23T13:07:53","slug":"hundenapf-candy-durchmesser-225x6-cm","status":"publish","type":"product","link":"https:\/\/avesaguiar.ch\/de\/produit\/hundenapf-candy-durchmesser-225x6-cm\/","title":{"rendered":"Hundenapf Candy Durchmesser 22,5&#215;6 cm"},"content":{"rendered":"<p>Haltbarer Polypropylen-Napf mit rutschfesten F\u00fc\u00dfen, die ein Verrutschen verhindern.<\/p>\n<p>Die auff\u00e4llige Form und die Farben machen ihn modern im Design und perfekt in jeder Umgebung.<\/p>\n<p>Farbe: Verf\u00fcgbar, Marineblau 1, Wei\u00df 1<\/p>\n<p>Bitte beachten Sie die Farbe in den Kommentaren.<\/p>\n<p>Gr\u00f6\u00dfe \u00d822.5x6cm, 500 ml<\/p>\n","protected":false},"excerpt":{"rendered":"<p>Haltbarer Polypropylen-Napf mit rutschfesten F\u00fc\u00dfen, die ein Verrutschen verhindern. Die auff\u00e4llige Form und die Farben machen ihn modern im Design und perfekt in jeder Umgebung. Farbe: Verf\u00fcgbar, Marineblau 1, Wei\u00df 1 Bitte beachten Sie die Farbe in den Kommentaren. Gr\u00f6\u00dfe \u00d822.5x6cm, 500 ml<\/p>\n","protected":false},"featured_media":25299,"comment_status":"open","ping_status":"closed","template":"","meta":[],"product_brand":[187],"product_cat":[267,269],"product_tag":[],"class_list":{"0":"post-27029","1":"product","2":"type-product","3":"status-publish","4":"has-post-thumbnail","6":"product_brand-kinlys","7":"product_cat-hund","8":"product_cat-zubehor","11":"first","12":"instock","13":"shipping-taxable","14":"purchasable","15":"product-type-simple"},"jetpack_sharing_enabled":true,"_links":{"self":[{"href":"https:\/\/avesaguiar.ch\/de\/wp-json\/wp\/v2\/product\/27029","targetHints":{"allow":["GET"]}}],"collection":[{"href":"https:\/\/avesaguiar.ch\/de\/wp-json\/wp\/v2\/product"}],"about":[{"href":"https:\/\/avesaguiar.ch\/de\/wp-json\/wp\/v2\/types\/product"}],"replies":[{"embeddable":true,"href":"https:\/\/avesaguiar.ch\/de\/wp-json\/wp\/v2\/comments?post=27029"}],"wp:featuredmedia":[{"embeddable":true,"href":"https:\/\/avesaguiar.ch\/de\/wp-json\/wp\/v2\/media\/25299"}],"wp:attachment":[{"href":"https:\/\/avesaguiar.ch\/de\/wp-json\/wp\/v2\/media?parent=27029"}],"wp:term":[{"taxonomy":"product_brand","embeddable":true,"href":"https:\/\/avesaguiar.ch\/de\/wp-json\/wp\/v2\/product_brand?post=27029"},{"taxonomy":"product_cat","embeddable":true,"href":"https:\/\/avesaguiar.ch\/de\/wp-json\/wp\/v2\/product_cat?post=27029"},{"taxonomy":"product_tag","embeddable":true,"href":"https:\/\/avesaguiar.ch\/de\/wp-json\/wp\/v2\/product_tag?post=27029"}],"curies":[{"name":"wp","href":"https:\/\/api.w.org\/{rel}","templated":true}]}}