{"id":27069,"date":"2025-03-23T14:05:31","date_gmt":"2025-03-23T14:05:31","guid":{"rendered":"https:\/\/avesaguiar.ch\/produit\/ovaler-hundekorb-vintage-sailor\/"},"modified":"2025-03-23T14:05:31","modified_gmt":"2025-03-23T14:05:31","slug":"ovaler-hundekorb-vintage-sailor","status":"publish","type":"product","link":"https:\/\/avesaguiar.ch\/de\/produit\/ovaler-hundekorb-vintage-sailor\/","title":{"rendered":"Ovaler Hundekorb Vintage Sailor"},"content":{"rendered":"<p>Der nautische Geist der 50er Jahre kehrt als zeitloser Stil zur\u00fcck und verbreitet sich in diesem ovalen Korb mit dem nautischen Vintage-Geist. Perfekt f\u00fcr M\u00f6bel, komfortabel, mit abnehmbarem Kissen und rutschfestem Boden. <\/p>\n<p>F\u00fcllung aus Polyester. Handw\u00e4sche und Maschinenw\u00e4sche 30. <\/p>\n<p>Abmessungen-60 x 50 x 20 cm<\/p>\n","protected":false},"excerpt":{"rendered":"<p>Der nautische Geist der 50er Jahre kehrt als zeitloser Stil zur\u00fcck und verbreitet sich in diesem ovalen Korb mit dem nautischen Vintage-Geist. Perfekt f\u00fcr M\u00f6bel, komfortabel, mit abnehmbarem Kissen und rutschfestem Boden. F\u00fcllung aus Polyester. Handw\u00e4sche und Maschinenw\u00e4sche 30. Abmessungen-60 x 50 x 20 cm<\/p>\n","protected":false},"featured_media":25369,"comment_status":"open","ping_status":"closed","template":"","meta":[],"product_brand":[187],"product_cat":[268,267,269],"product_tag":[],"class_list":{"0":"post-27069","1":"product","2":"type-product","3":"status-publish","4":"has-post-thumbnail","6":"product_brand-kinlys","7":"product_cat-bettenbettdecken","8":"product_cat-hund","9":"product_cat-zubehor","12":"first","13":"instock","14":"shipping-taxable","15":"purchasable","16":"product-type-simple"},"jetpack_sharing_enabled":true,"_links":{"self":[{"href":"https:\/\/avesaguiar.ch\/de\/wp-json\/wp\/v2\/product\/27069","targetHints":{"allow":["GET"]}}],"collection":[{"href":"https:\/\/avesaguiar.ch\/de\/wp-json\/wp\/v2\/product"}],"about":[{"href":"https:\/\/avesaguiar.ch\/de\/wp-json\/wp\/v2\/types\/product"}],"replies":[{"embeddable":true,"href":"https:\/\/avesaguiar.ch\/de\/wp-json\/wp\/v2\/comments?post=27069"}],"wp:featuredmedia":[{"embeddable":true,"href":"https:\/\/avesaguiar.ch\/de\/wp-json\/wp\/v2\/media\/25369"}],"wp:attachment":[{"href":"https:\/\/avesaguiar.ch\/de\/wp-json\/wp\/v2\/media?parent=27069"}],"wp:term":[{"taxonomy":"product_brand","embeddable":true,"href":"https:\/\/avesaguiar.ch\/de\/wp-json\/wp\/v2\/product_brand?post=27069"},{"taxonomy":"product_cat","embeddable":true,"href":"https:\/\/avesaguiar.ch\/de\/wp-json\/wp\/v2\/product_cat?post=27069"},{"taxonomy":"product_tag","embeddable":true,"href":"https:\/\/avesaguiar.ch\/de\/wp-json\/wp\/v2\/product_tag?post=27069"}],"curies":[{"name":"wp","href":"https:\/\/api.w.org\/{rel}","templated":true}]}}