{"id":27127,"date":"2025-03-23T15:18:56","date_gmt":"2025-03-23T15:18:56","guid":{"rendered":"https:\/\/avesaguiar.ch\/produit\/schwedisches-elitegeschirr-aus-leder\/"},"modified":"2025-03-23T15:18:56","modified_gmt":"2025-03-23T15:18:56","slug":"schwedisches-elitegeschirr-aus-leder","status":"publish","type":"product","link":"https:\/\/avesaguiar.ch\/de\/produit\/schwedisches-elitegeschirr-aus-leder\/","title":{"rendered":"SCHWEDISCHES ELITEGESCHIRR AUS LEDER"},"content":{"rendered":"<p>Die Elite-Linie ist aus dickem Leder gefertigt.<\/p>\n<p>Ledergeschirre, in denen sich Ihr Hund wohlf\u00fchlen wird. Die versilberten Metallteile verleihen dem Artikel ein edles Aussehen. Die kontrastierenden Ziern\u00e4hte versch\u00f6nern das Geschirr zus\u00e4tzlich.  <\/p>\n<p>EMPFOHLEN F\u00dcR DIE FOLGENDEN HUNDERASSEN<\/p>\n<p>Gro\u00df, ab 26 kg<\/p>\n<p>80cm bis 90cm Brustumfang<\/p>\n<p>Coleur-MARRON<\/p>\n","protected":false},"excerpt":{"rendered":"<p>Die Elite-Linie ist aus dickem Leder gefertigt. Ledergeschirre, in denen sich Ihr Hund wohlf\u00fchlen wird. Die versilberten Metallteile verleihen dem Artikel ein edles Aussehen. Die kontrastierenden Ziern\u00e4hte versch\u00f6nern das Geschirr zus\u00e4tzlich. EMPFOHLEN F\u00dcR DIE FOLGENDEN HUNDERASSEN Gro\u00df, ab 26 kg 80cm bis 90cm Brustumfang Coleur-MARRON<\/p>\n","protected":false},"featured_media":25464,"comment_status":"open","ping_status":"closed","template":"","meta":[],"product_brand":[187],"product_cat":[267,269],"product_tag":[],"class_list":{"0":"post-27127","1":"product","2":"type-product","3":"status-publish","4":"has-post-thumbnail","6":"product_brand-kinlys","7":"product_cat-hund","8":"product_cat-zubehor","11":"first","12":"instock","13":"shipping-taxable","14":"purchasable","15":"product-type-simple"},"jetpack_sharing_enabled":true,"_links":{"self":[{"href":"https:\/\/avesaguiar.ch\/de\/wp-json\/wp\/v2\/product\/27127","targetHints":{"allow":["GET"]}}],"collection":[{"href":"https:\/\/avesaguiar.ch\/de\/wp-json\/wp\/v2\/product"}],"about":[{"href":"https:\/\/avesaguiar.ch\/de\/wp-json\/wp\/v2\/types\/product"}],"replies":[{"embeddable":true,"href":"https:\/\/avesaguiar.ch\/de\/wp-json\/wp\/v2\/comments?post=27127"}],"wp:featuredmedia":[{"embeddable":true,"href":"https:\/\/avesaguiar.ch\/de\/wp-json\/wp\/v2\/media\/25464"}],"wp:attachment":[{"href":"https:\/\/avesaguiar.ch\/de\/wp-json\/wp\/v2\/media?parent=27127"}],"wp:term":[{"taxonomy":"product_brand","embeddable":true,"href":"https:\/\/avesaguiar.ch\/de\/wp-json\/wp\/v2\/product_brand?post=27127"},{"taxonomy":"product_cat","embeddable":true,"href":"https:\/\/avesaguiar.ch\/de\/wp-json\/wp\/v2\/product_cat?post=27127"},{"taxonomy":"product_tag","embeddable":true,"href":"https:\/\/avesaguiar.ch\/de\/wp-json\/wp\/v2\/product_tag?post=27127"}],"curies":[{"name":"wp","href":"https:\/\/api.w.org\/{rel}","templated":true}]}}