{"id":27134,"date":"2025-03-23T15:25:11","date_gmt":"2025-03-23T15:25:11","guid":{"rendered":"https:\/\/avesaguiar.ch\/produit\/petsafe-drinkwell-reinigungsset\/"},"modified":"2025-03-23T15:25:11","modified_gmt":"2025-03-23T15:25:11","slug":"petsafe-drinkwell-reinigungsset","status":"publish","type":"product","link":"https:\/\/avesaguiar.ch\/de\/produit\/petsafe-drinkwell-reinigungsset\/","title":{"rendered":"Petsafe Drinkwell Reinigungsset"},"content":{"rendered":"<p>Merkmale<\/p>\n<p>Das Reinigungsset f\u00fcr Haustierbrunnen ist eine einfache M\u00f6glichkeit, jeden Drinkwell\u00ae-Brunnen sauber zu halten. Dieses Set aus drei B\u00fcrsten ist ideal f\u00fcr die Reinigung des Brunnens und der Pumpe f\u00fcr Haustiere. Die gro\u00dfe B\u00fcrste mit der schwammigen Oberseite eignet sich hervorragend zum Aufsch\u00e4umen der Seiten des Brunnens und der Schale. Die kleine, flexible B\u00fcrste entfernt m\u00fchelos Schmutz und Kalk von der Pumpe, damit Ihr Haustier gut funktionieren kann. Mit der mittleren B\u00fcrste k\u00f6nnen Sie die restlichen Teile des Brunnens reinigen.    <\/p>\n<p>Die B\u00fcrsten erreichen alle Oberfl\u00e4chen, auch die schwer zug\u00e4nglichen.<\/p>\n<p>Wenn Sie das Futter Ihres Tieres h\u00e4ufig reinigen, wird seine Lebensdauer verl\u00e4ngert.<\/p>\n<p>Kompatibel mit allen Drinkwell Tierbedarfsprodukten<\/p>\n<p>Das System umfasst:<\/p>\n<p>B\u00fcrste mit einer L\u00e4nge von 32 cm und einem Kopf von 5 cm<\/p>\n<p>B\u00fcrste mit einer L\u00e4nge von 31 cm und einem Kopf von 2 cm<\/p>\n<p>B\u00fcrste mit einer L\u00e4nge von 14 cm und einem Kopf von 1 cm<\/p>\n","protected":false},"excerpt":{"rendered":"<p>Merkmale Das Reinigungsset f\u00fcr Haustierbrunnen ist eine einfache M\u00f6glichkeit, jeden Drinkwell\u00ae-Brunnen sauber zu halten. Dieses Set aus drei B\u00fcrsten ist ideal f\u00fcr die Reinigung des Brunnens und der Pumpe f\u00fcr Haustiere. Die gro\u00dfe B\u00fcrste mit der schwammigen Oberseite eignet sich hervorragend zum Aufsch\u00e4umen der Seiten des Brunnens und der Schale. Die kleine, flexible B\u00fcrste entfernt [&hellip;]<\/p>\n","protected":false},"featured_media":25476,"comment_status":"open","ping_status":"closed","template":"","meta":[],"product_brand":[187],"product_cat":[267,269],"product_tag":[],"class_list":{"0":"post-27134","1":"product","2":"type-product","3":"status-publish","4":"has-post-thumbnail","6":"product_brand-kinlys","7":"product_cat-hund","8":"product_cat-zubehor","9":"product_shipping_class-postpac-economy-900g","12":"first","13":"instock","14":"shipping-taxable","15":"purchasable","16":"product-type-simple"},"jetpack_sharing_enabled":true,"_links":{"self":[{"href":"https:\/\/avesaguiar.ch\/de\/wp-json\/wp\/v2\/product\/27134","targetHints":{"allow":["GET"]}}],"collection":[{"href":"https:\/\/avesaguiar.ch\/de\/wp-json\/wp\/v2\/product"}],"about":[{"href":"https:\/\/avesaguiar.ch\/de\/wp-json\/wp\/v2\/types\/product"}],"replies":[{"embeddable":true,"href":"https:\/\/avesaguiar.ch\/de\/wp-json\/wp\/v2\/comments?post=27134"}],"wp:featuredmedia":[{"embeddable":true,"href":"https:\/\/avesaguiar.ch\/de\/wp-json\/wp\/v2\/media\/25476"}],"wp:attachment":[{"href":"https:\/\/avesaguiar.ch\/de\/wp-json\/wp\/v2\/media?parent=27134"}],"wp:term":[{"taxonomy":"product_brand","embeddable":true,"href":"https:\/\/avesaguiar.ch\/de\/wp-json\/wp\/v2\/product_brand?post=27134"},{"taxonomy":"product_cat","embeddable":true,"href":"https:\/\/avesaguiar.ch\/de\/wp-json\/wp\/v2\/product_cat?post=27134"},{"taxonomy":"product_tag","embeddable":true,"href":"https:\/\/avesaguiar.ch\/de\/wp-json\/wp\/v2\/product_tag?post=27134"}],"curies":[{"name":"wp","href":"https:\/\/api.w.org\/{rel}","templated":true}]}}