{"id":27137,"date":"2025-03-23T15:27:29","date_gmt":"2025-03-23T15:27:29","guid":{"rendered":"https:\/\/avesaguiar.ch\/produit\/trainingsspielzeug-wurst-30-x-5-cm\/"},"modified":"2025-03-23T15:27:29","modified_gmt":"2025-03-23T15:27:29","slug":"trainingsspielzeug-wurst-30-x-5-cm","status":"publish","type":"product","link":"https:\/\/avesaguiar.ch\/de\/produit\/trainingsspielzeug-wurst-30-x-5-cm\/","title":{"rendered":"Trainingsspielzeug, Wurst 30 x 5 cm"},"content":{"rendered":"<p>Spielzeug mit Griff, geeignet sowohl f\u00fcr Spiel als auch f\u00fcr Training.<\/p>\n<p>Nat\u00fcrliches Material<\/p>\n<p>Ma\u00dfe 30x5cm<\/p>\n","protected":false},"excerpt":{"rendered":"<p>Spielzeug mit Griff, geeignet sowohl f\u00fcr Spiel als auch f\u00fcr Training. Nat\u00fcrliches Material Ma\u00dfe 30x5cm<\/p>\n","protected":false},"featured_media":25487,"comment_status":"open","ping_status":"closed","template":"","meta":[],"product_brand":[187],"product_cat":[267,269],"product_tag":[],"class_list":{"0":"post-27137","1":"product","2":"type-product","3":"status-publish","4":"has-post-thumbnail","6":"product_brand-kinlys","7":"product_cat-hund","8":"product_cat-zubehor","9":"product_shipping_class-postpac-economy-2kg","12":"first","13":"instock","14":"shipping-taxable","15":"purchasable","16":"product-type-simple"},"jetpack_sharing_enabled":true,"_links":{"self":[{"href":"https:\/\/avesaguiar.ch\/de\/wp-json\/wp\/v2\/product\/27137","targetHints":{"allow":["GET"]}}],"collection":[{"href":"https:\/\/avesaguiar.ch\/de\/wp-json\/wp\/v2\/product"}],"about":[{"href":"https:\/\/avesaguiar.ch\/de\/wp-json\/wp\/v2\/types\/product"}],"replies":[{"embeddable":true,"href":"https:\/\/avesaguiar.ch\/de\/wp-json\/wp\/v2\/comments?post=27137"}],"wp:featuredmedia":[{"embeddable":true,"href":"https:\/\/avesaguiar.ch\/de\/wp-json\/wp\/v2\/media\/25487"}],"wp:attachment":[{"href":"https:\/\/avesaguiar.ch\/de\/wp-json\/wp\/v2\/media?parent=27137"}],"wp:term":[{"taxonomy":"product_brand","embeddable":true,"href":"https:\/\/avesaguiar.ch\/de\/wp-json\/wp\/v2\/product_brand?post=27137"},{"taxonomy":"product_cat","embeddable":true,"href":"https:\/\/avesaguiar.ch\/de\/wp-json\/wp\/v2\/product_cat?post=27137"},{"taxonomy":"product_tag","embeddable":true,"href":"https:\/\/avesaguiar.ch\/de\/wp-json\/wp\/v2\/product_tag?post=27137"}],"curies":[{"name":"wp","href":"https:\/\/api.w.org\/{rel}","templated":true}]}}