{"id":27150,"date":"2025-02-25T20:39:40","date_gmt":"2025-02-25T20:39:40","guid":{"rendered":"https:\/\/avesaguiar.ch\/produit\/metallhalterung-fuer-nester-von-8-bis-12-mm\/"},"modified":"2025-02-25T20:39:40","modified_gmt":"2025-02-25T20:39:40","slug":"metallhalterung-fuer-nester-von-8-bis-12-mm","status":"publish","type":"product","link":"https:\/\/avesaguiar.ch\/de\/produit\/metallhalterung-fuer-nester-von-8-bis-12-mm\/","title":{"rendered":"Metallhalterung F\u00fcr Nester von 8 bis 12 mm"},"content":{"rendered":"<p>Metallst\u00e4nder f\u00fcr Kanarienvogelnester,<\/p>\n<p>Durchmesser 8 bis 12 cm<\/p>\n","protected":false},"excerpt":{"rendered":"<p>Metallst\u00e4nder f\u00fcr Kanarienvogelnester, Durchmesser 8 bis 12 cm<\/p>\n","protected":false},"featured_media":24513,"comment_status":"open","ping_status":"closed","template":"","meta":[],"product_brand":[61],"product_cat":[301,254],"product_tag":[],"class_list":{"0":"post-27150","1":"product","2":"type-product","3":"status-publish","4":"has-post-thumbnail","6":"product_brand-2gr","7":"product_cat-nester-und-materialien","8":"product_cat-vogel","9":"product_shipping_class-postpac-economy-900g","12":"first","13":"instock","14":"shipping-taxable","15":"purchasable","16":"product-type-simple"},"jetpack_sharing_enabled":true,"_links":{"self":[{"href":"https:\/\/avesaguiar.ch\/de\/wp-json\/wp\/v2\/product\/27150","targetHints":{"allow":["GET"]}}],"collection":[{"href":"https:\/\/avesaguiar.ch\/de\/wp-json\/wp\/v2\/product"}],"about":[{"href":"https:\/\/avesaguiar.ch\/de\/wp-json\/wp\/v2\/types\/product"}],"replies":[{"embeddable":true,"href":"https:\/\/avesaguiar.ch\/de\/wp-json\/wp\/v2\/comments?post=27150"}],"wp:featuredmedia":[{"embeddable":true,"href":"https:\/\/avesaguiar.ch\/de\/wp-json\/wp\/v2\/media\/24513"}],"wp:attachment":[{"href":"https:\/\/avesaguiar.ch\/de\/wp-json\/wp\/v2\/media?parent=27150"}],"wp:term":[{"taxonomy":"product_brand","embeddable":true,"href":"https:\/\/avesaguiar.ch\/de\/wp-json\/wp\/v2\/product_brand?post=27150"},{"taxonomy":"product_cat","embeddable":true,"href":"https:\/\/avesaguiar.ch\/de\/wp-json\/wp\/v2\/product_cat?post=27150"},{"taxonomy":"product_tag","embeddable":true,"href":"https:\/\/avesaguiar.ch\/de\/wp-json\/wp\/v2\/product_tag?post=27150"}],"curies":[{"name":"wp","href":"https:\/\/api.w.org\/{rel}","templated":true}]}}