{"id":27164,"date":"2025-02-25T20:59:00","date_gmt":"2025-02-25T20:59:00","guid":{"rendered":"https:\/\/avesaguiar.ch\/produit\/pettit-plastik-eier-packung-mit-10-stueck\/"},"modified":"2025-02-25T20:59:00","modified_gmt":"2025-02-25T20:59:00","slug":"pettit-plastik-eier-packung-mit-10-stueck","status":"publish","type":"product","link":"https:\/\/avesaguiar.ch\/de\/produit\/pettit-plastik-eier-packung-mit-10-stueck\/","title":{"rendered":"Pettit Plastik-Eier (Packung mit 10 St\u00fcck)"},"content":{"rendered":"<p>Plastikeier f\u00fcr Exoten (pro 10 St\u00fcck)<\/p>\n","protected":false},"excerpt":{"rendered":"<p>Plastikeier f\u00fcr Exoten (pro 10 St\u00fcck)<\/p>\n","protected":false},"featured_media":24526,"comment_status":"open","ping_status":"closed","template":"","meta":[],"product_brand":[61],"product_cat":[301,254,283],"product_tag":[],"class_list":{"0":"post-27164","1":"product","2":"type-product","3":"status-publish","4":"has-post-thumbnail","6":"product_brand-2gr","7":"product_cat-nester-und-materialien","8":"product_cat-vogel","9":"product_cat-zubehor-3","10":"product_shipping_class-postpac-economy-900g","13":"first","14":"instock","15":"shipping-taxable","16":"purchasable","17":"product-type-simple"},"jetpack_sharing_enabled":true,"_links":{"self":[{"href":"https:\/\/avesaguiar.ch\/de\/wp-json\/wp\/v2\/product\/27164","targetHints":{"allow":["GET"]}}],"collection":[{"href":"https:\/\/avesaguiar.ch\/de\/wp-json\/wp\/v2\/product"}],"about":[{"href":"https:\/\/avesaguiar.ch\/de\/wp-json\/wp\/v2\/types\/product"}],"replies":[{"embeddable":true,"href":"https:\/\/avesaguiar.ch\/de\/wp-json\/wp\/v2\/comments?post=27164"}],"wp:featuredmedia":[{"embeddable":true,"href":"https:\/\/avesaguiar.ch\/de\/wp-json\/wp\/v2\/media\/24526"}],"wp:attachment":[{"href":"https:\/\/avesaguiar.ch\/de\/wp-json\/wp\/v2\/media?parent=27164"}],"wp:term":[{"taxonomy":"product_brand","embeddable":true,"href":"https:\/\/avesaguiar.ch\/de\/wp-json\/wp\/v2\/product_brand?post=27164"},{"taxonomy":"product_cat","embeddable":true,"href":"https:\/\/avesaguiar.ch\/de\/wp-json\/wp\/v2\/product_cat?post=27164"},{"taxonomy":"product_tag","embeddable":true,"href":"https:\/\/avesaguiar.ch\/de\/wp-json\/wp\/v2\/product_tag?post=27164"}],"curies":[{"name":"wp","href":"https:\/\/api.w.org\/{rel}","templated":true}]}}