{"id":27189,"date":"2025-02-28T20:23:02","date_gmt":"2025-02-28T20:23:02","guid":{"rendered":"https:\/\/avesaguiar.ch\/produit\/wassertraenke-leo-200cc\/"},"modified":"2025-02-28T20:23:02","modified_gmt":"2025-02-28T20:23:02","slug":"wassertraenke-leo-200cc","status":"publish","type":"product","link":"https:\/\/avesaguiar.ch\/de\/produit\/wassertraenke-leo-200cc\/","title":{"rendered":"Wassertr\u00e4nke Leo 200cc"},"content":{"rendered":"<p>Kunststofftr\u00e4nke f\u00fcr St\u00e4be<br \/>\nhorizontal,<br \/>\n110 cc<\/p>\n","protected":false},"excerpt":{"rendered":"<p>Kunststofftr\u00e4nke f\u00fcr St\u00e4be horizontal, 110 cc<\/p>\n","protected":false},"featured_media":24589,"comment_status":"open","ping_status":"closed","template":"","meta":[],"product_brand":[61],"product_cat":[254,283],"product_tag":[],"class_list":{"0":"post-27189","1":"product","2":"type-product","3":"status-publish","4":"has-post-thumbnail","6":"product_brand-2gr","7":"product_cat-vogel","8":"product_cat-zubehor-3","9":"product_shipping_class-postpac-economy-900g","12":"first","13":"instock","14":"shipping-taxable","15":"purchasable","16":"product-type-simple"},"jetpack_sharing_enabled":true,"_links":{"self":[{"href":"https:\/\/avesaguiar.ch\/de\/wp-json\/wp\/v2\/product\/27189","targetHints":{"allow":["GET"]}}],"collection":[{"href":"https:\/\/avesaguiar.ch\/de\/wp-json\/wp\/v2\/product"}],"about":[{"href":"https:\/\/avesaguiar.ch\/de\/wp-json\/wp\/v2\/types\/product"}],"replies":[{"embeddable":true,"href":"https:\/\/avesaguiar.ch\/de\/wp-json\/wp\/v2\/comments?post=27189"}],"wp:featuredmedia":[{"embeddable":true,"href":"https:\/\/avesaguiar.ch\/de\/wp-json\/wp\/v2\/media\/24589"}],"wp:attachment":[{"href":"https:\/\/avesaguiar.ch\/de\/wp-json\/wp\/v2\/media?parent=27189"}],"wp:term":[{"taxonomy":"product_brand","embeddable":true,"href":"https:\/\/avesaguiar.ch\/de\/wp-json\/wp\/v2\/product_brand?post=27189"},{"taxonomy":"product_cat","embeddable":true,"href":"https:\/\/avesaguiar.ch\/de\/wp-json\/wp\/v2\/product_cat?post=27189"},{"taxonomy":"product_tag","embeddable":true,"href":"https:\/\/avesaguiar.ch\/de\/wp-json\/wp\/v2\/product_tag?post=27189"}],"curies":[{"name":"wp","href":"https:\/\/api.w.org\/{rel}","templated":true}]}}