{"id":27279,"date":"2025-02-20T21:02:34","date_gmt":"2025-02-20T21:02:34","guid":{"rendered":"https:\/\/avesaguiar.ch\/produit\/pate-aux-oeufs-rouge-grasse-1kg\/"},"modified":"2025-02-20T21:02:34","modified_gmt":"2025-02-20T21:02:34","slug":"pate-aux-oeufs-rouge-grasse-1kg","status":"publish","type":"product","link":"https:\/\/avesaguiar.ch\/de\/produit\/pate-aux-oeufs-rouge-grasse-1kg\/","title":{"rendered":"P\u00e2t\u00e9 aux Oeufs Rouge Grasse 1Kg"},"content":{"rendered":"<h1>Eierpastete Rot Grasse<\/h1>\n<div class=\"product__content\">\n<p><strong>Deli Nature Rotes Fett-Eier-Futter<\/strong> ist perfekt auf die Bed\u00fcrfnisse von jungen und erwachsenen V\u00f6geln abgestimmt. Es enth\u00e4lt alle N\u00e4hrstoffe, die Ihre V\u00f6gel w\u00e4hrend der Ruhe-, Brut- und Mauserzeiten ben\u00f6tigen. Seine Struktur garantiert eine vollst\u00e4ndige Assimilation. Deli Nature Rotes Fett-Ei ist ein 100% gebrauchsfertiges Eierfutter. Das Eifutter ist wei\u00df, enth\u00e4lt aber Canthaxanthin und<br \/>\n\u00df-Carotin, um das rote Gefieder Ihrer V\u00f6gel zu erhalten. Es gew\u00e4hrleistet ein optimales Wachstum und eine optimale Entwicklung Ihrer Jungv\u00f6gel. Der Zusatz von organischen S\u00e4uren und Oregano sorgt f\u00fcr eine optimale Funktion des Verdauungssystems.      <\/p>\n<p><strong>Gebrauchsanweisung :<\/strong><\/p>\n<ul>\n<li>Kann maximal 1\/3 der Tagesration ausmachen.<\/li>\n<li>Ruheperiode: Bieten Sie 2-3 Mal pro Woche Eifutter an.<\/li>\n<li>Brutzeit: Bieten Sie t\u00e4glich frisches Eifutter an, wenn m\u00f6glich sogar zweimal t\u00e4glich.<\/li>\n<li>Mauserzeit: t\u00e4glich anbieten, um die Versorgung mit Vitaminen und Aminos\u00e4uren f\u00fcr eine sanfte Mauser zu gew\u00e4hrleisten.<\/li>\n<li>Die Deli Nature Rote Fett-Eierpastete ist gebrauchsfertig und kann mit gekeimten Samen, Gem\u00fcse- und\/oder Obstst\u00fccken zubereitet werden&#8230;.<\/li>\n<\/ul>\n<\/div>\n<div class=\"product__composition\">\n<div class=\"product__composition-summary\" tabindex=\"0\" role=\"button\" data-groupid=\"composition\" data-target=\"[san-id='open-composition']\" data-state=\"open\" data-classlist=\"open\" aria-expanded=\"false\">Zusammensetzung<\/div>\n<div class=\"product__composition-details open\">Backwaren, Zucker, Pflanzliche Nebenerzeugnisse, Pflanzliche Eiwei\u00dfextrakte, \u00d6le und Fette, Eier und Eiprodukte (6,2 %), Samen, Hefe<\/div>\n<\/div>\n<div class=\"product__ingredients\">\n<div class=\"product__ingredients-summary\" tabindex=\"0\" role=\"button\" data-groupid=\"ingredients\" data-target=\"[san-id='open-ingredients']\" data-state=\"open\" data-classlist=\"open\" aria-expanded=\"false\">Analytische Bestandteile<\/div>\n<div class=\"product__ingredients-details open\">15,9 % Rohprotein, 14,6 % Rohfett, 4,4 % Rohasche, 2,3 % Rohzellulose, 0,73 % Kalzium, 0,45 % Phosphor<\/div>\n<\/div>\n<div class=\"product__additive\">\n<div class=\"product__ingredients-summary\" tabindex=\"0\" role=\"button\" data-groupid=\"additive\" data-target=\"[san-id='open-additive']\" data-state=\"open\" data-classlist=\"open\" aria-expanded=\"false\">Zusatzstoffe<\/div>\n<div class=\"product__ingredients-details open\">Ern\u00e4hrungsphysiologische Zusatzstoffe: 13.000 IU Vitamin A, 900 IU 3a671 Vitamin D3, 250 mg 3a700 Vitamin E, 50 mg 3a300 Vitamin C, 120mg 3b603 Zink, 150 mg 3b103 Eisen, 15 mg 3b405 Kupfer, 50 mg 3b502 Mangan, 1,2 mg 3b202 Jod, 0,4 mg 3b802 Selen, 30 mg 3a160a Beta-Carotin. Technologische Zusatzstoffe: 282 mg E562 Sepiolith, 143,75 mg 1a330 Zitronens\u00e4ure. Sensorische Zusatzstoffe: 60 mg 2a161g Canthaxanthin, 37,5 mg 2b317eo \u00c4therisches \u00d6l aus Origanum vulgare L, subsp. Hirtum.   <\/div>\n<\/div>\n","protected":false},"excerpt":{"rendered":"<p>Eierpastete Rot Grasse Deli Nature Rotes Fett-Eier-Futter ist perfekt auf die Bed\u00fcrfnisse von jungen und erwachsenen V\u00f6geln abgestimmt. Es enth\u00e4lt alle N\u00e4hrstoffe, die Ihre V\u00f6gel w\u00e4hrend der Ruhe-, Brut- und Mauserzeiten ben\u00f6tigen. Seine Struktur garantiert eine vollst\u00e4ndige Assimilation. Deli Nature Rotes Fett-Ei ist ein 100% gebrauchsfertiges Eierfutter. Das Eifutter ist wei\u00df, enth\u00e4lt aber Canthaxanthin und [&hellip;]<\/p>\n","protected":false},"featured_media":24421,"comment_status":"open","ping_status":"closed","template":"","meta":[],"product_brand":[184],"product_cat":[245,254],"product_tag":[],"class_list":{"0":"post-27279","1":"product","2":"type-product","3":"status-publish","4":"has-post-thumbnail","6":"product_brand-deli-nature","7":"product_cat-lebensmittel-2","8":"product_cat-vogel","11":"first","12":"instock","13":"shipping-taxable","14":"purchasable","15":"product-type-variable"},"jetpack_sharing_enabled":true,"_links":{"self":[{"href":"https:\/\/avesaguiar.ch\/de\/wp-json\/wp\/v2\/product\/27279","targetHints":{"allow":["GET"]}}],"collection":[{"href":"https:\/\/avesaguiar.ch\/de\/wp-json\/wp\/v2\/product"}],"about":[{"href":"https:\/\/avesaguiar.ch\/de\/wp-json\/wp\/v2\/types\/product"}],"replies":[{"embeddable":true,"href":"https:\/\/avesaguiar.ch\/de\/wp-json\/wp\/v2\/comments?post=27279"}],"wp:featuredmedia":[{"embeddable":true,"href":"https:\/\/avesaguiar.ch\/de\/wp-json\/wp\/v2\/media\/24421"}],"wp:attachment":[{"href":"https:\/\/avesaguiar.ch\/de\/wp-json\/wp\/v2\/media?parent=27279"}],"wp:term":[{"taxonomy":"product_brand","embeddable":true,"href":"https:\/\/avesaguiar.ch\/de\/wp-json\/wp\/v2\/product_brand?post=27279"},{"taxonomy":"product_cat","embeddable":true,"href":"https:\/\/avesaguiar.ch\/de\/wp-json\/wp\/v2\/product_cat?post=27279"},{"taxonomy":"product_tag","embeddable":true,"href":"https:\/\/avesaguiar.ch\/de\/wp-json\/wp\/v2\/product_tag?post=27279"}],"curies":[{"name":"wp","href":"https:\/\/api.w.org\/{rel}","templated":true}]}}