{"id":27285,"date":"2025-02-20T21:13:41","date_gmt":"2025-02-20T21:13:41","guid":{"rendered":"https:\/\/avesaguiar.ch\/produit\/mineralien\/"},"modified":"2025-02-20T21:13:41","modified_gmt":"2025-02-20T21:13:41","slug":"mineralien","status":"publish","type":"product","link":"https:\/\/avesaguiar.ch\/de\/produit\/mineralien\/","title":{"rendered":"Mineralien"},"content":{"rendered":"<h1>Mineralien<\/h1>\n<div class=\"product__content\">\n<ul>\n<li>Eine Mischung aus verschiedenen Arten von Mineralien.<\/li>\n<li>Das ganze Jahr \u00fcber ad libitum zur Verf\u00fcgung stellen.<\/li>\n<li>Sehr wichtig in der Zeit der Vorbereitung auf die Aufzuchtsaison (f\u00fcr eine gute Bildung der Eierschale) und w\u00e4hrend des Wachstums der Jungtiere (f\u00fcr eine gute Bildung des Skeletts).<\/li>\n<li><strong>Erh\u00e4ltlich in 660 g.<\/strong><\/li>\n<\/ul>\n<\/div>\n","protected":false},"excerpt":{"rendered":"<p>Mineralien Eine Mischung aus verschiedenen Arten von Mineralien. Das ganze Jahr \u00fcber ad libitum zur Verf\u00fcgung stellen. Sehr wichtig in der Zeit der Vorbereitung auf die Aufzuchtsaison (f\u00fcr eine gute Bildung der Eierschale) und w\u00e4hrend des Wachstums der Jungtiere (f\u00fcr eine gute Bildung des Skeletts). Erh\u00e4ltlich in 660 g.<\/p>\n","protected":false},"featured_media":24432,"comment_status":"open","ping_status":"closed","template":"","meta":[],"product_brand":[184],"product_cat":[245,246,254],"product_tag":[],"class_list":{"0":"post-27285","1":"product","2":"type-product","3":"status-publish","4":"has-post-thumbnail","6":"product_brand-deli-nature","7":"product_cat-lebensmittel-2","8":"product_cat-nahrungserganzungsmittel-2","9":"product_cat-vogel","12":"first","13":"instock","14":"shipping-taxable","15":"purchasable","16":"product-type-simple"},"jetpack_sharing_enabled":true,"_links":{"self":[{"href":"https:\/\/avesaguiar.ch\/de\/wp-json\/wp\/v2\/product\/27285","targetHints":{"allow":["GET"]}}],"collection":[{"href":"https:\/\/avesaguiar.ch\/de\/wp-json\/wp\/v2\/product"}],"about":[{"href":"https:\/\/avesaguiar.ch\/de\/wp-json\/wp\/v2\/types\/product"}],"replies":[{"embeddable":true,"href":"https:\/\/avesaguiar.ch\/de\/wp-json\/wp\/v2\/comments?post=27285"}],"wp:featuredmedia":[{"embeddable":true,"href":"https:\/\/avesaguiar.ch\/de\/wp-json\/wp\/v2\/media\/24432"}],"wp:attachment":[{"href":"https:\/\/avesaguiar.ch\/de\/wp-json\/wp\/v2\/media?parent=27285"}],"wp:term":[{"taxonomy":"product_brand","embeddable":true,"href":"https:\/\/avesaguiar.ch\/de\/wp-json\/wp\/v2\/product_brand?post=27285"},{"taxonomy":"product_cat","embeddable":true,"href":"https:\/\/avesaguiar.ch\/de\/wp-json\/wp\/v2\/product_cat?post=27285"},{"taxonomy":"product_tag","embeddable":true,"href":"https:\/\/avesaguiar.ch\/de\/wp-json\/wp\/v2\/product_tag?post=27285"}],"curies":[{"name":"wp","href":"https:\/\/api.w.org\/{rel}","templated":true}]}}