{"id":27290,"date":"2025-02-18T21:20:41","date_gmt":"2025-02-18T21:20:41","guid":{"rendered":"https:\/\/avesaguiar.ch\/produit\/papageien-pantanal-birdelicious-2kg-deli-nature\/"},"modified":"2025-02-18T21:20:41","modified_gmt":"2025-02-18T21:20:41","slug":"papageien-pantanal-birdelicious-2kg-deli-nature","status":"publish","type":"product","link":"https:\/\/avesaguiar.ch\/de\/produit\/papageien-pantanal-birdelicious-2kg-deli-nature\/","title":{"rendered":"Papageien Pantanal Birdelicious 2kg -Deli Nature"},"content":{"rendered":"<p>Papageien Pantanal Birdelicious<\/p>\n<div class=\"product__content\">\n<ul>\n<li>Hochwertige Mischung f\u00fcr alle Arten von Gro\u00dfen Aras, Microglosses, Aratinga Guaruba.<\/li>\n<li>Eine gro\u00dfe Auswahl an 12% N\u00fcssen (Paran\u00fcsse, Waln\u00fcsse, Zedern\u00fcsse, gesch\u00e4lte Erdn\u00fcsse).<\/li>\n<li>Neben schwarzen Sonnenblumen (mit h\u00f6herem Lipidgehalt) gibt es gro\u00dfe, gestreifte und wei\u00dfe Sonnenblumen.<\/li>\n<li>Angereichert mit Papaya, Ananas, Weintrauben, &#8230;<\/li>\n<li>Angereichert mit Extrudaten (mit zus\u00e4tzlichen Vitaminen, Aminos\u00e4uren, Spurenelementen).<\/li>\n<li>Angereichert mit Vogelgrit.<\/li>\n<li><strong>Erh\u00e4ltlich in 2 kg.<\/strong><\/li>\n<\/ul>\n<\/div>\n<div class=\"product__composition\">\n<div class=\"product__composition-summary\" tabindex=\"0\" role=\"button\" data-groupid=\"composition\" data-target=\"[san-id='open-composition']\" data-state=\"open\" data-classlist=\"open\" aria-expanded=\"false\">Zusammensetzung<\/div>\n<div class=\"product__composition-details open\">Samen (1 % Chia, 1 % Quinoa), Getreide, N\u00fcsse (3 % Zedernn\u00fcsse, 3 % Paran\u00fcsse, 3 % Erdn\u00fcsse, 1,5 % Waln\u00fcsse), Fr\u00fcchte (1,5 % getrocknete Hagebutten, 0,8 % getrocknete Bananen, 0,8 % getrocknete Ebereschen, 0,8 % getrocknete Ananas, 0,8 % getrocknete Papaya), Gem\u00fcse (2 % getrocknete Karotte, 0,7 % Chili), Mineralstoffe (2,5 % Vogelgrit), pflanzliche Nebenerzeugnisse, Hefe, \u00d6le und Fette.<\/div>\n<\/div>\n<div class=\"product__ingredients\">\n<div class=\"product__ingredients-summary\" tabindex=\"0\" role=\"button\" data-groupid=\"ingredients\" data-target=\"[san-id='open-ingredients']\" data-state=\"open\" data-classlist=\"open\" aria-expanded=\"false\">Analytische Bestandteile<\/div>\n<div class=\"product__ingredients-details open\">14,5% Rohprotein, 21% Rohfett, 4% Rohasche, 16,5% Rohfaser, 0,9% Kalzium, 0,3% Phosphor, 0,02% Natrium, 0,4% Lysin, 0,2% Methionin<\/div>\n<\/div>\n","protected":false},"excerpt":{"rendered":"<p>Papageien Pantanal Birdelicious Hochwertige Mischung f\u00fcr alle Arten von Gro\u00dfen Aras, Microglosses, Aratinga Guaruba. Eine gro\u00dfe Auswahl an 12% N\u00fcssen (Paran\u00fcsse, Waln\u00fcsse, Zedern\u00fcsse, gesch\u00e4lte Erdn\u00fcsse). Neben schwarzen Sonnenblumen (mit h\u00f6herem Lipidgehalt) gibt es gro\u00dfe, gestreifte und wei\u00dfe Sonnenblumen. Angereichert mit Papaya, Ananas, Weintrauben, &#8230; Angereichert mit Extrudaten (mit zus\u00e4tzlichen Vitaminen, Aminos\u00e4uren, Spurenelementen). Angereichert mit Vogelgrit. [&hellip;]<\/p>\n","protected":false},"featured_media":24315,"comment_status":"open","ping_status":"closed","template":"","meta":[],"product_brand":[184],"product_cat":[245,254],"product_tag":[],"class_list":{"0":"post-27290","1":"product","2":"type-product","3":"status-publish","4":"has-post-thumbnail","6":"product_brand-deli-nature","7":"product_cat-lebensmittel-2","8":"product_cat-vogel","11":"first","12":"outofstock","13":"shipping-taxable","14":"purchasable","15":"product-type-simple"},"jetpack_sharing_enabled":true,"_links":{"self":[{"href":"https:\/\/avesaguiar.ch\/de\/wp-json\/wp\/v2\/product\/27290","targetHints":{"allow":["GET"]}}],"collection":[{"href":"https:\/\/avesaguiar.ch\/de\/wp-json\/wp\/v2\/product"}],"about":[{"href":"https:\/\/avesaguiar.ch\/de\/wp-json\/wp\/v2\/types\/product"}],"replies":[{"embeddable":true,"href":"https:\/\/avesaguiar.ch\/de\/wp-json\/wp\/v2\/comments?post=27290"}],"wp:featuredmedia":[{"embeddable":true,"href":"https:\/\/avesaguiar.ch\/de\/wp-json\/wp\/v2\/media\/24315"}],"wp:attachment":[{"href":"https:\/\/avesaguiar.ch\/de\/wp-json\/wp\/v2\/media?parent=27290"}],"wp:term":[{"taxonomy":"product_brand","embeddable":true,"href":"https:\/\/avesaguiar.ch\/de\/wp-json\/wp\/v2\/product_brand?post=27290"},{"taxonomy":"product_cat","embeddable":true,"href":"https:\/\/avesaguiar.ch\/de\/wp-json\/wp\/v2\/product_cat?post=27290"},{"taxonomy":"product_tag","embeddable":true,"href":"https:\/\/avesaguiar.ch\/de\/wp-json\/wp\/v2\/product_tag?post=27290"}],"curies":[{"name":"wp","href":"https:\/\/api.w.org\/{rel}","templated":true}]}}