{"id":27296,"date":"2025-02-18T21:31:30","date_gmt":"2025-02-18T21:31:30","guid":{"rendered":"https:\/\/avesaguiar.ch\/produit\/papageien-down-under-birdelicious-2kg-deli-nature\/"},"modified":"2025-02-18T21:31:30","modified_gmt":"2025-02-18T21:31:30","slug":"papageien-down-under-birdelicious-2kg-deli-nature","status":"publish","type":"product","link":"https:\/\/avesaguiar.ch\/de\/produit\/papageien-down-under-birdelicious-2kg-deli-nature\/","title":{"rendered":"Papageien Down Under Birdelicious 2Kg-Deli Nature"},"content":{"rendered":"<p>Papageien Down Under Birdelicious<\/p>\n<div class=\"product__content\">\n<ul>\n<li>Eine Mischung, die die Bed\u00fcrfnisse aller Kakaduarten (au\u00dfer Mikroglosse) erf\u00fcllt.<\/li>\n<li>Leichte, mit Wicken und Mariendisteln angereicherte Mischung mit einem hohen Anteil an kleinen Samen, wie z.B. Alpenlattich, Hirse, &#8230;<\/li>\n<li>Mit Weintrauben, Apfelst\u00fccken, Bananenscheiben, Karottenst\u00fccken und Chilischoten.<\/li>\n<li>Angereichert mit Extrudaten (mit zus\u00e4tzlichen Vitaminen, Aminos\u00e4uren, Spurenelementen).<\/li>\n<li>Angereichert mit Vogelgrit.<\/li>\n<li>Erh\u00e4ltlich in 2 kg.<\/li>\n<\/ul>\n<\/div>\n<div class=\"product__composition\">\n<div class=\"product__composition-summary\" tabindex=\"0\" role=\"button\" data-groupid=\"composition\" data-target=\"[san-id='open-composition']\" data-state=\"open\" data-classlist=\"open\" aria-expanded=\"false\">Zusammensetzung<\/div>\n<div class=\"product__composition-details open\">Samen (1 % Chia, 1 % Quinoa), Getreide, Obst (2 % Banane getrocknet, 0,8 % Eberesche getrocknet, 1 % Rosinen, 0,7 % Hagebutte getrocknet, 0,7 % Wacholderbeeren getrocknet, 0,7 % \u00c4pfel getrocknet), Gem\u00fcse (2 % getrocknete Karotten, 0,7 % Chili), Mineralien (2,5 % Vogelgrit), N\u00fcsse (1 % Erdn\u00fcsse, 0,7 % Waln\u00fcsse), pflanzliche Nebenerzeugnisse, Hefe, \u00d6le und Fette.<\/div>\n<\/div>\n<div class=\"product__ingredients\">\n<div class=\"product__ingredients-summary\" tabindex=\"0\" role=\"button\" data-groupid=\"ingredients\" data-target=\"[san-id='open-ingredients']\" data-state=\"open\" data-classlist=\"open\" aria-expanded=\"false\">Analytische Bestandteile<\/div>\n<div class=\"product__ingredients-details open\">13,5% Rohprotein, 17% Rohfett, 4,5% Rohasche, 15% Rohfaser, 0,9% Kalzium, 0,3% Phosphor, 0,4% Lysin, 0,2% Methionin<\/div>\n<\/div>\n","protected":false},"excerpt":{"rendered":"<p>Papageien Down Under Birdelicious Eine Mischung, die die Bed\u00fcrfnisse aller Kakaduarten (au\u00dfer Mikroglosse) erf\u00fcllt. Leichte, mit Wicken und Mariendisteln angereicherte Mischung mit einem hohen Anteil an kleinen Samen, wie z.B. Alpenlattich, Hirse, &#8230; Mit Weintrauben, Apfelst\u00fccken, Bananenscheiben, Karottenst\u00fccken und Chilischoten. Angereichert mit Extrudaten (mit zus\u00e4tzlichen Vitaminen, Aminos\u00e4uren, Spurenelementen). Angereichert mit Vogelgrit. Erh\u00e4ltlich in 2 kg. [&hellip;]<\/p>\n","protected":false},"featured_media":24337,"comment_status":"open","ping_status":"closed","template":"","meta":[],"product_brand":[184],"product_cat":[245,254],"product_tag":[],"class_list":{"0":"post-27296","1":"product","2":"type-product","3":"status-publish","4":"has-post-thumbnail","6":"product_brand-deli-nature","7":"product_cat-lebensmittel-2","8":"product_cat-vogel","11":"first","12":"instock","13":"shipping-taxable","14":"purchasable","15":"product-type-simple"},"jetpack_sharing_enabled":true,"_links":{"self":[{"href":"https:\/\/avesaguiar.ch\/de\/wp-json\/wp\/v2\/product\/27296","targetHints":{"allow":["GET"]}}],"collection":[{"href":"https:\/\/avesaguiar.ch\/de\/wp-json\/wp\/v2\/product"}],"about":[{"href":"https:\/\/avesaguiar.ch\/de\/wp-json\/wp\/v2\/types\/product"}],"replies":[{"embeddable":true,"href":"https:\/\/avesaguiar.ch\/de\/wp-json\/wp\/v2\/comments?post=27296"}],"wp:featuredmedia":[{"embeddable":true,"href":"https:\/\/avesaguiar.ch\/de\/wp-json\/wp\/v2\/media\/24337"}],"wp:attachment":[{"href":"https:\/\/avesaguiar.ch\/de\/wp-json\/wp\/v2\/media?parent=27296"}],"wp:term":[{"taxonomy":"product_brand","embeddable":true,"href":"https:\/\/avesaguiar.ch\/de\/wp-json\/wp\/v2\/product_brand?post=27296"},{"taxonomy":"product_cat","embeddable":true,"href":"https:\/\/avesaguiar.ch\/de\/wp-json\/wp\/v2\/product_cat?post=27296"},{"taxonomy":"product_tag","embeddable":true,"href":"https:\/\/avesaguiar.ch\/de\/wp-json\/wp\/v2\/product_tag?post=27296"}],"curies":[{"name":"wp","href":"https:\/\/api.w.org\/{rel}","templated":true}]}}