{"id":27314,"date":"2025-02-18T21:38:31","date_gmt":"2025-02-18T21:38:31","guid":{"rendered":"https:\/\/avesaguiar.ch\/produit\/eierpastete-grosssittiche-papageien-grasse\/"},"modified":"2025-02-18T21:38:31","modified_gmt":"2025-02-18T21:38:31","slug":"eierpastete-grosssittiche-papageien-grasse","status":"publish","type":"product","link":"https:\/\/avesaguiar.ch\/de\/produit\/eierpastete-grosssittiche-papageien-grasse\/","title":{"rendered":"Eierpastete Gro\u00dfsittiche &amp; Papageien Grasse"},"content":{"rendered":"<p>Eierpastete Gro\u00dfsittiche &amp; Papageien Grasse<\/p>\n<div class=\"product__content\">\n<ul>\n<li>Ist eine gebrauchsfertige Pastete auf der Basis von frischen Eiern.<\/li>\n<li>Die grobe Struktur garantiert eine vollst\u00e4ndige Assimilation bei Ihren gro\u00dfen Sittichen und Papageien.<\/li>\n<li>Die Zugabe von 100% nat\u00fcrlichem Honig macht die Pastete sehr schmackhaft.<\/li>\n<li>Die Pastete ist mit getrockneten Garnelen und Gammarus, Weintrauben, Ebereschenbeeren und einer Mischung aus Gem\u00fcse angereichert.<\/li>\n<li>All diese Zus\u00e4tze machen dieses Futter sehr schmackhaft und zu einem echten Leckerbissen, der von Ihren Freunden mit Hakenschnabel sehr gesch\u00e4tzt wird.<\/li>\n<li>Das Eifutter kann mit gekeimten Samen (Deli Nature Gro\u00dfsittiche und Papageien), Obst- und\/oder Gem\u00fcsest\u00fccken usw. zubereitet werden.<\/li>\n<li><strong>Erh\u00e4ltlich in 4 kg und 10 kg. <\/strong><\/li>\n<\/ul>\n<\/div>\n<div class=\"product__composition\">\n<div class=\"product__composition-summary\" tabindex=\"0\" role=\"button\" data-groupid=\"composition\" data-target=\"[san-id='open-composition']\" data-state=\"open\" data-classlist=\"open\" aria-expanded=\"false\">Zusammensetzung<\/div>\n<div class=\"product__composition-details open\">Paniermehl 44%, Gem\u00fcse (Zwiebel, Lauch, Gr\u00fcnkohl und Pastinaken) 2,5%, Trauben 2,5%, Zucker 14% Dehydratisierte Eier 1,5%, Maiskleber 7%, Garnelen 1,5%, Sojaproteinkonzentrat 5%, Vogelbeere 1,0%, Palmkern\u00f6l 4,5%, Hefe 1,0%, getoastete Sojabohnen 4,4%, Honig 0,10%, gesch\u00e4lter Hafer 3,4%, Natriumchlorid 0,06%.<\/div>\n<\/div>\n<div class=\"product__ingredients\">\n<div class=\"product__ingredients-summary\" tabindex=\"0\" role=\"button\" data-groupid=\"ingredients\" data-target=\"[san-id='open-ingredients']\" data-state=\"open\" data-classlist=\"open\" aria-expanded=\"false\">Analytische Bestandteile<\/div>\n<div class=\"product__ingredients-details open\">Rohprotein 16,3%, Rohzellulose 2,8%, Rohfett 13,5%, Rohasche 3,3%.<\/div>\n<\/div>\n","protected":false},"excerpt":{"rendered":"<p>Eierpastete Gro\u00dfsittiche &amp; Papageien Grasse Ist eine gebrauchsfertige Pastete auf der Basis von frischen Eiern. Die grobe Struktur garantiert eine vollst\u00e4ndige Assimilation bei Ihren gro\u00dfen Sittichen und Papageien. Die Zugabe von 100% nat\u00fcrlichem Honig macht die Pastete sehr schmackhaft. Die Pastete ist mit getrockneten Garnelen und Gammarus, Weintrauben, Ebereschenbeeren und einer Mischung aus Gem\u00fcse angereichert. [&hellip;]<\/p>\n","protected":false},"featured_media":24343,"comment_status":"open","ping_status":"closed","template":"","meta":[],"product_brand":[184],"product_cat":[245,254],"product_tag":[],"class_list":{"0":"post-27314","1":"product","2":"type-product","3":"status-publish","4":"has-post-thumbnail","6":"product_brand-deli-nature","7":"product_cat-lebensmittel-2","8":"product_cat-vogel","11":"first","12":"instock","13":"shipping-taxable","14":"purchasable","15":"product-type-variable"},"jetpack_sharing_enabled":true,"_links":{"self":[{"href":"https:\/\/avesaguiar.ch\/de\/wp-json\/wp\/v2\/product\/27314","targetHints":{"allow":["GET"]}}],"collection":[{"href":"https:\/\/avesaguiar.ch\/de\/wp-json\/wp\/v2\/product"}],"about":[{"href":"https:\/\/avesaguiar.ch\/de\/wp-json\/wp\/v2\/types\/product"}],"replies":[{"embeddable":true,"href":"https:\/\/avesaguiar.ch\/de\/wp-json\/wp\/v2\/comments?post=27314"}],"wp:featuredmedia":[{"embeddable":true,"href":"https:\/\/avesaguiar.ch\/de\/wp-json\/wp\/v2\/media\/24343"}],"wp:attachment":[{"href":"https:\/\/avesaguiar.ch\/de\/wp-json\/wp\/v2\/media?parent=27314"}],"wp:term":[{"taxonomy":"product_brand","embeddable":true,"href":"https:\/\/avesaguiar.ch\/de\/wp-json\/wp\/v2\/product_brand?post=27314"},{"taxonomy":"product_cat","embeddable":true,"href":"https:\/\/avesaguiar.ch\/de\/wp-json\/wp\/v2\/product_cat?post=27314"},{"taxonomy":"product_tag","embeddable":true,"href":"https:\/\/avesaguiar.ch\/de\/wp-json\/wp\/v2\/product_tag?post=27314"}],"curies":[{"name":"wp","href":"https:\/\/api.w.org\/{rel}","templated":true}]}}