{"id":27331,"date":"2025-02-18T21:42:46","date_gmt":"2025-02-18T21:42:46","guid":{"rendered":"https:\/\/avesaguiar.ch\/produit\/fruchtpastete-1kg\/"},"modified":"2025-02-18T21:42:46","modified_gmt":"2025-02-18T21:42:46","slug":"fruchtpastete-1kg","status":"publish","type":"product","link":"https:\/\/avesaguiar.ch\/de\/produit\/fruchtpastete-1kg\/","title":{"rendered":"Fruchtpastete 1Kg"},"content":{"rendered":"<p>Fruchtpastete 1Kg<\/p>\n<div class=\"product__content\">\n<ul>\n<li>Ist ein Futter f\u00fcr alle Arten von fruchtfressenden V\u00f6geln.<\/li>\n<li>Die Eisen\u00fcberladung der Leber ist eine der Haupttodesursachen bei Fruchtfressern. Daher ist es von gr\u00f6\u00dfter Bedeutung, dass diese Arten eine eisenarme Nahrung erhalten. Deli Nature&#8217;s Fruchtpastete hat einen Eisengehalt von weniger als 60ppm, was derzeit der niedrigste Wert auf dem Markt ist.  <\/li>\n<li>Fruchtpastete enth\u00e4lt einen hohen Anteil an nat\u00fcrlichem Honig, was ihr eine hohe Schmackhaftigkeit verleiht.<\/li>\n<li>Die Vielfalt an Fr\u00fcchten (Ananas, Papaya), Beeren (Eberesche und Wacholderbeeren) und Rosinen ist sehr gro\u00df.<\/li>\n<li>Angereichert mit getrockneten Garnelen und Gammarus, um den Gehalt an tierischem Eiwei\u00df zu erh\u00f6hen.<\/li>\n<li>Es ist auch eine ideale Erg\u00e4nzung f\u00fcr alle gro\u00dfen Sittiche und Papageien, die es gerne fressen.<\/li>\n<li>Erh\u00e4ltlich in 1 kg, 4 kg und 10 kg.<\/li>\n<\/ul>\n<\/div>\n<div class=\"product__composition\">\n<div class=\"product__composition-summary\" tabindex=\"0\" role=\"button\" data-groupid=\"composition\" data-target=\"[san-id='open-composition']\" data-state=\"open\" data-classlist=\"open\" aria-expanded=\"false\">Zusammensetzung<\/div>\n<div class=\"product__composition-details open\">Paniermehl 34%, getrocknete Papaya 2,0%, Zucker 15%, getrocknete Ananas 2,0%, Weizen 10%, Vogelbeere 1,0%, Maiskleber 9%, Wacholder 1,0%, Palmkern\u00f6l 7%, Hefe 0,50%, Sojaproteinkonzentrat 5%, Spirulina 0,20%, Weintrauben 2,5%, Natriumchlorid 0,16%, Garnelen 2,4%, Honig 0,10%.<\/div>\n<\/div>\n<div class=\"product__ingredients\">\n<div class=\"product__ingredients-summary\" tabindex=\"0\" role=\"button\" data-groupid=\"ingredients\" data-target=\"[san-id='open-ingredients']\" data-state=\"open\" data-classlist=\"open\" aria-expanded=\"false\">Analytische Bestandteile<\/div>\n<div class=\"product__ingredients-details open\">Rohprotein 15,5%, Rohzellulose 2%, Rohfett 12,6%, Rohasche 4,2%.<\/div>\n<\/div>\n","protected":false},"excerpt":{"rendered":"<p>Fruchtpastete 1Kg Ist ein Futter f\u00fcr alle Arten von fruchtfressenden V\u00f6geln. Die Eisen\u00fcberladung der Leber ist eine der Haupttodesursachen bei Fruchtfressern. Daher ist es von gr\u00f6\u00dfter Bedeutung, dass diese Arten eine eisenarme Nahrung erhalten. Deli Nature&#8217;s Fruchtpastete hat einen Eisengehalt von weniger als 60ppm, was derzeit der niedrigste Wert auf dem Markt ist. Fruchtpastete enth\u00e4lt [&hellip;]<\/p>\n","protected":false},"featured_media":24369,"comment_status":"open","ping_status":"closed","template":"","meta":[],"product_brand":[184],"product_cat":[245,254],"product_tag":[],"class_list":{"0":"post-27331","1":"product","2":"type-product","3":"status-publish","4":"has-post-thumbnail","6":"product_brand-deli-nature","7":"product_cat-lebensmittel-2","8":"product_cat-vogel","11":"first","12":"instock","13":"sale","14":"shipping-taxable","15":"purchasable","16":"product-type-simple"},"jetpack_sharing_enabled":true,"_links":{"self":[{"href":"https:\/\/avesaguiar.ch\/de\/wp-json\/wp\/v2\/product\/27331","targetHints":{"allow":["GET"]}}],"collection":[{"href":"https:\/\/avesaguiar.ch\/de\/wp-json\/wp\/v2\/product"}],"about":[{"href":"https:\/\/avesaguiar.ch\/de\/wp-json\/wp\/v2\/types\/product"}],"replies":[{"embeddable":true,"href":"https:\/\/avesaguiar.ch\/de\/wp-json\/wp\/v2\/comments?post=27331"}],"wp:featuredmedia":[{"embeddable":true,"href":"https:\/\/avesaguiar.ch\/de\/wp-json\/wp\/v2\/media\/24369"}],"wp:attachment":[{"href":"https:\/\/avesaguiar.ch\/de\/wp-json\/wp\/v2\/media?parent=27331"}],"wp:term":[{"taxonomy":"product_brand","embeddable":true,"href":"https:\/\/avesaguiar.ch\/de\/wp-json\/wp\/v2\/product_brand?post=27331"},{"taxonomy":"product_cat","embeddable":true,"href":"https:\/\/avesaguiar.ch\/de\/wp-json\/wp\/v2\/product_cat?post=27331"},{"taxonomy":"product_tag","embeddable":true,"href":"https:\/\/avesaguiar.ch\/de\/wp-json\/wp\/v2\/product_tag?post=27331"}],"curies":[{"name":"wp","href":"https:\/\/api.w.org\/{rel}","templated":true}]}}