{"id":27346,"date":"2025-01-09T13:02:33","date_gmt":"2025-01-09T13:02:33","guid":{"rendered":"https:\/\/avesaguiar.ch\/produit\/entfilzungskamm-fuer-katzen-mit-langem-und-dickem-fell-2\/"},"modified":"2025-01-09T13:02:33","modified_gmt":"2025-01-09T13:02:33","slug":"entfilzungskamm-fuer-katzen-mit-langem-und-dickem-fell-2","status":"publish","type":"product","link":"https:\/\/avesaguiar.ch\/de\/produit\/entfilzungskamm-fuer-katzen-mit-langem-und-dickem-fell-2\/","title":{"rendered":"Entfilzungskamm f\u00fcr Katzen mit langem und dickem Fell"},"content":{"rendered":"<p>Der Entfilzungskamm entfernt abgestorbene Haare und Unterwolle gr\u00fcndlich und erm\u00f6glicht so :<\/p>\n<ul>\n<li>Sorgt f\u00fcr ein sicheres und effektives B\u00fcrsten<\/li>\n<li>Entfernt abgestorbene Unterwolle<\/li>\n<li>Erleichtert das schnelle Schneiden schwieriger Knoten<\/li>\n<\/ul>\n<p>Der Entfilzungskamm ist schnell und effektiv und ist f\u00fcr das B\u00fcrsten von Katzen mit langem Fell, wie Perserkatzen oder Angorakatzen, unerl\u00e4sslich.<\/p>\n<p>Der Trixie Entfilzungskamm liegt mit seinem rutschfesten Gummigriff optimal in der Hand und sorgt f\u00fcr eine schnelle und effektive Fellpflege.<\/p>\n<ul>\n<li>Kamm und Entfilzer f\u00fcr langhaarige Katzen<\/li>\n<li>Schnelle und effektive Entwirrung durch feine, abgerundete Z\u00e4hne<\/li>\n<li>Garantiert eine ideale Handhabung mit einem Kunststoffgriff und einer rutschfesten Gummibeschichtung.<\/li>\n<li>Optimal f\u00fcr die Pflege des Ober- und Unterhaars<\/li>\n<li>Recycelbares Material<\/li>\n<li>Farbe: SCHWARZ und PINK<\/li>\n<\/ul>\n","protected":false},"excerpt":{"rendered":"<p>Sorgt f\u00fcr ein sicheres und effektives B\u00fcrsten<\/p>\n","protected":false},"featured_media":23720,"comment_status":"open","ping_status":"closed","template":"","meta":[],"product_brand":[187],"product_cat":[267,281],"product_tag":[],"class_list":{"0":"post-27346","1":"product","2":"type-product","3":"status-publish","4":"has-post-thumbnail","6":"product_brand-kinlys","7":"product_cat-hund","8":"product_cat-pflege-hygiene","11":"first","12":"instock","13":"shipping-taxable","14":"purchasable","15":"product-type-simple"},"jetpack_sharing_enabled":true,"_links":{"self":[{"href":"https:\/\/avesaguiar.ch\/de\/wp-json\/wp\/v2\/product\/27346","targetHints":{"allow":["GET"]}}],"collection":[{"href":"https:\/\/avesaguiar.ch\/de\/wp-json\/wp\/v2\/product"}],"about":[{"href":"https:\/\/avesaguiar.ch\/de\/wp-json\/wp\/v2\/types\/product"}],"replies":[{"embeddable":true,"href":"https:\/\/avesaguiar.ch\/de\/wp-json\/wp\/v2\/comments?post=27346"}],"wp:featuredmedia":[{"embeddable":true,"href":"https:\/\/avesaguiar.ch\/de\/wp-json\/wp\/v2\/media\/23720"}],"wp:attachment":[{"href":"https:\/\/avesaguiar.ch\/de\/wp-json\/wp\/v2\/media?parent=27346"}],"wp:term":[{"taxonomy":"product_brand","embeddable":true,"href":"https:\/\/avesaguiar.ch\/de\/wp-json\/wp\/v2\/product_brand?post=27346"},{"taxonomy":"product_cat","embeddable":true,"href":"https:\/\/avesaguiar.ch\/de\/wp-json\/wp\/v2\/product_cat?post=27346"},{"taxonomy":"product_tag","embeddable":true,"href":"https:\/\/avesaguiar.ch\/de\/wp-json\/wp\/v2\/product_tag?post=27346"}],"curies":[{"name":"wp","href":"https:\/\/api.w.org\/{rel}","templated":true}]}}