{"id":27388,"date":"2025-01-09T22:05:18","date_gmt":"2025-01-09T22:05:18","guid":{"rendered":"https:\/\/avesaguiar.ch\/produit\/mineral-grit-reich-an-kalzium-voegel-660gr\/"},"modified":"2025-01-09T22:05:18","modified_gmt":"2025-01-09T22:05:18","slug":"mineral-grit-reich-an-kalzium-voegel-660gr","status":"publish","type":"product","link":"https:\/\/avesaguiar.ch\/de\/produit\/mineral-grit-reich-an-kalzium-voegel-660gr\/","title":{"rendered":"Mineral Grit (reich an Kalzium) V\u00f6gel 660Gr"},"content":{"rendered":"<p><span style=\"font-family: Calibri;\">Grit ist f\u00fcr eine gute Verdauung unerl\u00e4sslich. 660Gr <\/span><\/p>\n<p><span style=\"font-family: Calibri;\"><strong>Ist eine Mischung aus Grit, kleinen Muscheln und kleinen Korallen<\/strong>. Dar\u00fcber hinaus sorgt der Vogelgrit f\u00fcr <\/span><\/p>\n<p><span style=\"font-family: Calibri;\">die Assimilation der Nahrung und erleichtert die Verdauung. Das ganze Jahr \u00fcber ad libitum zur Verf\u00fcgung stellen.<\/span><\/p>\n<p>Analytische Bestandteile: <span style=\"font-family: Calibri;\">Rohasche 93,7%, Kalzium 25%, Phosphor 1,8%, Natrium 0,4%.<\/span><\/p>\n<p><span style=\"font-family: Calibri;\">Au\u00dferdem verleiht dieses Erg\u00e4nzungsfuttermittel den V\u00f6geln mehr Energie und h\u00e4lt sie gesund.<\/span><\/p>\n<p><span style=\"font-family: Calibri;\">was f\u00fcr die Entwicklung des Skeletts und das Schl\u00fcpfen von festen Eierschalen unerl\u00e4sslich ist.<\/span><\/p>\n<p><span style=\"font-family: Calibri;\">Das ganze Jahr \u00fcber zur Verf\u00fcgung stellen.<\/span><\/p>\n<p>&nbsp;<\/p>\n","protected":false},"excerpt":{"rendered":"<p>Grit ist f\u00fcr eine gute Verdauung unerl\u00e4sslich. 660Gr Ist eine Mischung aus Grit, kleinen Muscheln und kleinen Korallen. Dar\u00fcber hinaus sorgt der Vogelgrit f\u00fcr die Assimilation der Nahrung und erleichtert die Verdauung. Das ganze Jahr \u00fcber ad libitum zur Verf\u00fcgung stellen. Analytische Bestandteile: Rohasche 93,7%, Kalzium 25%, Phosphor 1,8%, Natrium 0,4%. Au\u00dferdem verleiht dieses Erg\u00e4nzungsfuttermittel [&hellip;]<\/p>\n","protected":false},"featured_media":23853,"comment_status":"open","ping_status":"closed","template":"","meta":[],"product_brand":[182],"product_cat":[246,325,254],"product_tag":[],"class_list":{"0":"post-27388","1":"product","2":"type-product","3":"status-publish","4":"has-post-thumbnail","6":"product_brand-beyers","7":"product_cat-nahrungserganzungsmittel-2","8":"product_cat-reinigung-hygiene-2","9":"product_cat-vogel","12":"first","13":"instock","14":"shipping-taxable","15":"purchasable","16":"product-type-simple"},"jetpack_sharing_enabled":true,"_links":{"self":[{"href":"https:\/\/avesaguiar.ch\/de\/wp-json\/wp\/v2\/product\/27388","targetHints":{"allow":["GET"]}}],"collection":[{"href":"https:\/\/avesaguiar.ch\/de\/wp-json\/wp\/v2\/product"}],"about":[{"href":"https:\/\/avesaguiar.ch\/de\/wp-json\/wp\/v2\/types\/product"}],"replies":[{"embeddable":true,"href":"https:\/\/avesaguiar.ch\/de\/wp-json\/wp\/v2\/comments?post=27388"}],"wp:featuredmedia":[{"embeddable":true,"href":"https:\/\/avesaguiar.ch\/de\/wp-json\/wp\/v2\/media\/23853"}],"wp:attachment":[{"href":"https:\/\/avesaguiar.ch\/de\/wp-json\/wp\/v2\/media?parent=27388"}],"wp:term":[{"taxonomy":"product_brand","embeddable":true,"href":"https:\/\/avesaguiar.ch\/de\/wp-json\/wp\/v2\/product_brand?post=27388"},{"taxonomy":"product_cat","embeddable":true,"href":"https:\/\/avesaguiar.ch\/de\/wp-json\/wp\/v2\/product_cat?post=27388"},{"taxonomy":"product_tag","embeddable":true,"href":"https:\/\/avesaguiar.ch\/de\/wp-json\/wp\/v2\/product_tag?post=27388"}],"curies":[{"name":"wp","href":"https:\/\/api.w.org\/{rel}","templated":true}]}}