{"id":27395,"date":"2025-01-10T19:32:04","date_gmt":"2025-01-10T19:32:04","guid":{"rendered":"https:\/\/avesaguiar.ch\/produit\/tintenfischknochen-200g\/"},"modified":"2025-01-10T19:32:04","modified_gmt":"2025-01-10T19:32:04","slug":"tintenfischknochen-200g","status":"publish","type":"product","link":"https:\/\/avesaguiar.ch\/de\/produit\/tintenfischknochen-200g\/","title":{"rendered":"Tintenfischknochen 200g"},"content":{"rendered":"<div id=\"tabs\" class=\"htabs\">Nahrungserg\u00e4nzungsmittel, das zu einer ausgewogenen Ern\u00e4hrung von Pick und Schnabel beitr\u00e4gt.<\/div>\n<div id=\"tab-description\" class=\"tab-content\">\n<p><span lang=\"EN-US\">Packung mit ca. 200 g. In Gro\u00dfpackungen. <\/span><\/p>\n<\/div>\n","protected":false},"excerpt":{"rendered":"<p>Nahrungserg\u00e4nzungsmittel, das zu einer ausgewogenen Ern\u00e4hrung von Pick und Schnabel beitr\u00e4gt. Packung mit ca. 200 g. In Gro\u00dfpackungen.<\/p>\n","protected":false},"featured_media":23903,"comment_status":"open","ping_status":"closed","template":"","meta":[],"product_brand":[60],"product_cat":[246,254],"product_tag":[],"class_list":{"0":"post-27395","1":"product","2":"type-product","3":"status-publish","4":"has-post-thumbnail","6":"product_brand-raggio-di-sole","7":"product_cat-nahrungserganzungsmittel-2","8":"product_cat-vogel","11":"first","12":"instock","13":"shipping-taxable","14":"purchasable","15":"product-type-simple"},"jetpack_sharing_enabled":true,"_links":{"self":[{"href":"https:\/\/avesaguiar.ch\/de\/wp-json\/wp\/v2\/product\/27395","targetHints":{"allow":["GET"]}}],"collection":[{"href":"https:\/\/avesaguiar.ch\/de\/wp-json\/wp\/v2\/product"}],"about":[{"href":"https:\/\/avesaguiar.ch\/de\/wp-json\/wp\/v2\/types\/product"}],"replies":[{"embeddable":true,"href":"https:\/\/avesaguiar.ch\/de\/wp-json\/wp\/v2\/comments?post=27395"}],"wp:featuredmedia":[{"embeddable":true,"href":"https:\/\/avesaguiar.ch\/de\/wp-json\/wp\/v2\/media\/23903"}],"wp:attachment":[{"href":"https:\/\/avesaguiar.ch\/de\/wp-json\/wp\/v2\/media?parent=27395"}],"wp:term":[{"taxonomy":"product_brand","embeddable":true,"href":"https:\/\/avesaguiar.ch\/de\/wp-json\/wp\/v2\/product_brand?post=27395"},{"taxonomy":"product_cat","embeddable":true,"href":"https:\/\/avesaguiar.ch\/de\/wp-json\/wp\/v2\/product_cat?post=27395"},{"taxonomy":"product_tag","embeddable":true,"href":"https:\/\/avesaguiar.ch\/de\/wp-json\/wp\/v2\/product_tag?post=27395"}],"curies":[{"name":"wp","href":"https:\/\/api.w.org\/{rel}","templated":true}]}}