{"id":27396,"date":"2025-01-10T19:50:01","date_gmt":"2025-01-10T19:50:01","guid":{"rendered":"https:\/\/avesaguiar.ch\/produit\/millet-grappe-chinesisch-rot\/"},"modified":"2025-01-10T19:50:01","modified_gmt":"2025-01-10T19:50:01","slug":"millet-grappe-chinesisch-rot","status":"publish","type":"product","link":"https:\/\/avesaguiar.ch\/de\/produit\/millet-grappe-chinesisch-rot\/","title":{"rendered":"Millet- Grappe Chinesisch Rot"},"content":{"rendered":"<p>Rispenhirse Chinesisch Rot.<\/p>\n<p>Rispenhirse ist das Grundfutter f\u00fcr alle V\u00f6gel.<\/p>\n<p>Es ist reich an Proteinen und Kohlenhydraten und enth\u00e4lt au\u00dferdem eine gro\u00dfe Anzahl von Aminos\u00e4uren.<\/p>\n<p>Rispenhirse ist ideal, um Ihre V\u00f6gel abzulenken und so das Federpicken zu vermeiden.<\/p>\n<p>Rote Hirse ist eine gute Quelle f\u00fcr Vitamine und Mineralien. Sie ist bei allen V\u00f6geln beliebt. <\/p>\n<p>&nbsp;<\/p>\n","protected":false},"excerpt":{"rendered":"<p>Rispenhirse Chinesisch Rot. Rispenhirse ist das Grundfutter f\u00fcr alle V\u00f6gel. Es ist reich an Proteinen und Kohlenhydraten und enth\u00e4lt au\u00dferdem eine gro\u00dfe Anzahl von Aminos\u00e4uren. Rispenhirse ist ideal, um Ihre V\u00f6gel abzulenken und so das Federpicken zu vermeiden. Rote Hirse ist eine gute Quelle f\u00fcr Vitamine und Mineralien. Sie ist bei allen V\u00f6geln beliebt. &nbsp;<\/p>\n","protected":false},"featured_media":28602,"comment_status":"open","ping_status":"closed","template":"","meta":[],"product_brand":[182],"product_cat":[245,246,254],"product_tag":[],"class_list":{"0":"post-27396","1":"product","2":"type-product","3":"status-publish","4":"has-post-thumbnail","6":"product_brand-beyers","7":"product_cat-lebensmittel-2","8":"product_cat-nahrungserganzungsmittel-2","9":"product_cat-vogel","12":"first","13":"instock","14":"shipping-taxable","15":"purchasable","16":"product-type-variable"},"jetpack_sharing_enabled":true,"_links":{"self":[{"href":"https:\/\/avesaguiar.ch\/de\/wp-json\/wp\/v2\/product\/27396","targetHints":{"allow":["GET"]}}],"collection":[{"href":"https:\/\/avesaguiar.ch\/de\/wp-json\/wp\/v2\/product"}],"about":[{"href":"https:\/\/avesaguiar.ch\/de\/wp-json\/wp\/v2\/types\/product"}],"replies":[{"embeddable":true,"href":"https:\/\/avesaguiar.ch\/de\/wp-json\/wp\/v2\/comments?post=27396"}],"wp:featuredmedia":[{"embeddable":true,"href":"https:\/\/avesaguiar.ch\/de\/wp-json\/wp\/v2\/media\/28602"}],"wp:attachment":[{"href":"https:\/\/avesaguiar.ch\/de\/wp-json\/wp\/v2\/media?parent=27396"}],"wp:term":[{"taxonomy":"product_brand","embeddable":true,"href":"https:\/\/avesaguiar.ch\/de\/wp-json\/wp\/v2\/product_brand?post=27396"},{"taxonomy":"product_cat","embeddable":true,"href":"https:\/\/avesaguiar.ch\/de\/wp-json\/wp\/v2\/product_cat?post=27396"},{"taxonomy":"product_tag","embeddable":true,"href":"https:\/\/avesaguiar.ch\/de\/wp-json\/wp\/v2\/product_tag?post=27396"}],"curies":[{"name":"wp","href":"https:\/\/api.w.org\/{rel}","templated":true}]}}