{"id":27523,"date":"2025-01-06T22:24:27","date_gmt":"2025-01-06T22:24:27","guid":{"rendered":"https:\/\/avesaguiar.ch\/produit\/kunststoff-nest\/"},"modified":"2025-01-06T22:24:27","modified_gmt":"2025-01-06T22:24:27","slug":"kunststoff-nest","status":"publish","type":"product","link":"https:\/\/avesaguiar.ch\/de\/produit\/kunststoff-nest\/","title":{"rendered":"Kunststoff-Nest"},"content":{"rendered":"<p>Kunststoff-Nistkasten f\u00fcr exotische V\u00f6gel.<\/p>\n<p>Hat eine abnehmbare Sitzstange an der Vorderseite und 2 Haken, um das Nest innerhalb oder au\u00dferhalb des K\u00e4figs aufzuh\u00e4ngen.<\/p>\n<p>Eine \u00d6ffnung an der Oberseite des Nistkastens erm\u00f6glicht einen leichten Zugang zum Nest.<\/p>\n<p>Abmessungen: 13 x 10 x 9,5 cm.<\/p>\n","protected":false},"excerpt":{"rendered":"<p>Kunststoff-Nistkasten f\u00fcr exotische V\u00f6gel. Hat eine abnehmbare Sitzstange an der Vorderseite und 2 Haken, um das Nest innerhalb oder au\u00dferhalb des K\u00e4figs aufzuh\u00e4ngen. Eine \u00d6ffnung an der Oberseite des Nistkastens erm\u00f6glicht einen leichten Zugang zum Nest. Abmessungen: 13 x 10 x 9,5 cm.<\/p>\n","protected":false},"featured_media":23352,"comment_status":"open","ping_status":"closed","template":"","meta":[],"product_brand":[61],"product_cat":[301,254],"product_tag":[],"class_list":{"0":"post-27523","1":"product","2":"type-product","3":"status-publish","4":"has-post-thumbnail","6":"product_brand-2gr","7":"product_cat-nester-und-materialien","8":"product_cat-vogel","9":"product_shipping_class-postpac-economy-900g","12":"first","13":"instock","14":"shipping-taxable","15":"purchasable","16":"product-type-simple"},"jetpack_sharing_enabled":true,"_links":{"self":[{"href":"https:\/\/avesaguiar.ch\/de\/wp-json\/wp\/v2\/product\/27523","targetHints":{"allow":["GET"]}}],"collection":[{"href":"https:\/\/avesaguiar.ch\/de\/wp-json\/wp\/v2\/product"}],"about":[{"href":"https:\/\/avesaguiar.ch\/de\/wp-json\/wp\/v2\/types\/product"}],"replies":[{"embeddable":true,"href":"https:\/\/avesaguiar.ch\/de\/wp-json\/wp\/v2\/comments?post=27523"}],"wp:featuredmedia":[{"embeddable":true,"href":"https:\/\/avesaguiar.ch\/de\/wp-json\/wp\/v2\/media\/23352"}],"wp:attachment":[{"href":"https:\/\/avesaguiar.ch\/de\/wp-json\/wp\/v2\/media?parent=27523"}],"wp:term":[{"taxonomy":"product_brand","embeddable":true,"href":"https:\/\/avesaguiar.ch\/de\/wp-json\/wp\/v2\/product_brand?post=27523"},{"taxonomy":"product_cat","embeddable":true,"href":"https:\/\/avesaguiar.ch\/de\/wp-json\/wp\/v2\/product_cat?post=27523"},{"taxonomy":"product_tag","embeddable":true,"href":"https:\/\/avesaguiar.ch\/de\/wp-json\/wp\/v2\/product_tag?post=27523"}],"curies":[{"name":"wp","href":"https:\/\/api.w.org\/{rel}","templated":true}]}}